{"id":4759,"date":"2026-02-27T00:36:44","date_gmt":"2026-02-26T23:36:44","guid":{"rendered":"https:\/\/vizomix.hu\/termek\/zara-barna-kotott-melleny-felso\/"},"modified":"2026-03-18T13:19:04","modified_gmt":"2026-03-18T12:19:04","slug":"zara-barna-kotott-melleny-felso","status":"publish","type":"product","link":"https:\/\/vizomix.hu\/en\/product\/zara-barna-kotott-melleny-felso\/","title":{"rendered":"Zara barna k\u00f6t\u00f6tt mell\u00e9ny\/fels\u0151"},"content":{"rendered":"<p>Zara barna k\u00f6t\u00f6tt mell\u00e9ny \/ fels\u0151<\/p>\n<p>K\u00e9nyelmes \u00e9s sokoldal\u00fa darab a h\u0171v\u00f6sebb napokra. A puha k\u00f6t\u00f6tt anyag kellemes viseletet biztos\u00edt, a mell\u00e9ny\/fels\u0151 fazon pedig k\u00f6nnyen vari\u00e1lhat\u00f3 m\u00e1s ruhadarabokkal.<\/p>\n<p>A barna \u00e1rnyalat id\u0151t\u00e1ll\u00f3 \u00e9s st\u00edlusos \u2013 t\u00f6k\u00e9letes v\u00e1laszt\u00e1s casual vagy eleg\u00e1ns h\u00e9tk\u00f6znapi outfitekhez.<br \/>\nM\u00e9retez\u00e9s: m\u00e9reth\u0171<\/p>","protected":false},"excerpt":{"rendered":"<p>Zara barna k\u00f6t\u00f6tt mell\u00e9ny \/ fels\u0151 K\u00e9nyelmes \u00e9s sokoldal\u00fa darab a h\u0171v\u00f6sebb napokra. A puha k\u00f6t\u00f6tt anyag kellemes viseletet biztos\u00edt,<a class=\"read-more\" href=\"https:\/\/vizomix.hu\/en\/product\/zara-barna-kotott-melleny-felso\/\">Tov\u00e1bb<\/a><\/p>","protected":false},"featured_media":4757,"comment_status":"open","ping_status":"closed","template":"","meta":[],"product_brand":[76],"product_cat":[37],"product_tag":[],"class_list":{"0":"post-4759","1":"product","2":"type-product","3":"status-publish","4":"has-post-thumbnail","6":"product_brand-zara","7":"product_cat-mellenyek","9":"first","10":"instock","11":"taxable","12":"shipping-taxable","13":"purchasable","14":"product-type-variable","15":"add-to-wishlist-before_add_to_cart"},"supplier_id":null,"supplier_sku":"","barcode":null,"atum_controlled":true,"out_stock_date":null,"out_stock_threshold":null,"inheritable":false,"inbound_stock":0,"stock_on_hold":0,"sold_today":0,"sales_last_days":0,"reserved_stock":0,"customer_returns":0,"warehouse_damage":0,"lost_in_post":0,"other_logs":0,"out_stock_days":0,"lost_sales":0,"has_location":false,"update_date":"2026-03-18T12:19:05","atum_locations":[],"atum_stock_status":"instock","restock_status":false,"low_stock_amount":"","sales_update_date":"2026-03-17T19:15:08","calc_backorders":null,"_links":{"self":[{"href":"https:\/\/vizomix.hu\/en\/wp-json\/wp\/v2\/product\/4759","targetHints":{"allow":["GET"]}}],"collection":[{"href":"https:\/\/vizomix.hu\/en\/wp-json\/wp\/v2\/product"}],"about":[{"href":"https:\/\/vizomix.hu\/en\/wp-json\/wp\/v2\/types\/product"}],"replies":[{"embeddable":true,"href":"https:\/\/vizomix.hu\/en\/wp-json\/wp\/v2\/comments?post=4759"}],"wp:featuredmedia":[{"embeddable":true,"href":"https:\/\/vizomix.hu\/en\/wp-json\/wp\/v2\/media\/4757"}],"wp:attachment":[{"href":"https:\/\/vizomix.hu\/en\/wp-json\/wp\/v2\/media?parent=4759"}],"wp:term":[{"taxonomy":"product_brand","embeddable":true,"href":"https:\/\/vizomix.hu\/en\/wp-json\/wp\/v2\/product_brand?post=4759"},{"taxonomy":"product_cat","embeddable":true,"href":"https:\/\/vizomix.hu\/en\/wp-json\/wp\/v2\/product_cat?post=4759"},{"taxonomy":"product_tag","embeddable":true,"href":"https:\/\/vizomix.hu\/en\/wp-json\/wp\/v2\/product_tag?post=4759"}],"curies":[{"name":"wp","href":"https:\/\/api.w.org\/{rel}","templated":true}]}}