{"id":4734,"date":"2026-02-27T00:20:17","date_gmt":"2026-02-26T23:20:17","guid":{"rendered":"https:\/\/vizomix.hu\/termek\/zara-rozsaszin-kockas-puha-anyagu-oversize-ing\/"},"modified":"2026-03-18T13:19:04","modified_gmt":"2026-03-18T12:19:04","slug":"zara-rozsaszin-kockas-puha-anyagu-oversize-ing","status":"publish","type":"product","link":"https:\/\/vizomix.hu\/en\/product\/zara-rozsaszin-kockas-puha-anyagu-oversize-ing\/","title":{"rendered":"Zara r\u00f3zsasz\u00edn kock\u00e1s puha anyag\u00fa oversize ing"},"content":{"rendered":"<p>Zara r\u00f3zsasz\u00edn kock\u00e1s puha oversize ing<\/p>\n<p>K\u00e9nyelmes \u00e9s trendi darab a casual megjelen\u00e9shez. A puha anyag kellemes viseletet ad, az oversize fazon pedig laza, divatos sziluettet biztos\u00edt.<\/p>\n<p>A r\u00f3zsasz\u00edn kock\u00e1s mint\u00e1zat vid\u00e1m \u00e9s k\u00f6nnyen kombin\u00e1lhat\u00f3 \u2013 t\u00f6k\u00e9letes v\u00e1laszt\u00e1s h\u00e9tk\u00f6znapi szettekhez.<br \/>\nM\u00e9retez\u00e9s: nagyobb m\u00e9ret<\/p>","protected":false},"excerpt":{"rendered":"<p>Zara r\u00f3zsasz\u00edn kock\u00e1s puha oversize ing K\u00e9nyelmes \u00e9s trendi darab a casual megjelen\u00e9shez. A puha anyag kellemes viseletet ad, az<a class=\"read-more\" href=\"https:\/\/vizomix.hu\/en\/product\/zara-rozsaszin-kockas-puha-anyagu-oversize-ing\/\">Tov\u00e1bb<\/a><\/p>","protected":false},"featured_media":4732,"comment_status":"open","ping_status":"closed","template":"","meta":[],"product_brand":[76],"product_cat":[26],"product_tag":[],"class_list":{"0":"post-4734","1":"product","2":"type-product","3":"status-publish","4":"has-post-thumbnail","6":"product_brand-zara","7":"product_cat-ingek","9":"first","10":"instock","11":"taxable","12":"shipping-taxable","13":"purchasable","14":"product-type-variable","15":"add-to-wishlist-before_add_to_cart"},"supplier_id":null,"supplier_sku":"","barcode":null,"atum_controlled":true,"out_stock_date":null,"out_stock_threshold":null,"inheritable":false,"inbound_stock":0,"stock_on_hold":0,"sold_today":0,"sales_last_days":0,"reserved_stock":0,"customer_returns":0,"warehouse_damage":0,"lost_in_post":0,"other_logs":0,"out_stock_days":0,"lost_sales":0,"has_location":false,"update_date":"2026-03-18T12:19:05","atum_locations":[],"atum_stock_status":"instock","restock_status":false,"low_stock_amount":"","sales_update_date":"2026-03-17T19:15:08","calc_backorders":null,"_links":{"self":[{"href":"https:\/\/vizomix.hu\/en\/wp-json\/wp\/v2\/product\/4734","targetHints":{"allow":["GET"]}}],"collection":[{"href":"https:\/\/vizomix.hu\/en\/wp-json\/wp\/v2\/product"}],"about":[{"href":"https:\/\/vizomix.hu\/en\/wp-json\/wp\/v2\/types\/product"}],"replies":[{"embeddable":true,"href":"https:\/\/vizomix.hu\/en\/wp-json\/wp\/v2\/comments?post=4734"}],"wp:featuredmedia":[{"embeddable":true,"href":"https:\/\/vizomix.hu\/en\/wp-json\/wp\/v2\/media\/4732"}],"wp:attachment":[{"href":"https:\/\/vizomix.hu\/en\/wp-json\/wp\/v2\/media?parent=4734"}],"wp:term":[{"taxonomy":"product_brand","embeddable":true,"href":"https:\/\/vizomix.hu\/en\/wp-json\/wp\/v2\/product_brand?post=4734"},{"taxonomy":"product_cat","embeddable":true,"href":"https:\/\/vizomix.hu\/en\/wp-json\/wp\/v2\/product_cat?post=4734"},{"taxonomy":"product_tag","embeddable":true,"href":"https:\/\/vizomix.hu\/en\/wp-json\/wp\/v2\/product_tag?post=4734"}],"curies":[{"name":"wp","href":"https:\/\/api.w.org\/{rel}","templated":true}]}}