{"id":4730,"date":"2026-02-27T00:18:38","date_gmt":"2026-02-26T23:18:38","guid":{"rendered":"https:\/\/vizomix.hu\/termek\/zara-barna-velur-ruha-kabat-kotovel\/"},"modified":"2026-03-18T13:19:04","modified_gmt":"2026-03-18T12:19:04","slug":"zara-barna-velur-ruha-kabat-kotovel","status":"publish","type":"product","link":"https:\/\/vizomix.hu\/en\/product\/zara-barna-velur-ruha-kabat-kotovel\/","title":{"rendered":"Zara barna vel\u00far ruha\/kab\u00e1t k\u00f6t\u0151vel"},"content":{"rendered":"<p>Zara barna vel\u00far ruha \/ kab\u00e1t k\u00f6t\u0151vel<\/p>\n<p>St\u00edlusos \u00e9s sokoldal\u00fa darab, amelyet ruha vagy kab\u00e1tk\u00e9nt is viselhetsz. A vel\u00far anyag puha, pr\u00e9mium hat\u00e1st ad, m\u00edg a der\u00e9kk\u00f6t\u0151 hangs\u00falyozza az alakot.<\/p>\n<p>A barna \u00e1rnyalat meleg \u00e9s eleg\u00e1ns \u2013 t\u00f6k\u00e9letes v\u00e1laszt\u00e1s casual vagy eleg\u00e1ns outfitekhez egyar\u00e1nt.<br \/>\nM\u00e9retez\u00e9s: m\u00e9reth\u0171<\/p>","protected":false},"excerpt":{"rendered":"<p>Zara barna vel\u00far ruha \/ kab\u00e1t k\u00f6t\u0151vel St\u00edlusos \u00e9s sokoldal\u00fa darab, amelyet ruha vagy kab\u00e1tk\u00e9nt is viselhetsz. A vel\u00far anyag<a class=\"read-more\" href=\"https:\/\/vizomix.hu\/en\/product\/zara-barna-velur-ruha-kabat-kotovel\/\">Tov\u00e1bb<\/a><\/p>","protected":false},"featured_media":4727,"comment_status":"open","ping_status":"closed","template":"","meta":[],"product_brand":[76],"product_cat":[35],"product_tag":[],"class_list":{"0":"post-4730","1":"product","2":"type-product","3":"status-publish","4":"has-post-thumbnail","6":"product_brand-zara","7":"product_cat-atmeneti-kabatok","9":"first","10":"instock","11":"taxable","12":"shipping-taxable","13":"purchasable","14":"product-type-variable","15":"add-to-wishlist-before_add_to_cart"},"supplier_id":null,"supplier_sku":"","barcode":null,"atum_controlled":true,"out_stock_date":null,"out_stock_threshold":null,"inheritable":false,"inbound_stock":0,"stock_on_hold":0,"sold_today":0,"sales_last_days":0,"reserved_stock":0,"customer_returns":0,"warehouse_damage":0,"lost_in_post":0,"other_logs":0,"out_stock_days":0,"lost_sales":0,"has_location":false,"update_date":"2026-03-18T12:19:05","atum_locations":[],"atum_stock_status":"instock","restock_status":false,"low_stock_amount":"","sales_update_date":"2026-03-17T19:15:08","calc_backorders":null,"_links":{"self":[{"href":"https:\/\/vizomix.hu\/en\/wp-json\/wp\/v2\/product\/4730","targetHints":{"allow":["GET"]}}],"collection":[{"href":"https:\/\/vizomix.hu\/en\/wp-json\/wp\/v2\/product"}],"about":[{"href":"https:\/\/vizomix.hu\/en\/wp-json\/wp\/v2\/types\/product"}],"replies":[{"embeddable":true,"href":"https:\/\/vizomix.hu\/en\/wp-json\/wp\/v2\/comments?post=4730"}],"wp:featuredmedia":[{"embeddable":true,"href":"https:\/\/vizomix.hu\/en\/wp-json\/wp\/v2\/media\/4727"}],"wp:attachment":[{"href":"https:\/\/vizomix.hu\/en\/wp-json\/wp\/v2\/media?parent=4730"}],"wp:term":[{"taxonomy":"product_brand","embeddable":true,"href":"https:\/\/vizomix.hu\/en\/wp-json\/wp\/v2\/product_brand?post=4730"},{"taxonomy":"product_cat","embeddable":true,"href":"https:\/\/vizomix.hu\/en\/wp-json\/wp\/v2\/product_cat?post=4730"},{"taxonomy":"product_tag","embeddable":true,"href":"https:\/\/vizomix.hu\/en\/wp-json\/wp\/v2\/product_tag?post=4730"}],"curies":[{"name":"wp","href":"https:\/\/api.w.org\/{rel}","templated":true}]}}