{"id":4724,"date":"2026-02-27T00:16:29","date_gmt":"2026-02-26T23:16:29","guid":{"rendered":"https:\/\/vizomix.hu\/termek\/zara-feher-csodaszep-blezer-rovid-ruha\/"},"modified":"2026-03-18T13:19:04","modified_gmt":"2026-03-18T12:19:04","slug":"zara-feher-csodaszep-blezer-rovid-ruha","status":"publish","type":"product","link":"https:\/\/vizomix.hu\/en\/product\/zara-feher-csodaszep-blezer-rovid-ruha\/","title":{"rendered":"Zara feh\u00e9r csodasz\u00e9p bl\u00e9zer r\u00f6vid ruha"},"content":{"rendered":"<p>Zara feh\u00e9r csodasz\u00e9p bl\u00e9zer-ruha<\/p>\n<p>Eleg\u00e1ns \u00e9s n\u0151ies darab k\u00fcl\u00f6nleges alkalmakra. A bl\u00e9zer-ruha fazon kifinomult, letisztult sziluettet ad, a feh\u00e9r sz\u00edn pedig friss \u00e9s id\u0151t\u00e1ll\u00f3 hat\u00e1st biztos\u00edt.<\/p>\n<p>T\u00f6k\u00e9letes v\u00e1laszt\u00e1s esem\u00e9nyekre, est\u00e9kre vagy eleg\u00e1ns h\u00e9tk\u00f6znapi outfitekhez.<br \/>\nM\u00e9retez\u00e9s: m\u00e9reth\u0171<\/p>","protected":false},"excerpt":{"rendered":"<p>Zara feh\u00e9r csodasz\u00e9p bl\u00e9zer-ruha Eleg\u00e1ns \u00e9s n\u0151ies darab k\u00fcl\u00f6nleges alkalmakra. A bl\u00e9zer-ruha fazon kifinomult, letisztult sziluettet ad, a feh\u00e9r sz\u00edn<a class=\"read-more\" href=\"https:\/\/vizomix.hu\/en\/product\/zara-feher-csodaszep-blezer-rovid-ruha\/\">Tov\u00e1bb<\/a><\/p>","protected":false},"featured_media":4722,"comment_status":"open","ping_status":"closed","template":"","meta":[],"product_brand":[76],"product_cat":[34],"product_tag":[],"class_list":{"0":"post-4724","1":"product","2":"type-product","3":"status-publish","4":"has-post-thumbnail","6":"product_brand-zara","7":"product_cat-rovid-ruhak-overalok","9":"first","10":"instock","11":"taxable","12":"shipping-taxable","13":"purchasable","14":"product-type-variable","15":"add-to-wishlist-before_add_to_cart"},"supplier_id":null,"supplier_sku":"","barcode":null,"atum_controlled":true,"out_stock_date":null,"out_stock_threshold":null,"inheritable":false,"inbound_stock":0,"stock_on_hold":0,"sold_today":0,"sales_last_days":0,"reserved_stock":0,"customer_returns":0,"warehouse_damage":0,"lost_in_post":0,"other_logs":0,"out_stock_days":0,"lost_sales":0,"has_location":false,"update_date":"2026-03-18T12:19:05","atum_locations":[],"atum_stock_status":"instock","restock_status":false,"low_stock_amount":"","sales_update_date":"2026-03-17T19:15:08","calc_backorders":null,"_links":{"self":[{"href":"https:\/\/vizomix.hu\/en\/wp-json\/wp\/v2\/product\/4724","targetHints":{"allow":["GET"]}}],"collection":[{"href":"https:\/\/vizomix.hu\/en\/wp-json\/wp\/v2\/product"}],"about":[{"href":"https:\/\/vizomix.hu\/en\/wp-json\/wp\/v2\/types\/product"}],"replies":[{"embeddable":true,"href":"https:\/\/vizomix.hu\/en\/wp-json\/wp\/v2\/comments?post=4724"}],"wp:featuredmedia":[{"embeddable":true,"href":"https:\/\/vizomix.hu\/en\/wp-json\/wp\/v2\/media\/4722"}],"wp:attachment":[{"href":"https:\/\/vizomix.hu\/en\/wp-json\/wp\/v2\/media?parent=4724"}],"wp:term":[{"taxonomy":"product_brand","embeddable":true,"href":"https:\/\/vizomix.hu\/en\/wp-json\/wp\/v2\/product_brand?post=4724"},{"taxonomy":"product_cat","embeddable":true,"href":"https:\/\/vizomix.hu\/en\/wp-json\/wp\/v2\/product_cat?post=4724"},{"taxonomy":"product_tag","embeddable":true,"href":"https:\/\/vizomix.hu\/en\/wp-json\/wp\/v2\/product_tag?post=4724"}],"curies":[{"name":"wp","href":"https:\/\/api.w.org\/{rel}","templated":true}]}}