{"id":468,"date":"2026-02-10T15:17:11","date_gmt":"2026-02-10T14:17:11","guid":{"rendered":"https:\/\/vizomix.hu\/termek\/calvin-klein-jeans-ferfi-polo-4\/"},"modified":"2026-03-21T13:56:24","modified_gmt":"2026-03-21T12:56:24","slug":"calvin-klein-jeans-ferfi-polo-4","status":"publish","type":"product","link":"https:\/\/vizomix.hu\/en\/product\/calvin-klein-jeans-ferfi-polo-4\/","title":{"rendered":"Calvin Klein Jeans piros p\u00f3l\u00f3"},"content":{"rendered":"<p>Calvin Klein Jeans piros f\u00e9rfi p\u00f3l\u00f3 \u2013 karcs\u00fas\u00edtott fazon, C-nyakkal<\/p>\n<p>St\u00edlusos \u00e9s k\u00e9nyelmes alapdarab minden napra. Ez a karcs\u00fas\u00edtott fazon\u00fa Calvin Klein Jeans p\u00f3l\u00f3 narancss\u00e1rga sz\u00ednben, kerek nyak\u00fa kialak\u00edt\u00e1ssal rendelkezik, a mellmagass\u00e1gban pedig Calvin Klein Jeans m\u00e1rkajelz\u00e9s tal\u00e1lhat\u00f3.<\/p>\n<p>Anyaga 100% pamut, puha \u00e9s j\u00f3l szell\u0151z\u0151, \u00edgy eg\u00e9sz nap k\u00e9nyelmes viseletet biztos\u00edt. Farmerrel, chino nadr\u00e1ggal vagy h\u00e9tk\u00f6znapi szettek r\u00e9szek\u00e9nt egyar\u00e1nt hordhat\u00f3.<br \/>\nM\u00e9retez\u00e9s: m\u00e9reth\u0171<\/p>","protected":false},"excerpt":{"rendered":"<p>Calvin Klein Jeans piros f\u00e9rfi p\u00f3l\u00f3 \u2013 karcs\u00fas\u00edtott fazon, C-nyakkal St\u00edlusos \u00e9s k\u00e9nyelmes alapdarab minden napra. Ez a karcs\u00fas\u00edtott fazon\u00fa<a class=\"read-more\" href=\"https:\/\/vizomix.hu\/en\/product\/calvin-klein-jeans-ferfi-polo-4\/\">Tov\u00e1bb<\/a><\/p>","protected":false},"featured_media":6328,"comment_status":"open","ping_status":"closed","template":"","meta":[],"product_brand":[78],"product_cat":[121],"product_tag":[],"class_list":{"0":"post-468","1":"product","2":"type-product","3":"status-publish","4":"has-post-thumbnail","6":"product_brand-calvin-klein-jeans","7":"product_cat-felso-ruhazat-triko-polo-felsoresz","9":"first","10":"instock","11":"featured","12":"taxable","13":"shipping-taxable","14":"purchasable","15":"product-type-variable","16":"add-to-wishlist-before_add_to_cart"},"supplier_id":null,"supplier_sku":"","barcode":null,"atum_controlled":true,"out_stock_date":null,"out_stock_threshold":null,"inheritable":false,"inbound_stock":0,"stock_on_hold":0,"sold_today":0,"sales_last_days":1,"reserved_stock":0,"customer_returns":0,"warehouse_damage":0,"lost_in_post":0,"other_logs":0,"out_stock_days":0,"lost_sales":0,"has_location":false,"update_date":"2026-03-21T12:56:25","atum_locations":[],"atum_stock_status":"instock","restock_status":false,"low_stock_amount":"","sales_update_date":"2026-03-19T05:36:36","calc_backorders":null,"_links":{"self":[{"href":"https:\/\/vizomix.hu\/en\/wp-json\/wp\/v2\/product\/468","targetHints":{"allow":["GET"]}}],"collection":[{"href":"https:\/\/vizomix.hu\/en\/wp-json\/wp\/v2\/product"}],"about":[{"href":"https:\/\/vizomix.hu\/en\/wp-json\/wp\/v2\/types\/product"}],"replies":[{"embeddable":true,"href":"https:\/\/vizomix.hu\/en\/wp-json\/wp\/v2\/comments?post=468"}],"wp:featuredmedia":[{"embeddable":true,"href":"https:\/\/vizomix.hu\/en\/wp-json\/wp\/v2\/media\/6328"}],"wp:attachment":[{"href":"https:\/\/vizomix.hu\/en\/wp-json\/wp\/v2\/media?parent=468"}],"wp:term":[{"taxonomy":"product_brand","embeddable":true,"href":"https:\/\/vizomix.hu\/en\/wp-json\/wp\/v2\/product_brand?post=468"},{"taxonomy":"product_cat","embeddable":true,"href":"https:\/\/vizomix.hu\/en\/wp-json\/wp\/v2\/product_cat?post=468"},{"taxonomy":"product_tag","embeddable":true,"href":"https:\/\/vizomix.hu\/en\/wp-json\/wp\/v2\/product_tag?post=468"}],"curies":[{"name":"wp","href":"https:\/\/api.w.org\/{rel}","templated":true}]}}