{"id":4657,"date":"2026-02-26T23:12:41","date_gmt":"2026-02-26T22:12:41","guid":{"rendered":"https:\/\/vizomix.hu\/termek\/zara-uj-magas-dereku-hosszu-elegans-nadrag-ovvel\/"},"modified":"2026-03-18T13:19:04","modified_gmt":"2026-03-18T12:19:04","slug":"zara-uj-magas-dereku-hosszu-elegans-nadrag-ovvel","status":"publish","type":"product","link":"https:\/\/vizomix.hu\/en\/product\/zara-uj-magas-dereku-hosszu-elegans-nadrag-ovvel\/","title":{"rendered":"Zara \u00faj magas derek\u00fa hossz\u00fa eleg\u00e1ns nadr\u00e1g \u00f6vvel"},"content":{"rendered":"<p>Zara \u00faj magas derek\u00fa hossz\u00fa eleg\u00e1ns nadr\u00e1g \u00f6vvel<\/p>\n<p>Kifinomult \u00e9s n\u0151ies darab, amely eleg\u00e1ns megjelen\u00e9st biztos\u00edt. A magas derek\u00fa fazon optikailag hosszabb\u00edtja a l\u00e1bakat \u00e9s karcs\u00fas\u00edtja a sziluettet, m\u00edg a hozz\u00e1 j\u00e1r\u00f3 \u00f6v hangs\u00falyozza a der\u00e9kvonalat.<\/p>\n<p>T\u00f6k\u00e9letes v\u00e1laszt\u00e1s irodai, alkalmi vagy st\u00edlusos h\u00e9tk\u00f6znapi outfitekhez \u2013 k\u00f6nnyen kombin\u00e1lhat\u00f3 bl\u00fazokkal, bl\u00e9zerekkel \u00e9s eleg\u00e1ns fels\u0151kkel egyar\u00e1nt.<br \/>\nM\u00e9retez\u00e9s: kisebb m\u00e9ret<\/p>","protected":false},"excerpt":{"rendered":"<p>Zara \u00faj magas derek\u00fa hossz\u00fa eleg\u00e1ns nadr\u00e1g \u00f6vvel Kifinomult \u00e9s n\u0151ies darab, amely eleg\u00e1ns megjelen\u00e9st biztos\u00edt. A magas derek\u00fa fazon<a class=\"read-more\" href=\"https:\/\/vizomix.hu\/en\/product\/zara-uj-magas-dereku-hosszu-elegans-nadrag-ovvel\/\">Tov\u00e1bb<\/a><\/p>","protected":false},"featured_media":4651,"comment_status":"open","ping_status":"closed","template":"","meta":[],"product_brand":[76],"product_cat":[41],"product_tag":[],"class_list":{"0":"post-4657","1":"product","2":"type-product","3":"status-publish","4":"has-post-thumbnail","6":"product_brand-zara","7":"product_cat-hosszu-nadragok","9":"first","10":"instock","11":"taxable","12":"shipping-taxable","13":"purchasable","14":"product-type-variable","15":"add-to-wishlist-before_add_to_cart"},"supplier_id":null,"supplier_sku":"","barcode":null,"atum_controlled":true,"out_stock_date":null,"out_stock_threshold":null,"inheritable":false,"inbound_stock":null,"stock_on_hold":0,"sold_today":0,"sales_last_days":0,"reserved_stock":null,"customer_returns":null,"warehouse_damage":null,"lost_in_post":null,"other_logs":null,"out_stock_days":0,"lost_sales":0,"has_location":null,"update_date":"2026-03-18T12:19:06","atum_locations":[],"atum_stock_status":"instock","restock_status":false,"low_stock_amount":"","sales_update_date":"2026-03-17T19:15:08","calc_backorders":null,"_links":{"self":[{"href":"https:\/\/vizomix.hu\/en\/wp-json\/wp\/v2\/product\/4657","targetHints":{"allow":["GET"]}}],"collection":[{"href":"https:\/\/vizomix.hu\/en\/wp-json\/wp\/v2\/product"}],"about":[{"href":"https:\/\/vizomix.hu\/en\/wp-json\/wp\/v2\/types\/product"}],"replies":[{"embeddable":true,"href":"https:\/\/vizomix.hu\/en\/wp-json\/wp\/v2\/comments?post=4657"}],"wp:featuredmedia":[{"embeddable":true,"href":"https:\/\/vizomix.hu\/en\/wp-json\/wp\/v2\/media\/4651"}],"wp:attachment":[{"href":"https:\/\/vizomix.hu\/en\/wp-json\/wp\/v2\/media?parent=4657"}],"wp:term":[{"taxonomy":"product_brand","embeddable":true,"href":"https:\/\/vizomix.hu\/en\/wp-json\/wp\/v2\/product_brand?post=4657"},{"taxonomy":"product_cat","embeddable":true,"href":"https:\/\/vizomix.hu\/en\/wp-json\/wp\/v2\/product_cat?post=4657"},{"taxonomy":"product_tag","embeddable":true,"href":"https:\/\/vizomix.hu\/en\/wp-json\/wp\/v2\/product_tag?post=4657"}],"curies":[{"name":"wp","href":"https:\/\/api.w.org\/{rel}","templated":true}]}}