{"id":4626,"date":"2026-02-26T23:01:20","date_gmt":"2026-02-26T22:01:20","guid":{"rendered":"https:\/\/vizomix.hu\/termek\/zara-kremszinu-szukitett-szaten-rovid-ingruha\/"},"modified":"2026-03-18T13:19:04","modified_gmt":"2026-03-18T12:19:04","slug":"zara-kremszinu-szukitett-szaten-rovid-ingruha","status":"publish","type":"product","link":"https:\/\/vizomix.hu\/en\/product\/zara-kremszinu-szukitett-szaten-rovid-ingruha\/","title":{"rendered":"Zara kr\u00e9msz\u00edn\u0171 sz\u0171k\u00edtett szat\u00e9n r\u00f6vid ingruha"},"content":{"rendered":"<p>Zara kr\u00e9msz\u00edn\u0171 sz\u0171k\u00edtett szat\u00e9n r\u00f6vid ingruha<\/p>\n<p>Eleg\u00e1ns \u00e9s n\u0151ies darab k\u00fcl\u00f6nleges megjelen\u00e9shez. A szat\u00e9n anyag finoman f\u00e9nyes, l\u00e1gy es\u00e9s\u0171 hat\u00e1st ad, a sz\u0171k\u00edtett fazon pedig kiemeli az alakot.<\/p>\n<p>A kr\u00e9msz\u00edn\u0171 \u00e1rnyalat kifinomult \u00e9s sokoldal\u00faan kombin\u00e1lhat\u00f3 \u2013 t\u00f6k\u00e9letes v\u00e1laszt\u00e1s esti programokra vagy alkalmi outfitekhez.<br \/>\nM\u00e9retez\u00e9s: m\u00e9reth\u0171<\/p>","protected":false},"excerpt":{"rendered":"<p>Zara kr\u00e9msz\u00edn\u0171 sz\u0171k\u00edtett szat\u00e9n r\u00f6vid ingruha Eleg\u00e1ns \u00e9s n\u0151ies darab k\u00fcl\u00f6nleges megjelen\u00e9shez. A szat\u00e9n anyag finoman f\u00e9nyes, l\u00e1gy es\u00e9s\u0171 hat\u00e1st<a class=\"read-more\" href=\"https:\/\/vizomix.hu\/en\/product\/zara-kremszinu-szukitett-szaten-rovid-ingruha\/\">Tov\u00e1bb<\/a><\/p>","protected":false},"featured_media":4635,"comment_status":"open","ping_status":"closed","template":"","meta":[],"product_brand":[76],"product_cat":[34],"product_tag":[],"class_list":{"0":"post-4626","1":"product","2":"type-product","3":"status-publish","4":"has-post-thumbnail","6":"product_brand-zara","7":"product_cat-rovid-ruhak-overalok","9":"first","10":"instock","11":"taxable","12":"shipping-taxable","13":"purchasable","14":"product-type-variable","15":"add-to-wishlist-before_add_to_cart"},"supplier_id":null,"supplier_sku":"","barcode":null,"atum_controlled":true,"out_stock_date":null,"out_stock_threshold":null,"inheritable":false,"inbound_stock":null,"stock_on_hold":0,"sold_today":0,"sales_last_days":0,"reserved_stock":null,"customer_returns":null,"warehouse_damage":null,"lost_in_post":null,"other_logs":null,"out_stock_days":0,"lost_sales":0,"has_location":null,"update_date":"2026-03-18T12:19:06","atum_locations":[],"atum_stock_status":"instock","restock_status":false,"low_stock_amount":"","sales_update_date":"2026-03-17T19:15:08","calc_backorders":null,"_links":{"self":[{"href":"https:\/\/vizomix.hu\/en\/wp-json\/wp\/v2\/product\/4626","targetHints":{"allow":["GET"]}}],"collection":[{"href":"https:\/\/vizomix.hu\/en\/wp-json\/wp\/v2\/product"}],"about":[{"href":"https:\/\/vizomix.hu\/en\/wp-json\/wp\/v2\/types\/product"}],"replies":[{"embeddable":true,"href":"https:\/\/vizomix.hu\/en\/wp-json\/wp\/v2\/comments?post=4626"}],"wp:featuredmedia":[{"embeddable":true,"href":"https:\/\/vizomix.hu\/en\/wp-json\/wp\/v2\/media\/4635"}],"wp:attachment":[{"href":"https:\/\/vizomix.hu\/en\/wp-json\/wp\/v2\/media?parent=4626"}],"wp:term":[{"taxonomy":"product_brand","embeddable":true,"href":"https:\/\/vizomix.hu\/en\/wp-json\/wp\/v2\/product_brand?post=4626"},{"taxonomy":"product_cat","embeddable":true,"href":"https:\/\/vizomix.hu\/en\/wp-json\/wp\/v2\/product_cat?post=4626"},{"taxonomy":"product_tag","embeddable":true,"href":"https:\/\/vizomix.hu\/en\/wp-json\/wp\/v2\/product_tag?post=4626"}],"curies":[{"name":"wp","href":"https:\/\/api.w.org\/{rel}","templated":true}]}}