{"id":461,"date":"2026-02-10T13:34:04","date_gmt":"2026-02-10T12:34:04","guid":{"rendered":"https:\/\/vizomix.hu\/termek\/calvin-klein-jeans-ferfi-polo-3\/"},"modified":"2026-03-18T13:22:23","modified_gmt":"2026-03-18T12:22:23","slug":"calvin-klein-jeans-ferfi-polo-3","status":"publish","type":"product","link":"https:\/\/vizomix.hu\/en\/product\/calvin-klein-jeans-ferfi-polo-3\/","title":{"rendered":"Calvin Klein Jeans feh\u00e9r p\u00f3l\u00f3"},"content":{"rendered":"<p>Calvin Klein Jeans f\u00e9rfi feh\u00e9r p\u00f3l\u00f3 \u2013 norm\u00e1l szab\u00e1s, kerek nyakkal, mellr\u00e9szen apr\u00f3 mint\u00e1val<\/p>\n<p>Letisztult \u00e9s k\u00e9nyelmes alapdarab a mindennapokra. Ez a Calvin Klein Jeans feh\u00e9r p\u00f3l\u00f3 norm\u00e1l szab\u00e1s\u00fa, kerek nyak\u00fa kialak\u00edt\u00e1s\u00fa, \u00edgy \u00e1polt \u00e9s rendezett megjelen\u00e9st biztos\u00edt.<\/p>\n<p>A mellr\u00e9szen tal\u00e1lhat\u00f3 apr\u00f3 minta visszafogottan, m\u00e9gis st\u00edlusosan hangs\u00falyozza a m\u00e1rk\u00e1t.<\/p>\n<p>Anyaga 100% pamut, puha, j\u00f3l szell\u0151z\u0151 \u00e9s eg\u00e9sz nap k\u00e9nyelmes viselet. Farmerrel, chino nadr\u00e1ggal vagy h\u00e9tk\u00f6znapi szettekhez egyar\u00e1nt j\u00f3l kombin\u00e1lhat\u00f3.<br \/>\nM\u00e9retez\u00e9s: m\u00e9reth\u0171<\/p>","protected":false},"excerpt":{"rendered":"<p>Calvin Klein Jeans f\u00e9rfi feh\u00e9r p\u00f3l\u00f3 \u2013 norm\u00e1l szab\u00e1s, kerek nyakkal, mellr\u00e9szen apr\u00f3 mint\u00e1val Letisztult \u00e9s k\u00e9nyelmes alapdarab a mindennapokra.<a class=\"read-more\" href=\"https:\/\/vizomix.hu\/en\/product\/calvin-klein-jeans-ferfi-polo-3\/\">Tov\u00e1bb<\/a><\/p>","protected":false},"featured_media":459,"comment_status":"open","ping_status":"closed","template":"","meta":[],"product_brand":[78],"product_cat":[121],"product_tag":[],"class_list":{"0":"post-461","1":"product","2":"type-product","3":"status-publish","4":"has-post-thumbnail","6":"product_brand-calvin-klein-jeans","7":"product_cat-felso-ruhazat-triko-polo-felsoresz","9":"first","10":"instock","11":"taxable","12":"shipping-taxable","13":"purchasable","14":"product-type-variable","15":"add-to-wishlist-before_add_to_cart"},"supplier_id":null,"supplier_sku":"","barcode":null,"atum_controlled":true,"out_stock_date":null,"out_stock_threshold":null,"inheritable":false,"inbound_stock":0,"stock_on_hold":0,"sold_today":0,"sales_last_days":0,"reserved_stock":0,"customer_returns":0,"warehouse_damage":0,"lost_in_post":0,"other_logs":0,"out_stock_days":0,"lost_sales":0,"has_location":false,"update_date":"2026-03-18T12:22:24","atum_locations":[],"atum_stock_status":"instock","restock_status":false,"low_stock_amount":"","sales_update_date":"2026-03-17T19:15:20","calc_backorders":null,"_links":{"self":[{"href":"https:\/\/vizomix.hu\/en\/wp-json\/wp\/v2\/product\/461","targetHints":{"allow":["GET"]}}],"collection":[{"href":"https:\/\/vizomix.hu\/en\/wp-json\/wp\/v2\/product"}],"about":[{"href":"https:\/\/vizomix.hu\/en\/wp-json\/wp\/v2\/types\/product"}],"replies":[{"embeddable":true,"href":"https:\/\/vizomix.hu\/en\/wp-json\/wp\/v2\/comments?post=461"}],"wp:featuredmedia":[{"embeddable":true,"href":"https:\/\/vizomix.hu\/en\/wp-json\/wp\/v2\/media\/459"}],"wp:attachment":[{"href":"https:\/\/vizomix.hu\/en\/wp-json\/wp\/v2\/media?parent=461"}],"wp:term":[{"taxonomy":"product_brand","embeddable":true,"href":"https:\/\/vizomix.hu\/en\/wp-json\/wp\/v2\/product_brand?post=461"},{"taxonomy":"product_cat","embeddable":true,"href":"https:\/\/vizomix.hu\/en\/wp-json\/wp\/v2\/product_cat?post=461"},{"taxonomy":"product_tag","embeddable":true,"href":"https:\/\/vizomix.hu\/en\/wp-json\/wp\/v2\/product_tag?post=461"}],"curies":[{"name":"wp","href":"https:\/\/api.w.org\/{rel}","templated":true}]}}