{"id":4557,"date":"2026-02-26T22:22:17","date_gmt":"2026-02-26T21:22:17","guid":{"rendered":"https:\/\/vizomix.hu\/termek\/zara-szines-hosszu-tull-ruha-kivagott-hattal\/"},"modified":"2026-03-18T13:19:04","modified_gmt":"2026-03-18T12:19:04","slug":"zara-szines-hosszu-tull-ruha-kivagott-hattal","status":"publish","type":"product","link":"https:\/\/vizomix.hu\/en\/product\/zara-szines-hosszu-tull-ruha-kivagott-hattal\/","title":{"rendered":"Zara sz\u00ednes hossz\u00fa t\u00fcll ruha kiv\u00e1gott h\u00e1ttal"},"content":{"rendered":"<p>Zara sz\u00ednes hossz\u00fa t\u00fcll ruha kiv\u00e1gott h\u00e1ttal<\/p>\n<p>L\u00e9gies \u00e9s n\u0151ies darab k\u00fcl\u00f6nleges alkalmakra. A hossz\u00fa t\u00fcll anyag finoman esik, a sz\u00ednes \u00e1rnyalatok pedig vid\u00e1m, figyelemfelkelt\u0151 hat\u00e1st adnak.<\/p>\n<p>A kiv\u00e1gott h\u00e1ttal modern, mer\u00e9sz r\u00e9szletk\u00e9nt emeli ki a ruh\u00e1t \u2013 t\u00f6k\u00e9letes v\u00e1laszt\u00e1s esem\u00e9nyekre vagy esti programokra.<br \/>\nM\u00e9retez\u00e9s: kisebb m\u00e9ret<\/p>","protected":false},"excerpt":{"rendered":"<p>Zara sz\u00ednes hossz\u00fa t\u00fcll ruha kiv\u00e1gott h\u00e1ttal L\u00e9gies \u00e9s n\u0151ies darab k\u00fcl\u00f6nleges alkalmakra. A hossz\u00fa t\u00fcll anyag finoman esik, a<a class=\"read-more\" href=\"https:\/\/vizomix.hu\/en\/product\/zara-szines-hosszu-tull-ruha-kivagott-hattal\/\">Tov\u00e1bb<\/a><\/p>","protected":false},"featured_media":4555,"comment_status":"open","ping_status":"closed","template":"","meta":[],"product_brand":[76],"product_cat":[33],"product_tag":[],"class_list":{"0":"post-4557","1":"product","2":"type-product","3":"status-publish","4":"has-post-thumbnail","6":"product_brand-zara","7":"product_cat-hosszu-ruhak-midi-ruhak-overalok","9":"first","10":"instock","11":"taxable","12":"shipping-taxable","13":"purchasable","14":"product-type-variable","15":"add-to-wishlist-before_add_to_cart"},"supplier_id":null,"supplier_sku":"","barcode":null,"atum_controlled":true,"out_stock_date":null,"out_stock_threshold":null,"inheritable":false,"inbound_stock":0,"stock_on_hold":0,"sold_today":0,"sales_last_days":0,"reserved_stock":0,"customer_returns":0,"warehouse_damage":0,"lost_in_post":0,"other_logs":0,"out_stock_days":0,"lost_sales":0,"has_location":false,"update_date":"2026-03-18T12:19:06","atum_locations":[],"atum_stock_status":"instock","restock_status":false,"low_stock_amount":"","sales_update_date":"2026-03-17T19:15:08","calc_backorders":null,"_links":{"self":[{"href":"https:\/\/vizomix.hu\/en\/wp-json\/wp\/v2\/product\/4557","targetHints":{"allow":["GET"]}}],"collection":[{"href":"https:\/\/vizomix.hu\/en\/wp-json\/wp\/v2\/product"}],"about":[{"href":"https:\/\/vizomix.hu\/en\/wp-json\/wp\/v2\/types\/product"}],"replies":[{"embeddable":true,"href":"https:\/\/vizomix.hu\/en\/wp-json\/wp\/v2\/comments?post=4557"}],"wp:featuredmedia":[{"embeddable":true,"href":"https:\/\/vizomix.hu\/en\/wp-json\/wp\/v2\/media\/4555"}],"wp:attachment":[{"href":"https:\/\/vizomix.hu\/en\/wp-json\/wp\/v2\/media?parent=4557"}],"wp:term":[{"taxonomy":"product_brand","embeddable":true,"href":"https:\/\/vizomix.hu\/en\/wp-json\/wp\/v2\/product_brand?post=4557"},{"taxonomy":"product_cat","embeddable":true,"href":"https:\/\/vizomix.hu\/en\/wp-json\/wp\/v2\/product_cat?post=4557"},{"taxonomy":"product_tag","embeddable":true,"href":"https:\/\/vizomix.hu\/en\/wp-json\/wp\/v2\/product_tag?post=4557"}],"curies":[{"name":"wp","href":"https:\/\/api.w.org\/{rel}","templated":true}]}}