{"id":4547,"date":"2026-02-26T22:19:14","date_gmt":"2026-02-26T21:19:14","guid":{"rendered":"https:\/\/vizomix.hu\/termek\/zara-fekete-es-barna-rovid-mubor-szoknya-ovvel\/"},"modified":"2026-03-18T13:19:04","modified_gmt":"2026-03-18T12:19:04","slug":"zara-fekete-es-barna-rovid-mubor-szoknya-ovvel","status":"publish","type":"product","link":"https:\/\/vizomix.hu\/en\/product\/zara-fekete-es-barna-rovid-mubor-szoknya-ovvel\/","title":{"rendered":"Zara fekete \u00e9s barna r\u00f6vid m\u0171b\u0151r szoknya \u00f6vvel"},"content":{"rendered":"<p>Zara fekete\u2013barna r\u00f6vid m\u0171b\u0151r szoknya \u00f6vvel<\/p>\n<p>Vag\u00e1ny \u00e9s n\u0151ies darab a trendi megjelen\u00e9shez. A m\u0171b\u0151r anyag karakteres hat\u00e1st ad, a fekete\u2013barna sz\u00ednkombin\u00e1ci\u00f3 pedig egyedi, st\u00edlusos \u00f6sszhat\u00e1st biztos\u00edt.<\/p>\n<p>A der\u00e9kr\u00e9szen tal\u00e1lhat\u00f3 \u00f6v hangs\u00falyozza az alakot \u2013 t\u00f6k\u00e9letes v\u00e1laszt\u00e1s casual vagy felt\u0171n\u0151bb outfitekhez.<br \/>\nM\u00e9retez\u00e9s: m\u00e9reth\u0171<\/p>","protected":false},"excerpt":{"rendered":"<p>Zara fekete\u2013barna r\u00f6vid m\u0171b\u0151r szoknya \u00f6vvel Vag\u00e1ny \u00e9s n\u0151ies darab a trendi megjelen\u00e9shez. A m\u0171b\u0151r anyag karakteres hat\u00e1st ad, a<a class=\"read-more\" href=\"https:\/\/vizomix.hu\/en\/product\/zara-fekete-es-barna-rovid-mubor-szoknya-ovvel\/\">Tov\u00e1bb<\/a><\/p>","protected":false},"featured_media":4545,"comment_status":"open","ping_status":"closed","template":"","meta":[],"product_brand":[76],"product_cat":[28],"product_tag":[],"class_list":{"0":"post-4547","1":"product","2":"type-product","3":"status-publish","4":"has-post-thumbnail","6":"product_brand-zara","7":"product_cat-szoknyak-skortok","9":"first","10":"instock","11":"taxable","12":"shipping-taxable","13":"purchasable","14":"product-type-variable","15":"add-to-wishlist-before_add_to_cart"},"supplier_id":null,"supplier_sku":"","barcode":null,"atum_controlled":true,"out_stock_date":null,"out_stock_threshold":null,"inheritable":false,"inbound_stock":null,"stock_on_hold":0,"sold_today":0,"sales_last_days":0,"reserved_stock":null,"customer_returns":null,"warehouse_damage":null,"lost_in_post":null,"other_logs":null,"out_stock_days":0,"lost_sales":0,"has_location":null,"update_date":"2026-03-18T12:19:06","atum_locations":[],"atum_stock_status":"instock","restock_status":false,"low_stock_amount":"","sales_update_date":"2026-03-17T19:15:08","calc_backorders":null,"_links":{"self":[{"href":"https:\/\/vizomix.hu\/en\/wp-json\/wp\/v2\/product\/4547","targetHints":{"allow":["GET"]}}],"collection":[{"href":"https:\/\/vizomix.hu\/en\/wp-json\/wp\/v2\/product"}],"about":[{"href":"https:\/\/vizomix.hu\/en\/wp-json\/wp\/v2\/types\/product"}],"replies":[{"embeddable":true,"href":"https:\/\/vizomix.hu\/en\/wp-json\/wp\/v2\/comments?post=4547"}],"wp:featuredmedia":[{"embeddable":true,"href":"https:\/\/vizomix.hu\/en\/wp-json\/wp\/v2\/media\/4545"}],"wp:attachment":[{"href":"https:\/\/vizomix.hu\/en\/wp-json\/wp\/v2\/media?parent=4547"}],"wp:term":[{"taxonomy":"product_brand","embeddable":true,"href":"https:\/\/vizomix.hu\/en\/wp-json\/wp\/v2\/product_brand?post=4547"},{"taxonomy":"product_cat","embeddable":true,"href":"https:\/\/vizomix.hu\/en\/wp-json\/wp\/v2\/product_cat?post=4547"},{"taxonomy":"product_tag","embeddable":true,"href":"https:\/\/vizomix.hu\/en\/wp-json\/wp\/v2\/product_tag?post=4547"}],"curies":[{"name":"wp","href":"https:\/\/api.w.org\/{rel}","templated":true}]}}