{"id":4530,"date":"2026-02-26T22:11:28","date_gmt":"2026-02-26T21:11:28","guid":{"rendered":"https:\/\/vizomix.hu\/termek\/zara-bezs-gyapju-tartalmu-szovetkabat-arany-diszgombokkal\/"},"modified":"2026-03-18T13:19:04","modified_gmt":"2026-03-18T12:19:04","slug":"zara-bezs-gyapju-tartalmu-szovetkabat-arany-diszgombokkal","status":"publish","type":"product","link":"https:\/\/vizomix.hu\/en\/product\/zara-bezs-gyapju-tartalmu-szovetkabat-arany-diszgombokkal\/","title":{"rendered":"Zara b\u00e9zs gyapj\u00fa tartalm\u00fa sz\u00f6vetkab\u00e1t arany d\u00edszgombokkal"},"content":{"rendered":"<p>Zara b\u00e9zs gyapj\u00fa tartalm\u00fa sz\u00f6vetkab\u00e1t arany d\u00edszgombokkal<\/p>\n<p>Eleg\u00e1ns \u00e9s kifinomult darab a h\u0171v\u00f6sebb napokra. A gyapj\u00fa tartalm\u00fa sz\u00f6vet meleg, min\u0151s\u00e9gi viseletet biztos\u00edt, az arany d\u00edszgombok pedig st\u00edlusos, eleg\u00e1ns r\u00e9szletk\u00e9nt emelik ki.<\/p>\n<p>A b\u00e9zs \u00e1rnyalat k\u00f6nnyen kombin\u00e1lhat\u00f3 \u2013 ide\u00e1lis v\u00e1laszt\u00e1s irodai, alkalmi vagy h\u00e9tk\u00f6znapi szettekhez.<br \/>\nM\u00e9retez\u00e9s: m\u00e9reth\u0171<\/p>","protected":false},"excerpt":{"rendered":"<p>Zara b\u00e9zs gyapj\u00fa tartalm\u00fa sz\u00f6vetkab\u00e1t arany d\u00edszgombokkal Eleg\u00e1ns \u00e9s kifinomult darab a h\u0171v\u00f6sebb napokra. A gyapj\u00fa tartalm\u00fa sz\u00f6vet meleg, min\u0151s\u00e9gi<a class=\"read-more\" href=\"https:\/\/vizomix.hu\/en\/product\/zara-bezs-gyapju-tartalmu-szovetkabat-arany-diszgombokkal\/\">Tov\u00e1bb<\/a><\/p>","protected":false},"featured_media":4526,"comment_status":"open","ping_status":"closed","template":"","meta":[],"product_brand":[76],"product_cat":[23],"product_tag":[],"class_list":{"0":"post-4530","1":"product","2":"type-product","3":"status-publish","4":"has-post-thumbnail","6":"product_brand-zara","7":"product_cat-kabatok","9":"first","10":"instock","11":"taxable","12":"shipping-taxable","13":"purchasable","14":"product-type-variable","15":"add-to-wishlist-before_add_to_cart"},"supplier_id":null,"supplier_sku":"","barcode":null,"atum_controlled":true,"out_stock_date":null,"out_stock_threshold":null,"inheritable":false,"inbound_stock":0,"stock_on_hold":0,"sold_today":0,"sales_last_days":0,"reserved_stock":0,"customer_returns":0,"warehouse_damage":0,"lost_in_post":0,"other_logs":0,"out_stock_days":0,"lost_sales":0,"has_location":false,"update_date":"2026-03-18T12:19:06","atum_locations":[],"atum_stock_status":"instock","restock_status":false,"low_stock_amount":"","sales_update_date":"2026-03-17T19:15:08","calc_backorders":null,"_links":{"self":[{"href":"https:\/\/vizomix.hu\/en\/wp-json\/wp\/v2\/product\/4530","targetHints":{"allow":["GET"]}}],"collection":[{"href":"https:\/\/vizomix.hu\/en\/wp-json\/wp\/v2\/product"}],"about":[{"href":"https:\/\/vizomix.hu\/en\/wp-json\/wp\/v2\/types\/product"}],"replies":[{"embeddable":true,"href":"https:\/\/vizomix.hu\/en\/wp-json\/wp\/v2\/comments?post=4530"}],"wp:featuredmedia":[{"embeddable":true,"href":"https:\/\/vizomix.hu\/en\/wp-json\/wp\/v2\/media\/4526"}],"wp:attachment":[{"href":"https:\/\/vizomix.hu\/en\/wp-json\/wp\/v2\/media?parent=4530"}],"wp:term":[{"taxonomy":"product_brand","embeddable":true,"href":"https:\/\/vizomix.hu\/en\/wp-json\/wp\/v2\/product_brand?post=4530"},{"taxonomy":"product_cat","embeddable":true,"href":"https:\/\/vizomix.hu\/en\/wp-json\/wp\/v2\/product_cat?post=4530"},{"taxonomy":"product_tag","embeddable":true,"href":"https:\/\/vizomix.hu\/en\/wp-json\/wp\/v2\/product_tag?post=4530"}],"curies":[{"name":"wp","href":"https:\/\/api.w.org\/{rel}","templated":true}]}}