{"id":4524,"date":"2026-02-26T22:08:23","date_gmt":"2026-02-26T21:08:23","guid":{"rendered":"https:\/\/vizomix.hu\/termek\/zara-rovid-farmer-ingruha\/"},"modified":"2026-03-18T13:19:04","modified_gmt":"2026-03-18T12:19:04","slug":"zara-rovid-farmer-ingruha","status":"publish","type":"product","link":"https:\/\/vizomix.hu\/en\/product\/zara-rovid-farmer-ingruha\/","title":{"rendered":"Zara r\u00f6vid farmer ingruha"},"content":{"rendered":"<p>Zara r\u00f6vid farmer ingruha<\/p>\n<p>Casual \u00e9s trendi darab a mindennapokra. A farmer anyag id\u0151t\u00e1ll\u00f3 \u00e9s k\u00f6nnyen vari\u00e1lhat\u00f3, az ingruha fazon pedig laza, n\u0151ies megjelen\u00e9st biztos\u00edt.<\/p>\n<p>T\u00f6k\u00e9letes v\u00e1laszt\u00e1s h\u00e9tk\u00f6znapi szettekhez \u2013 viseld egyszer\u0171 kieg\u00e9sz\u00edt\u0151kkel vagy sportos cip\u0151vel.<br \/>\nM\u00e9retez\u00e9s: m\u00e9reth\u0171<\/p>","protected":false},"excerpt":{"rendered":"<p>Zara r\u00f6vid farmer ingruha Casual \u00e9s trendi darab a mindennapokra. A farmer anyag id\u0151t\u00e1ll\u00f3 \u00e9s k\u00f6nnyen vari\u00e1lhat\u00f3, az ingruha fazon<a class=\"read-more\" href=\"https:\/\/vizomix.hu\/en\/product\/zara-rovid-farmer-ingruha\/\">Tov\u00e1bb<\/a><\/p>","protected":false},"featured_media":4522,"comment_status":"open","ping_status":"closed","template":"","meta":[],"product_brand":[76],"product_cat":[34],"product_tag":[],"class_list":{"0":"post-4524","1":"product","2":"type-product","3":"status-publish","4":"has-post-thumbnail","6":"product_brand-zara","7":"product_cat-rovid-ruhak-overalok","9":"first","10":"instock","11":"taxable","12":"shipping-taxable","13":"purchasable","14":"product-type-variable","15":"add-to-wishlist-before_add_to_cart"},"supplier_id":null,"supplier_sku":"","barcode":null,"atum_controlled":true,"out_stock_date":null,"out_stock_threshold":null,"inheritable":false,"inbound_stock":null,"stock_on_hold":0,"sold_today":0,"sales_last_days":0,"reserved_stock":null,"customer_returns":null,"warehouse_damage":null,"lost_in_post":null,"other_logs":null,"out_stock_days":0,"lost_sales":0,"has_location":null,"update_date":"2026-03-18T12:19:06","atum_locations":[],"atum_stock_status":"instock","restock_status":false,"low_stock_amount":"","sales_update_date":"2026-03-17T19:15:07","calc_backorders":null,"_links":{"self":[{"href":"https:\/\/vizomix.hu\/en\/wp-json\/wp\/v2\/product\/4524","targetHints":{"allow":["GET"]}}],"collection":[{"href":"https:\/\/vizomix.hu\/en\/wp-json\/wp\/v2\/product"}],"about":[{"href":"https:\/\/vizomix.hu\/en\/wp-json\/wp\/v2\/types\/product"}],"replies":[{"embeddable":true,"href":"https:\/\/vizomix.hu\/en\/wp-json\/wp\/v2\/comments?post=4524"}],"wp:featuredmedia":[{"embeddable":true,"href":"https:\/\/vizomix.hu\/en\/wp-json\/wp\/v2\/media\/4522"}],"wp:attachment":[{"href":"https:\/\/vizomix.hu\/en\/wp-json\/wp\/v2\/media?parent=4524"}],"wp:term":[{"taxonomy":"product_brand","embeddable":true,"href":"https:\/\/vizomix.hu\/en\/wp-json\/wp\/v2\/product_brand?post=4524"},{"taxonomy":"product_cat","embeddable":true,"href":"https:\/\/vizomix.hu\/en\/wp-json\/wp\/v2\/product_cat?post=4524"},{"taxonomy":"product_tag","embeddable":true,"href":"https:\/\/vizomix.hu\/en\/wp-json\/wp\/v2\/product_tag?post=4524"}],"curies":[{"name":"wp","href":"https:\/\/api.w.org\/{rel}","templated":true}]}}