{"id":4515,"date":"2026-02-26T22:03:03","date_gmt":"2026-02-26T21:03:03","guid":{"rendered":"https:\/\/vizomix.hu\/termek\/zara-vekony-barna-es-fekete-kabat-hosszu-ruha-kotovel\/"},"modified":"2026-03-23T16:02:10","modified_gmt":"2026-03-23T15:02:10","slug":"zara-vekony-barna-es-fekete-kabat-hosszu-ruha-kotovel","status":"publish","type":"product","link":"https:\/\/vizomix.hu\/en\/product\/zara-vekony-barna-es-fekete-kabat-hosszu-ruha-kotovel\/","title":{"rendered":"Zara v\u00e9kony barna \u00e9s fekete kab\u00e1t\/hossz\u00fa ruha k\u00f6t\u0151vel"},"content":{"rendered":"<p>Zara v\u00e9kony barna\u2013fekete kab\u00e1t \/ hossz\u00fa ruha k\u00f6t\u0151vel<\/p>\n<p>St\u00edlusos \u00e9s sokoldal\u00fa darab, amit kab\u00e1tk\u00e9nt vagy hossz\u00fa ruhak\u00e9nt is viselhetsz. A v\u00e9kony kialak\u00edt\u00e1s k\u00e9nyelmes, k\u00f6nny\u0171 viseletet biztos\u00edt, a der\u00e9kk\u00f6t\u0151 pedig sz\u00e9pen form\u00e1lja az alakot.<\/p>\n<p>A barna \u00e9s fekete sz\u00edn kombin\u00e1ci\u00f3ja modern \u00e9s k\u00f6nnyen vari\u00e1lhat\u00f3 \u2013 ide\u00e1lis v\u00e1laszt\u00e1s casual vagy eleg\u00e1ns szettekhez egyar\u00e1nt.<br \/>\nM\u00e9retez\u00e9s: m\u00e9reth\u0171<\/p>","protected":false},"excerpt":{"rendered":"<p>Zara v\u00e9kony barna\u2013fekete kab\u00e1t \/ hossz\u00fa ruha k\u00f6t\u0151vel St\u00edlusos \u00e9s sokoldal\u00fa darab, amit kab\u00e1tk\u00e9nt vagy hossz\u00fa ruhak\u00e9nt is viselhetsz. A<a class=\"read-more\" href=\"https:\/\/vizomix.hu\/en\/product\/zara-vekony-barna-es-fekete-kabat-hosszu-ruha-kotovel\/\">Tov\u00e1bb<\/a><\/p>","protected":false},"featured_media":7301,"comment_status":"open","ping_status":"closed","template":"","meta":[],"product_brand":[76],"product_cat":[35],"product_tag":[],"class_list":{"0":"post-4515","1":"product","2":"type-product","3":"status-publish","4":"has-post-thumbnail","6":"product_brand-zara","7":"product_cat-atmeneti-kabatok","9":"first","10":"instock","11":"taxable","12":"shipping-taxable","13":"purchasable","14":"product-type-variable","15":"add-to-wishlist-before_add_to_cart"},"supplier_id":null,"supplier_sku":"","barcode":null,"atum_controlled":true,"out_stock_date":null,"out_stock_threshold":null,"inheritable":false,"inbound_stock":null,"stock_on_hold":0,"sold_today":0,"sales_last_days":0,"reserved_stock":null,"customer_returns":null,"warehouse_damage":null,"lost_in_post":null,"other_logs":null,"out_stock_days":0,"lost_sales":0,"has_location":null,"update_date":"2026-03-23T15:02:10","atum_locations":[],"atum_stock_status":"instock","restock_status":false,"low_stock_amount":"","sales_update_date":"2026-03-17T19:15:07","calc_backorders":null,"_links":{"self":[{"href":"https:\/\/vizomix.hu\/en\/wp-json\/wp\/v2\/product\/4515","targetHints":{"allow":["GET"]}}],"collection":[{"href":"https:\/\/vizomix.hu\/en\/wp-json\/wp\/v2\/product"}],"about":[{"href":"https:\/\/vizomix.hu\/en\/wp-json\/wp\/v2\/types\/product"}],"replies":[{"embeddable":true,"href":"https:\/\/vizomix.hu\/en\/wp-json\/wp\/v2\/comments?post=4515"}],"wp:featuredmedia":[{"embeddable":true,"href":"https:\/\/vizomix.hu\/en\/wp-json\/wp\/v2\/media\/7301"}],"wp:attachment":[{"href":"https:\/\/vizomix.hu\/en\/wp-json\/wp\/v2\/media?parent=4515"}],"wp:term":[{"taxonomy":"product_brand","embeddable":true,"href":"https:\/\/vizomix.hu\/en\/wp-json\/wp\/v2\/product_brand?post=4515"},{"taxonomy":"product_cat","embeddable":true,"href":"https:\/\/vizomix.hu\/en\/wp-json\/wp\/v2\/product_cat?post=4515"},{"taxonomy":"product_tag","embeddable":true,"href":"https:\/\/vizomix.hu\/en\/wp-json\/wp\/v2\/product_tag?post=4515"}],"curies":[{"name":"wp","href":"https:\/\/api.w.org\/{rel}","templated":true}]}}