{"id":4493,"date":"2026-02-26T21:50:56","date_gmt":"2026-02-26T20:50:56","guid":{"rendered":"https:\/\/vizomix.hu\/termek\/zara-kek-crop-texturalt-blezer-ezust-gombokkal\/"},"modified":"2026-03-18T13:19:36","modified_gmt":"2026-03-18T12:19:36","slug":"zara-kek-crop-texturalt-blezer-ezust-gombokkal","status":"publish","type":"product","link":"https:\/\/vizomix.hu\/en\/product\/zara-kek-crop-texturalt-blezer-ezust-gombokkal\/","title":{"rendered":"Zara k\u00e9k crop textur\u00e1lt bl\u00e9zer ez\u00fcst gombokkal"},"content":{"rendered":"<p>Zara k\u00e9k crop textur\u00e1lt bl\u00e9zer ez\u00fcst gombokkal<\/p>\n<p>Trendies \u00e9s n\u0151ies darab. A struktur\u00e1lt tweed\/textured anyag kifinomult hat\u00e1st ad, a crop fazon pedig modern, karcs\u00fas\u00edt\u00f3 sziluettet biztos\u00edt.<\/p>\n<p>Az ez\u00fcst gombok st\u00edlusos, felt\u0171n\u0151 r\u00e9szletk\u00e9nt emelik ki \u2013 t\u00f6k\u00e9letes v\u00e1laszt\u00e1s eleg\u00e1ns vagy casual outfitekhez is.<br \/>\nM\u00e9retez\u00e9s: m\u00e9reth\u0171<\/p>","protected":false},"excerpt":{"rendered":"<p>Zara k\u00e9k crop textur\u00e1lt bl\u00e9zer ez\u00fcst gombokkal Trendies \u00e9s n\u0151ies darab. A struktur\u00e1lt tweed\/textured anyag kifinomult hat\u00e1st ad, a crop<a class=\"read-more\" href=\"https:\/\/vizomix.hu\/en\/product\/zara-kek-crop-texturalt-blezer-ezust-gombokkal\/\">Tov\u00e1bb<\/a><\/p>","protected":false},"featured_media":4491,"comment_status":"open","ping_status":"closed","template":"","meta":[],"product_brand":[76],"product_cat":[38],"product_tag":[],"class_list":{"0":"post-4493","1":"product","2":"type-product","3":"status-publish","4":"has-post-thumbnail","6":"product_brand-zara","7":"product_cat-blezerek","9":"first","10":"instock","11":"taxable","12":"shipping-taxable","13":"purchasable","14":"product-type-variable","15":"add-to-wishlist-before_add_to_cart"},"supplier_id":null,"supplier_sku":"","barcode":null,"atum_controlled":true,"out_stock_date":null,"out_stock_threshold":null,"inheritable":false,"inbound_stock":null,"stock_on_hold":0,"sold_today":0,"sales_last_days":0,"reserved_stock":null,"customer_returns":null,"warehouse_damage":null,"lost_in_post":null,"other_logs":null,"out_stock_days":0,"lost_sales":0,"has_location":null,"update_date":"2026-03-18T12:19:38","atum_locations":[],"atum_stock_status":"instock","restock_status":false,"low_stock_amount":"","sales_update_date":"2026-03-17T19:15:08","calc_backorders":null,"_links":{"self":[{"href":"https:\/\/vizomix.hu\/en\/wp-json\/wp\/v2\/product\/4493","targetHints":{"allow":["GET"]}}],"collection":[{"href":"https:\/\/vizomix.hu\/en\/wp-json\/wp\/v2\/product"}],"about":[{"href":"https:\/\/vizomix.hu\/en\/wp-json\/wp\/v2\/types\/product"}],"replies":[{"embeddable":true,"href":"https:\/\/vizomix.hu\/en\/wp-json\/wp\/v2\/comments?post=4493"}],"wp:featuredmedia":[{"embeddable":true,"href":"https:\/\/vizomix.hu\/en\/wp-json\/wp\/v2\/media\/4491"}],"wp:attachment":[{"href":"https:\/\/vizomix.hu\/en\/wp-json\/wp\/v2\/media?parent=4493"}],"wp:term":[{"taxonomy":"product_brand","embeddable":true,"href":"https:\/\/vizomix.hu\/en\/wp-json\/wp\/v2\/product_brand?post=4493"},{"taxonomy":"product_cat","embeddable":true,"href":"https:\/\/vizomix.hu\/en\/wp-json\/wp\/v2\/product_cat?post=4493"},{"taxonomy":"product_tag","embeddable":true,"href":"https:\/\/vizomix.hu\/en\/wp-json\/wp\/v2\/product_tag?post=4493"}],"curies":[{"name":"wp","href":"https:\/\/api.w.org\/{rel}","templated":true}]}}