{"id":4460,"date":"2026-02-26T21:34:59","date_gmt":"2026-02-26T20:34:59","guid":{"rendered":"https:\/\/vizomix.hu\/termek\/zara-szurke-hosszu-limitalt-kiadasu-premium-szovetkabat-kotovel\/"},"modified":"2026-03-18T13:19:36","modified_gmt":"2026-03-18T12:19:36","slug":"zara-szurke-hosszu-limitalt-kiadasu-premium-szovetkabat-kotovel","status":"publish","type":"product","link":"https:\/\/vizomix.hu\/en\/product\/zara-szurke-hosszu-limitalt-kiadasu-premium-szovetkabat-kotovel\/","title":{"rendered":"Zara sz\u00fcrke hossz\u00fa limit\u00e1lt kiad\u00e1s\u00fa pr\u00e9mium sz\u00f6vetkab\u00e1t k\u00f6t\u0151vel"},"content":{"rendered":"<p>Zara sz\u00fcrke hossz\u00fa limit\u00e1lt kiad\u00e1s\u00fa pr\u00e9mium sz\u00f6vetkab\u00e1t k\u00f6t\u0151vel<\/p>\n<p>Exkluz\u00edv \u00e9s eleg\u00e1ns darab a h\u0171v\u00f6sebb id\u0151re. A pr\u00e9mium sz\u00f6vet min\u0151s\u00e9gi, kifinomult megjelen\u00e9st biztos\u00edt, a hossz\u00fa fazon pedig n\u0151ies, letisztult sziluettet ad.<\/p>\n<p>A der\u00e9kk\u00f6t\u0151 sz\u00e9pen form\u00e1lja az alakot, a sz\u00fcrke \u00e1rnyalat pedig id\u0151t\u00e1ll\u00f3 \u00e9s sokoldal\u00fa \u2013 t\u00f6k\u00e9letes v\u00e1laszt\u00e1s eleg\u00e1ns \u00e9s st\u00edlusos outfitekhez.<br \/>\nM\u00e9retez\u00e9s: m\u00e9reth\u0171<\/p>","protected":false},"excerpt":{"rendered":"<p>Zara sz\u00fcrke hossz\u00fa limit\u00e1lt kiad\u00e1s\u00fa pr\u00e9mium sz\u00f6vetkab\u00e1t k\u00f6t\u0151vel Exkluz\u00edv \u00e9s eleg\u00e1ns darab a h\u0171v\u00f6sebb id\u0151re. A pr\u00e9mium sz\u00f6vet min\u0151s\u00e9gi, kifinomult<a class=\"read-more\" href=\"https:\/\/vizomix.hu\/en\/product\/zara-szurke-hosszu-limitalt-kiadasu-premium-szovetkabat-kotovel\/\">Tov\u00e1bb<\/a><\/p>","protected":false},"featured_media":4458,"comment_status":"open","ping_status":"closed","template":"","meta":[],"product_brand":[76],"product_cat":[23],"product_tag":[],"class_list":{"0":"post-4460","1":"product","2":"type-product","3":"status-publish","4":"has-post-thumbnail","6":"product_brand-zara","7":"product_cat-kabatok","9":"first","10":"instock","11":"taxable","12":"shipping-taxable","13":"purchasable","14":"product-type-variable","15":"add-to-wishlist-before_add_to_cart"},"supplier_id":null,"supplier_sku":"","barcode":null,"atum_controlled":true,"out_stock_date":null,"out_stock_threshold":null,"inheritable":false,"inbound_stock":0,"stock_on_hold":0,"sold_today":0,"sales_last_days":0,"reserved_stock":0,"customer_returns":0,"warehouse_damage":0,"lost_in_post":0,"other_logs":0,"out_stock_days":0,"lost_sales":0,"has_location":false,"update_date":"2026-03-18T12:19:38","atum_locations":[],"atum_stock_status":"instock","restock_status":false,"low_stock_amount":"","sales_update_date":"2026-03-17T19:15:08","calc_backorders":null,"_links":{"self":[{"href":"https:\/\/vizomix.hu\/en\/wp-json\/wp\/v2\/product\/4460","targetHints":{"allow":["GET"]}}],"collection":[{"href":"https:\/\/vizomix.hu\/en\/wp-json\/wp\/v2\/product"}],"about":[{"href":"https:\/\/vizomix.hu\/en\/wp-json\/wp\/v2\/types\/product"}],"replies":[{"embeddable":true,"href":"https:\/\/vizomix.hu\/en\/wp-json\/wp\/v2\/comments?post=4460"}],"wp:featuredmedia":[{"embeddable":true,"href":"https:\/\/vizomix.hu\/en\/wp-json\/wp\/v2\/media\/4458"}],"wp:attachment":[{"href":"https:\/\/vizomix.hu\/en\/wp-json\/wp\/v2\/media?parent=4460"}],"wp:term":[{"taxonomy":"product_brand","embeddable":true,"href":"https:\/\/vizomix.hu\/en\/wp-json\/wp\/v2\/product_brand?post=4460"},{"taxonomy":"product_cat","embeddable":true,"href":"https:\/\/vizomix.hu\/en\/wp-json\/wp\/v2\/product_cat?post=4460"},{"taxonomy":"product_tag","embeddable":true,"href":"https:\/\/vizomix.hu\/en\/wp-json\/wp\/v2\/product_tag?post=4460"}],"curies":[{"name":"wp","href":"https:\/\/api.w.org\/{rel}","templated":true}]}}