{"id":4456,"date":"2026-02-26T21:32:23","date_gmt":"2026-02-26T20:32:23","guid":{"rendered":"https:\/\/vizomix.hu\/termek\/zara-szurke-feher-hosszu-nyaku-kotott-rovid-ruha\/"},"modified":"2026-03-19T15:20:20","modified_gmt":"2026-03-19T14:20:20","slug":"zara-szurke-feher-hosszu-nyaku-kotott-rovid-ruha","status":"publish","type":"product","link":"https:\/\/vizomix.hu\/en\/product\/zara-szurke-feher-hosszu-nyaku-kotott-rovid-ruha\/","title":{"rendered":"Zara sz\u00fcrke\/feh\u00e9r hossz\u00fa nyak\u00fa k\u00f6t\u00f6tt r\u00f6vid ruha"},"content":{"rendered":"<p>Zara sz\u00fcrke\u2013feh\u00e9r hossz\u00fa nyak\u00fa k\u00f6t\u00f6tt r\u00f6vid ruha<\/p>\n<p>K\u00e9nyelmes \u00e9s trendi darab a h\u0171v\u00f6sebb napokra. A hossz\u00fa nyak\u00fa, puha k\u00f6t\u00f6tt anyag meleg viseletet biztos\u00edt, a r\u00f6vid fazon pedig n\u0151ies, modern sziluettet ad.<\/p>\n<p>A sz\u00fcrke\u2013feh\u00e9r sz\u00ednkombin\u00e1ci\u00f3 k\u00f6nnyen vari\u00e1lhat\u00f3 \u2013 t\u00f6k\u00e9letes v\u00e1laszt\u00e1s casual vagy eleg\u00e1ns kieg\u00e9sz\u00edt\u0151kkel is.<br \/>\nM\u00e9retez\u00e9s: m\u00e9reth\u0171<\/p>","protected":false},"excerpt":{"rendered":"<p>Zara sz\u00fcrke\u2013feh\u00e9r hossz\u00fa nyak\u00fa k\u00f6t\u00f6tt r\u00f6vid ruha K\u00e9nyelmes \u00e9s trendi darab a h\u0171v\u00f6sebb napokra. A hossz\u00fa nyak\u00fa, puha k\u00f6t\u00f6tt anyag<a class=\"read-more\" href=\"https:\/\/vizomix.hu\/en\/product\/zara-szurke-feher-hosszu-nyaku-kotott-rovid-ruha\/\">Tov\u00e1bb<\/a><\/p>","protected":false},"featured_media":6863,"comment_status":"open","ping_status":"closed","template":"","meta":[],"product_brand":[76],"product_cat":[34],"product_tag":[],"class_list":{"0":"post-4456","1":"product","2":"type-product","3":"status-publish","4":"has-post-thumbnail","6":"product_brand-zara","7":"product_cat-rovid-ruhak-overalok","9":"first","10":"instock","11":"taxable","12":"shipping-taxable","13":"purchasable","14":"product-type-variable","15":"add-to-wishlist-before_add_to_cart"},"supplier_id":null,"supplier_sku":"","barcode":null,"atum_controlled":true,"out_stock_date":null,"out_stock_threshold":null,"inheritable":false,"inbound_stock":null,"stock_on_hold":0,"sold_today":0,"sales_last_days":0,"reserved_stock":null,"customer_returns":null,"warehouse_damage":null,"lost_in_post":null,"other_logs":null,"out_stock_days":0,"lost_sales":0,"has_location":null,"update_date":"2026-03-19T14:20:20","atum_locations":[],"atum_stock_status":"instock","restock_status":false,"low_stock_amount":"","sales_update_date":"2026-03-17T19:15:08","calc_backorders":null,"_links":{"self":[{"href":"https:\/\/vizomix.hu\/en\/wp-json\/wp\/v2\/product\/4456","targetHints":{"allow":["GET"]}}],"collection":[{"href":"https:\/\/vizomix.hu\/en\/wp-json\/wp\/v2\/product"}],"about":[{"href":"https:\/\/vizomix.hu\/en\/wp-json\/wp\/v2\/types\/product"}],"replies":[{"embeddable":true,"href":"https:\/\/vizomix.hu\/en\/wp-json\/wp\/v2\/comments?post=4456"}],"wp:featuredmedia":[{"embeddable":true,"href":"https:\/\/vizomix.hu\/en\/wp-json\/wp\/v2\/media\/6863"}],"wp:attachment":[{"href":"https:\/\/vizomix.hu\/en\/wp-json\/wp\/v2\/media?parent=4456"}],"wp:term":[{"taxonomy":"product_brand","embeddable":true,"href":"https:\/\/vizomix.hu\/en\/wp-json\/wp\/v2\/product_brand?post=4456"},{"taxonomy":"product_cat","embeddable":true,"href":"https:\/\/vizomix.hu\/en\/wp-json\/wp\/v2\/product_cat?post=4456"},{"taxonomy":"product_tag","embeddable":true,"href":"https:\/\/vizomix.hu\/en\/wp-json\/wp\/v2\/product_tag?post=4456"}],"curies":[{"name":"wp","href":"https:\/\/api.w.org\/{rel}","templated":true}]}}