{"id":4449,"date":"2026-02-26T21:30:01","date_gmt":"2026-02-26T20:30:01","guid":{"rendered":"https:\/\/vizomix.hu\/termek\/zara-pezsgo-szinu-csinos-szaten-szoknya\/"},"modified":"2026-03-18T13:19:36","modified_gmt":"2026-03-18T12:19:36","slug":"zara-pezsgo-szinu-csinos-szaten-szoknya","status":"publish","type":"product","link":"https:\/\/vizomix.hu\/en\/product\/zara-pezsgo-szinu-csinos-szaten-szoknya\/","title":{"rendered":"Zara pezsg\u0151 sz\u00edn\u0171 csinos szat\u00e9n szoknya"},"content":{"rendered":"<p>Zara pezsg\u0151sz\u00edn\u0171 csinos szat\u00e9n szoknya<\/p>\n<p>Eleg\u00e1ns \u00e9s n\u0151ies darab k\u00fcl\u00f6nleges megjelen\u00e9shez. A szat\u00e9n anyag finoman f\u00e9nyes, l\u00e1gy es\u00e9s\u0171 hat\u00e1st ad, a pezsg\u0151 \u00e1rnyalat pedig kifinomult, \u00fcnnepi hangulatot k\u00f6lcs\u00f6n\u00f6z.<\/p>\n<p>T\u00f6k\u00e9letes v\u00e1laszt\u00e1s alkalmakra vagy sikkes h\u00e9tk\u00f6znapi \u00f6ssze\u00e1ll\u00edt\u00e1sokhoz.<br \/>\nM\u00e9retez\u00e9s: m\u00e9reth\u0171<\/p>","protected":false},"excerpt":{"rendered":"<p>Zara pezsg\u0151sz\u00edn\u0171 csinos szat\u00e9n szoknya Eleg\u00e1ns \u00e9s n\u0151ies darab k\u00fcl\u00f6nleges megjelen\u00e9shez. A szat\u00e9n anyag finoman f\u00e9nyes, l\u00e1gy es\u00e9s\u0171 hat\u00e1st ad,<a class=\"read-more\" href=\"https:\/\/vizomix.hu\/en\/product\/zara-pezsgo-szinu-csinos-szaten-szoknya\/\">Tov\u00e1bb<\/a><\/p>","protected":false},"featured_media":4447,"comment_status":"open","ping_status":"closed","template":"","meta":[],"product_brand":[76],"product_cat":[28],"product_tag":[],"class_list":{"0":"post-4449","1":"product","2":"type-product","3":"status-publish","4":"has-post-thumbnail","6":"product_brand-zara","7":"product_cat-szoknyak-skortok","9":"first","10":"instock","11":"taxable","12":"shipping-taxable","13":"purchasable","14":"product-type-variable","15":"add-to-wishlist-before_add_to_cart"},"supplier_id":null,"supplier_sku":"","barcode":null,"atum_controlled":true,"out_stock_date":null,"out_stock_threshold":null,"inheritable":false,"inbound_stock":null,"stock_on_hold":0,"sold_today":0,"sales_last_days":0,"reserved_stock":null,"customer_returns":null,"warehouse_damage":null,"lost_in_post":null,"other_logs":null,"out_stock_days":0,"lost_sales":0,"has_location":null,"update_date":"2026-03-18T12:19:38","atum_locations":[],"atum_stock_status":"instock","restock_status":false,"low_stock_amount":"","sales_update_date":"2026-03-17T19:15:08","calc_backorders":null,"_links":{"self":[{"href":"https:\/\/vizomix.hu\/en\/wp-json\/wp\/v2\/product\/4449","targetHints":{"allow":["GET"]}}],"collection":[{"href":"https:\/\/vizomix.hu\/en\/wp-json\/wp\/v2\/product"}],"about":[{"href":"https:\/\/vizomix.hu\/en\/wp-json\/wp\/v2\/types\/product"}],"replies":[{"embeddable":true,"href":"https:\/\/vizomix.hu\/en\/wp-json\/wp\/v2\/comments?post=4449"}],"wp:featuredmedia":[{"embeddable":true,"href":"https:\/\/vizomix.hu\/en\/wp-json\/wp\/v2\/media\/4447"}],"wp:attachment":[{"href":"https:\/\/vizomix.hu\/en\/wp-json\/wp\/v2\/media?parent=4449"}],"wp:term":[{"taxonomy":"product_brand","embeddable":true,"href":"https:\/\/vizomix.hu\/en\/wp-json\/wp\/v2\/product_brand?post=4449"},{"taxonomy":"product_cat","embeddable":true,"href":"https:\/\/vizomix.hu\/en\/wp-json\/wp\/v2\/product_cat?post=4449"},{"taxonomy":"product_tag","embeddable":true,"href":"https:\/\/vizomix.hu\/en\/wp-json\/wp\/v2\/product_tag?post=4449"}],"curies":[{"name":"wp","href":"https:\/\/api.w.org\/{rel}","templated":true}]}}