{"id":4431,"date":"2026-02-26T21:19:57","date_gmt":"2026-02-26T20:19:57","guid":{"rendered":"https:\/\/vizomix.hu\/termek\/zara-barna-es-ecru-szinu-velur-melleny-hosszu-ruha-kotovel\/"},"modified":"2026-03-18T13:19:36","modified_gmt":"2026-03-18T12:19:36","slug":"zara-barna-es-ecru-szinu-velur-melleny-hosszu-ruha-kotovel","status":"publish","type":"product","link":"https:\/\/vizomix.hu\/en\/product\/zara-barna-es-ecru-szinu-velur-melleny-hosszu-ruha-kotovel\/","title":{"rendered":"Zara barna \u00e9s ecr\u00fc sz\u00edn\u0171 vel\u00far mell\u00e9ny\/hossz\u00fa ruha k\u00f6t\u0151vel"},"content":{"rendered":"<p>Zara barna\u2013ecr\u00fc vel\u00far mell\u00e9ny \/ hossz\u00fa ruha k\u00f6t\u0151vel<\/p>\n<p>St\u00edlusos \u00e9s n\u0151ies darab k\u00e9tf\u00e9le viseletben. A vel\u00far anyag puha, pr\u00e9mium hat\u00e1st kelt, a barna \u00e9s ecr\u00fc sz\u00ednek pedig meleg, harmonikus \u00f6sszhat\u00e1st adnak.<\/p>\n<p>A mell\u00e9nyk\u00e9nt vagy hossz\u00fa ruhak\u00e9nt viselhet\u0151 fazonhoz j\u00e1r\u00f3 k\u00f6t\u0151 hangs\u00falyozza a der\u00e9kvonalat \u2013 t\u00f6k\u00e9letes v\u00e1laszt\u00e1s casual vagy eleg\u00e1ns szettekhez egyar\u00e1nt.<br \/>\nM\u00e9retez\u00e9s: m\u00e9reth\u0171<\/p>","protected":false},"excerpt":{"rendered":"<p>Zara barna\u2013ecr\u00fc vel\u00far mell\u00e9ny \/ hossz\u00fa ruha k\u00f6t\u0151vel St\u00edlusos \u00e9s n\u0151ies darab k\u00e9tf\u00e9le viseletben. A vel\u00far anyag puha, pr\u00e9mium hat\u00e1st<a class=\"read-more\" href=\"https:\/\/vizomix.hu\/en\/product\/zara-barna-es-ecru-szinu-velur-melleny-hosszu-ruha-kotovel\/\">Tov\u00e1bb<\/a><\/p>","protected":false},"featured_media":4428,"comment_status":"open","ping_status":"closed","template":"","meta":[],"product_brand":[76],"product_cat":[37],"product_tag":[],"class_list":{"0":"post-4431","1":"product","2":"type-product","3":"status-publish","4":"has-post-thumbnail","6":"product_brand-zara","7":"product_cat-mellenyek","9":"first","10":"instock","11":"taxable","12":"shipping-taxable","13":"purchasable","14":"product-type-variable","15":"add-to-wishlist-before_add_to_cart"},"supplier_id":null,"supplier_sku":"","barcode":null,"atum_controlled":true,"out_stock_date":null,"out_stock_threshold":null,"inheritable":false,"inbound_stock":0,"stock_on_hold":0,"sold_today":0,"sales_last_days":0,"reserved_stock":0,"customer_returns":0,"warehouse_damage":0,"lost_in_post":0,"other_logs":0,"out_stock_days":0,"lost_sales":0,"has_location":false,"update_date":"2026-03-18T12:19:38","atum_locations":[],"atum_stock_status":"instock","restock_status":false,"low_stock_amount":"","sales_update_date":"2026-03-17T19:15:08","calc_backorders":null,"_links":{"self":[{"href":"https:\/\/vizomix.hu\/en\/wp-json\/wp\/v2\/product\/4431","targetHints":{"allow":["GET"]}}],"collection":[{"href":"https:\/\/vizomix.hu\/en\/wp-json\/wp\/v2\/product"}],"about":[{"href":"https:\/\/vizomix.hu\/en\/wp-json\/wp\/v2\/types\/product"}],"replies":[{"embeddable":true,"href":"https:\/\/vizomix.hu\/en\/wp-json\/wp\/v2\/comments?post=4431"}],"wp:featuredmedia":[{"embeddable":true,"href":"https:\/\/vizomix.hu\/en\/wp-json\/wp\/v2\/media\/4428"}],"wp:attachment":[{"href":"https:\/\/vizomix.hu\/en\/wp-json\/wp\/v2\/media?parent=4431"}],"wp:term":[{"taxonomy":"product_brand","embeddable":true,"href":"https:\/\/vizomix.hu\/en\/wp-json\/wp\/v2\/product_brand?post=4431"},{"taxonomy":"product_cat","embeddable":true,"href":"https:\/\/vizomix.hu\/en\/wp-json\/wp\/v2\/product_cat?post=4431"},{"taxonomy":"product_tag","embeddable":true,"href":"https:\/\/vizomix.hu\/en\/wp-json\/wp\/v2\/product_tag?post=4431"}],"curies":[{"name":"wp","href":"https:\/\/api.w.org\/{rel}","templated":true}]}}