{"id":442,"date":"2026-02-10T13:15:52","date_gmt":"2026-02-10T12:15:52","guid":{"rendered":"https:\/\/vizomix.hu\/termek\/guess-ferfi-polo\/"},"modified":"2026-03-18T13:22:23","modified_gmt":"2026-03-18T12:22:23","slug":"guess-ferfi-polo","status":"publish","type":"product","link":"https:\/\/vizomix.hu\/en\/product\/guess-ferfi-polo\/","title":{"rendered":"Guess k\u00e9k p\u00f3l\u00f3"},"content":{"rendered":"<p>Guess f\u00e9rfi navy k\u00e9k p\u00f3l\u00f3 \u2013 karcs\u00fas\u00edtott norm\u00e1l szab\u00e1s, kerek nyakkal, kis log\u00f3val<\/p>\n<p>Letisztult \u00e9s k\u00e9nyelmes alapdarab minden napra. Ez a Guess f\u00e9rfi p\u00f3l\u00f3 s\u00f6t\u00e9tk\u00e9k sz\u00ednben, karcs\u00fas\u00edtott, norm\u00e1l szab\u00e1s\u00fa, kerek nyak\u00fa kialak\u00edt\u00e1s\u00fa, r\u00f6vid ujj\u00fa, sima fel\u00fclet\u0171, a mellr\u00e9szen pedig apr\u00f3 Guess log\u00f3 tal\u00e1lhat\u00f3, amely visszafogottan, m\u00e9gis st\u00edlusosan emeli ki a m\u00e1rk\u00e1t.<\/p>\n<p>Anyaga 50% bio pamut, 45% hagyom\u00e1nyos pamut \u00e9s 5% elaszt\u00e1n, \u00edgy puha, rugalmas \u00e9s k\u00e9nyelmes viselet eg\u00e9sz nap. Ide\u00e1lis v\u00e1laszt\u00e1s farmerhez, chino nadr\u00e1ghoz vagy sportosan eleg\u00e1ns szettekhez.<br \/>\nM\u00e9retez\u00e9s: m\u00e9reth\u0171<\/p>","protected":false},"excerpt":{"rendered":"<p>Guess f\u00e9rfi navy k\u00e9k p\u00f3l\u00f3 \u2013 karcs\u00fas\u00edtott norm\u00e1l szab\u00e1s, kerek nyakkal, kis log\u00f3val Letisztult \u00e9s k\u00e9nyelmes alapdarab minden napra. Ez<a class=\"read-more\" href=\"https:\/\/vizomix.hu\/en\/product\/guess-ferfi-polo\/\">Tov\u00e1bb<\/a><\/p>","protected":false},"featured_media":439,"comment_status":"open","ping_status":"closed","template":"","meta":[],"product_brand":[86],"product_cat":[121],"product_tag":[],"class_list":{"0":"post-442","1":"product","2":"type-product","3":"status-publish","4":"has-post-thumbnail","6":"product_brand-guess","7":"product_cat-felso-ruhazat-triko-polo-felsoresz","9":"first","10":"instock","11":"taxable","12":"shipping-taxable","13":"purchasable","14":"product-type-variable","15":"add-to-wishlist-before_add_to_cart"},"supplier_id":null,"supplier_sku":"","barcode":null,"atum_controlled":true,"out_stock_date":null,"out_stock_threshold":null,"inheritable":false,"inbound_stock":0,"stock_on_hold":0,"sold_today":0,"sales_last_days":0,"reserved_stock":0,"customer_returns":0,"warehouse_damage":0,"lost_in_post":0,"other_logs":0,"out_stock_days":0,"lost_sales":0,"has_location":false,"update_date":"2026-03-18T12:22:24","atum_locations":[],"atum_stock_status":"instock","restock_status":false,"low_stock_amount":"","sales_update_date":"2026-03-17T19:15:20","calc_backorders":null,"_links":{"self":[{"href":"https:\/\/vizomix.hu\/en\/wp-json\/wp\/v2\/product\/442","targetHints":{"allow":["GET"]}}],"collection":[{"href":"https:\/\/vizomix.hu\/en\/wp-json\/wp\/v2\/product"}],"about":[{"href":"https:\/\/vizomix.hu\/en\/wp-json\/wp\/v2\/types\/product"}],"replies":[{"embeddable":true,"href":"https:\/\/vizomix.hu\/en\/wp-json\/wp\/v2\/comments?post=442"}],"wp:featuredmedia":[{"embeddable":true,"href":"https:\/\/vizomix.hu\/en\/wp-json\/wp\/v2\/media\/439"}],"wp:attachment":[{"href":"https:\/\/vizomix.hu\/en\/wp-json\/wp\/v2\/media?parent=442"}],"wp:term":[{"taxonomy":"product_brand","embeddable":true,"href":"https:\/\/vizomix.hu\/en\/wp-json\/wp\/v2\/product_brand?post=442"},{"taxonomy":"product_cat","embeddable":true,"href":"https:\/\/vizomix.hu\/en\/wp-json\/wp\/v2\/product_cat?post=442"},{"taxonomy":"product_tag","embeddable":true,"href":"https:\/\/vizomix.hu\/en\/wp-json\/wp\/v2\/product_tag?post=442"}],"curies":[{"name":"wp","href":"https:\/\/api.w.org\/{rel}","templated":true}]}}