{"id":4419,"date":"2026-02-26T21:08:58","date_gmt":"2026-02-26T20:08:58","guid":{"rendered":"https:\/\/vizomix.hu\/termek\/zara-barna-53-gyapju-tartalmu-szovetkabat-arany-diszgombokkal\/"},"modified":"2026-03-30T23:24:45","modified_gmt":"2026-03-30T21:24:45","slug":"zara-barna-53-gyapju-tartalmu-szovetkabat-arany-diszgombokkal","status":"publish","type":"product","link":"https:\/\/vizomix.hu\/en\/product\/zara-barna-53-gyapju-tartalmu-szovetkabat-arany-diszgombokkal\/","title":{"rendered":"Zara barna 53% gyapj\u00fa tartalm\u00fa sz\u00f6vetkab\u00e1t arany d\u00edszgombokkal"},"content":{"rendered":"<p>Zara barna sz\u00f6vetkab\u00e1t \u2013 53% gyapj\u00fa tartalom, arany d\u00edszgombokkal<\/p>\n<p>Eleg\u00e1ns \u00e9s id\u0151t\u00e1ll\u00f3 darab a h\u0171v\u00f6sebb napokra. A 53% gyapj\u00fa tartalm\u00fa sz\u00f6vet melegebb, min\u0151s\u00e9gi \u00e9rzetet biztos\u00edt, az arany d\u00edszgombok pedig st\u00edlusos, kifinomult r\u00e9szletk\u00e9nt emelik ki.<\/p>\n<p>A barna \u00e1rnyalat k\u00f6nnyen kombin\u00e1lhat\u00f3 \u2013 t\u00f6k\u00e9letes v\u00e1laszt\u00e1s irodai, alkalmi vagy h\u00e9tk\u00f6znapi szettekhez.<br \/>\nM\u00e9retez\u00e9s: m\u00e9reth\u0171<\/p>","protected":false},"excerpt":{"rendered":"<p>Zara barna sz\u00f6vetkab\u00e1t \u2013 53% gyapj\u00fa tartalom, arany d\u00edszgombokkal Eleg\u00e1ns \u00e9s id\u0151t\u00e1ll\u00f3 darab a h\u0171v\u00f6sebb napokra. A 53% gyapj\u00fa tartalm\u00fa<a class=\"read-more\" href=\"https:\/\/vizomix.hu\/en\/product\/zara-barna-53-gyapju-tartalmu-szovetkabat-arany-diszgombokkal\/\">Tov\u00e1bb<\/a><\/p>","protected":false},"featured_media":4417,"comment_status":"open","ping_status":"closed","template":"","meta":[],"product_brand":[76],"product_cat":[23],"product_tag":[],"class_list":{"0":"post-4419","1":"product","2":"type-product","3":"status-publish","4":"has-post-thumbnail","6":"product_brand-zara","7":"product_cat-kabatok","9":"first","10":"instock","11":"taxable","12":"shipping-taxable","13":"purchasable","14":"product-type-variable","15":"add-to-wishlist-before_add_to_cart"},"supplier_id":null,"supplier_sku":"","barcode":null,"atum_controlled":true,"out_stock_date":null,"out_stock_threshold":null,"inheritable":false,"inbound_stock":0,"stock_on_hold":0,"sold_today":0,"sales_last_days":1,"reserved_stock":0,"customer_returns":0,"warehouse_damage":0,"lost_in_post":0,"other_logs":0,"out_stock_days":0,"lost_sales":0,"has_location":false,"update_date":"2026-04-01T13:25:38","atum_locations":[],"atum_stock_status":"instock","restock_status":false,"low_stock_amount":"","sales_update_date":"2026-03-17T19:15:08","calc_backorders":null,"_links":{"self":[{"href":"https:\/\/vizomix.hu\/en\/wp-json\/wp\/v2\/product\/4419","targetHints":{"allow":["GET"]}}],"collection":[{"href":"https:\/\/vizomix.hu\/en\/wp-json\/wp\/v2\/product"}],"about":[{"href":"https:\/\/vizomix.hu\/en\/wp-json\/wp\/v2\/types\/product"}],"replies":[{"embeddable":true,"href":"https:\/\/vizomix.hu\/en\/wp-json\/wp\/v2\/comments?post=4419"}],"wp:featuredmedia":[{"embeddable":true,"href":"https:\/\/vizomix.hu\/en\/wp-json\/wp\/v2\/media\/4417"}],"wp:attachment":[{"href":"https:\/\/vizomix.hu\/en\/wp-json\/wp\/v2\/media?parent=4419"}],"wp:term":[{"taxonomy":"product_brand","embeddable":true,"href":"https:\/\/vizomix.hu\/en\/wp-json\/wp\/v2\/product_brand?post=4419"},{"taxonomy":"product_cat","embeddable":true,"href":"https:\/\/vizomix.hu\/en\/wp-json\/wp\/v2\/product_cat?post=4419"},{"taxonomy":"product_tag","embeddable":true,"href":"https:\/\/vizomix.hu\/en\/wp-json\/wp\/v2\/product_tag?post=4419"}],"curies":[{"name":"wp","href":"https:\/\/api.w.org\/{rel}","templated":true}]}}