{"id":4395,"date":"2026-02-26T20:57:17","date_gmt":"2026-02-26T19:57:17","guid":{"rendered":"https:\/\/vizomix.hu\/termek\/zara-fekete-muborkabat-felso-csatokkal\/"},"modified":"2026-03-28T11:32:55","modified_gmt":"2026-03-28T10:32:55","slug":"zara-fekete-muborkabat-felso-csatokkal","status":"publish","type":"product","link":"https:\/\/vizomix.hu\/en\/product\/zara-fekete-muborkabat-felso-csatokkal\/","title":{"rendered":"Zara fekete m\u0171b\u00f6rkab\u00e1t csatokkal"},"content":{"rendered":"<p>Zara fekete m\u0171b\u0151r kab\u00e1t \/ fels\u0151 csatokkal<\/p>\n<p>Vag\u00e1ny \u00e9s trendi darab, amely karaktert visz a megjelen\u00e9sbe. A m\u0171b\u0151r anyag modern, hat\u00e1rozott st\u00edlust ad, a csatok pedig extra r\u00e9szletk\u00e9nt er\u0151s\u00edtik a rockos, cool hat\u00e1st.<\/p>\n<p>T\u00f6k\u00e9letes v\u00e1laszt\u00e1s lezser vagy felt\u0171n\u0151bb outfitekhez egyar\u00e1nt.<br \/>\nM\u00e9retez\u00e9s: kisebb m\u00e9ret<\/p>","protected":false},"excerpt":{"rendered":"<p>Zara fekete m\u0171b\u0151r kab\u00e1t \/ fels\u0151 csatokkal Vag\u00e1ny \u00e9s trendi darab, amely karaktert visz a megjelen\u00e9sbe. A m\u0171b\u0151r anyag modern,<a class=\"read-more\" href=\"https:\/\/vizomix.hu\/en\/product\/zara-fekete-muborkabat-felso-csatokkal\/\">Tov\u00e1bb<\/a><\/p>","protected":false},"featured_media":7049,"comment_status":"open","ping_status":"closed","template":"","meta":[],"product_brand":[76],"product_cat":[35],"product_tag":[],"class_list":{"0":"post-4395","1":"product","2":"type-product","3":"status-publish","4":"has-post-thumbnail","6":"product_brand-zara","7":"product_cat-atmeneti-kabatok","9":"first","10":"instock","11":"taxable","12":"shipping-taxable","13":"purchasable","14":"product-type-variable","15":"add-to-wishlist-before_add_to_cart"},"supplier_id":null,"supplier_sku":"","barcode":null,"atum_controlled":true,"out_stock_date":null,"out_stock_threshold":null,"inheritable":false,"inbound_stock":null,"stock_on_hold":0,"sold_today":0,"sales_last_days":0,"reserved_stock":null,"customer_returns":null,"warehouse_damage":null,"lost_in_post":null,"other_logs":null,"out_stock_days":0,"lost_sales":0,"has_location":null,"update_date":"2026-03-28T10:32:57","atum_locations":[],"atum_stock_status":"instock","restock_status":false,"low_stock_amount":"","sales_update_date":"2026-03-17T19:15:08","calc_backorders":null,"_links":{"self":[{"href":"https:\/\/vizomix.hu\/en\/wp-json\/wp\/v2\/product\/4395","targetHints":{"allow":["GET"]}}],"collection":[{"href":"https:\/\/vizomix.hu\/en\/wp-json\/wp\/v2\/product"}],"about":[{"href":"https:\/\/vizomix.hu\/en\/wp-json\/wp\/v2\/types\/product"}],"replies":[{"embeddable":true,"href":"https:\/\/vizomix.hu\/en\/wp-json\/wp\/v2\/comments?post=4395"}],"wp:featuredmedia":[{"embeddable":true,"href":"https:\/\/vizomix.hu\/en\/wp-json\/wp\/v2\/media\/7049"}],"wp:attachment":[{"href":"https:\/\/vizomix.hu\/en\/wp-json\/wp\/v2\/media?parent=4395"}],"wp:term":[{"taxonomy":"product_brand","embeddable":true,"href":"https:\/\/vizomix.hu\/en\/wp-json\/wp\/v2\/product_brand?post=4395"},{"taxonomy":"product_cat","embeddable":true,"href":"https:\/\/vizomix.hu\/en\/wp-json\/wp\/v2\/product_cat?post=4395"},{"taxonomy":"product_tag","embeddable":true,"href":"https:\/\/vizomix.hu\/en\/wp-json\/wp\/v2\/product_tag?post=4395"}],"curies":[{"name":"wp","href":"https:\/\/api.w.org\/{rel}","templated":true}]}}