{"id":4392,"date":"2026-02-26T20:55:21","date_gmt":"2026-02-26T19:55:21","guid":{"rendered":"https:\/\/vizomix.hu\/termek\/zara-fekete-oves-muborkabat\/"},"modified":"2026-03-18T13:19:36","modified_gmt":"2026-03-18T12:19:36","slug":"zara-fekete-oves-muborkabat","status":"publish","type":"product","link":"https:\/\/vizomix.hu\/en\/product\/zara-fekete-oves-muborkabat\/","title":{"rendered":"Zara fekete \u00f6ves m\u0171b\u0151rkab\u00e1t"},"content":{"rendered":"<p>Zara fekete \u00f6ves m\u0171b\u0151r kab\u00e1t \/ fels\u0151<\/p>\n<p>Vag\u00e1ny \u00e9s st\u00edlusos darab a trendi megjelen\u00e9shez. A m\u0171b\u0151r anyag karakteres, modern hat\u00e1st ad, az \u00f6v pedig sz\u00e9pen hangs\u00falyozza a derekat.<\/p>\n<p>T\u00f6k\u00e9letes v\u00e1laszt\u00e1s lezser vagy eleg\u00e1ns outfitekhez egyar\u00e1nt.<br \/>\nM\u00e9retez\u00e9s: m\u00e9reth\u0171<\/p>","protected":false},"excerpt":{"rendered":"<p>Zara fekete \u00f6ves m\u0171b\u0151r kab\u00e1t \/ fels\u0151 Vag\u00e1ny \u00e9s st\u00edlusos darab a trendi megjelen\u00e9shez. A m\u0171b\u0151r anyag karakteres, modern hat\u00e1st<a class=\"read-more\" href=\"https:\/\/vizomix.hu\/en\/product\/zara-fekete-oves-muborkabat\/\">Tov\u00e1bb<\/a><\/p>","protected":false},"featured_media":4390,"comment_status":"open","ping_status":"closed","template":"","meta":[],"product_brand":[76],"product_cat":[35],"product_tag":[],"class_list":{"0":"post-4392","1":"product","2":"type-product","3":"status-publish","4":"has-post-thumbnail","6":"product_brand-zara","7":"product_cat-atmeneti-kabatok","9":"first","10":"instock","11":"taxable","12":"shipping-taxable","13":"purchasable","14":"product-type-variable","15":"add-to-wishlist-before_add_to_cart"},"supplier_id":null,"supplier_sku":"","barcode":null,"atum_controlled":true,"out_stock_date":null,"out_stock_threshold":null,"inheritable":false,"inbound_stock":null,"stock_on_hold":0,"sold_today":0,"sales_last_days":0,"reserved_stock":null,"customer_returns":null,"warehouse_damage":null,"lost_in_post":null,"other_logs":null,"out_stock_days":0,"lost_sales":0,"has_location":null,"update_date":"2026-03-18T12:19:38","atum_locations":[],"atum_stock_status":"instock","restock_status":false,"low_stock_amount":"","sales_update_date":"2026-03-17T19:15:08","calc_backorders":null,"_links":{"self":[{"href":"https:\/\/vizomix.hu\/en\/wp-json\/wp\/v2\/product\/4392","targetHints":{"allow":["GET"]}}],"collection":[{"href":"https:\/\/vizomix.hu\/en\/wp-json\/wp\/v2\/product"}],"about":[{"href":"https:\/\/vizomix.hu\/en\/wp-json\/wp\/v2\/types\/product"}],"replies":[{"embeddable":true,"href":"https:\/\/vizomix.hu\/en\/wp-json\/wp\/v2\/comments?post=4392"}],"wp:featuredmedia":[{"embeddable":true,"href":"https:\/\/vizomix.hu\/en\/wp-json\/wp\/v2\/media\/4390"}],"wp:attachment":[{"href":"https:\/\/vizomix.hu\/en\/wp-json\/wp\/v2\/media?parent=4392"}],"wp:term":[{"taxonomy":"product_brand","embeddable":true,"href":"https:\/\/vizomix.hu\/en\/wp-json\/wp\/v2\/product_brand?post=4392"},{"taxonomy":"product_cat","embeddable":true,"href":"https:\/\/vizomix.hu\/en\/wp-json\/wp\/v2\/product_cat?post=4392"},{"taxonomy":"product_tag","embeddable":true,"href":"https:\/\/vizomix.hu\/en\/wp-json\/wp\/v2\/product_tag?post=4392"}],"curies":[{"name":"wp","href":"https:\/\/api.w.org\/{rel}","templated":true}]}}