{"id":4383,"date":"2026-02-26T20:50:33","date_gmt":"2026-02-26T19:50:33","guid":{"rendered":"https:\/\/vizomix.hu\/termek\/zara-kiralykek-feher-mintas-100-pamut-hosszu-ingruha\/"},"modified":"2026-03-18T13:19:36","modified_gmt":"2026-03-18T12:19:36","slug":"zara-kiralykek-feher-mintas-100-pamut-hosszu-ingruha","status":"publish","type":"product","link":"https:\/\/vizomix.hu\/en\/product\/zara-kiralykek-feher-mintas-100-pamut-hosszu-ingruha\/","title":{"rendered":"Zara kir\u00e1lyk\u00e9k\/feh\u00e9r mint\u00e1s 100% pamut hossz\u00fa ingruha"},"content":{"rendered":"<p>Zara kir\u00e1lyk\u00e9k\u2013feh\u00e9r mint\u00e1s 100% pamut hossz\u00fa ingruha<\/p>\n<p>Friss \u00e9s n\u0151ies darab a melegebb napokra. A 100% pamut anyag k\u00e9nyelmes, j\u00f3l szell\u0151z\u0151 viseletet biztos\u00edt, a hossz\u00fa fazon pedig letisztult, eleg\u00e1ns megjelen\u00e9st ad.<\/p>\n<p>A kir\u00e1lyk\u00e9k\u2013feh\u00e9r minta vid\u00e1m \u00e9s sokoldal\u00faan kombin\u00e1lhat\u00f3 \u2013 t\u00f6k\u00e9letes v\u00e1laszt\u00e1s tavaszi\u2013ny\u00e1ri szettekhez.<br \/>\nM\u00e9retez\u00e9s: m\u00e9reth\u0171<\/p>","protected":false},"excerpt":{"rendered":"<p>Zara kir\u00e1lyk\u00e9k\u2013feh\u00e9r mint\u00e1s 100% pamut hossz\u00fa ingruha Friss \u00e9s n\u0151ies darab a melegebb napokra. A 100% pamut anyag k\u00e9nyelmes, j\u00f3l<a class=\"read-more\" href=\"https:\/\/vizomix.hu\/en\/product\/zara-kiralykek-feher-mintas-100-pamut-hosszu-ingruha\/\">Tov\u00e1bb<\/a><\/p>","protected":false},"featured_media":6695,"comment_status":"open","ping_status":"closed","template":"","meta":[],"product_brand":[76],"product_cat":[33],"product_tag":[],"class_list":{"0":"post-4383","1":"product","2":"type-product","3":"status-publish","4":"has-post-thumbnail","6":"product_brand-zara","7":"product_cat-hosszu-ruhak-midi-ruhak-overalok","9":"first","10":"instock","11":"taxable","12":"shipping-taxable","13":"purchasable","14":"product-type-variable","15":"add-to-wishlist-before_add_to_cart"},"supplier_id":null,"supplier_sku":"","barcode":null,"atum_controlled":true,"out_stock_date":null,"out_stock_threshold":null,"inheritable":false,"inbound_stock":0,"stock_on_hold":0,"sold_today":0,"sales_last_days":0,"reserved_stock":0,"customer_returns":0,"warehouse_damage":0,"lost_in_post":0,"other_logs":0,"out_stock_days":0,"lost_sales":0,"has_location":false,"update_date":"2026-03-18T12:19:38","atum_locations":[],"atum_stock_status":"instock","restock_status":false,"low_stock_amount":"","sales_update_date":"2026-03-17T19:15:08","calc_backorders":null,"_links":{"self":[{"href":"https:\/\/vizomix.hu\/en\/wp-json\/wp\/v2\/product\/4383","targetHints":{"allow":["GET"]}}],"collection":[{"href":"https:\/\/vizomix.hu\/en\/wp-json\/wp\/v2\/product"}],"about":[{"href":"https:\/\/vizomix.hu\/en\/wp-json\/wp\/v2\/types\/product"}],"replies":[{"embeddable":true,"href":"https:\/\/vizomix.hu\/en\/wp-json\/wp\/v2\/comments?post=4383"}],"wp:featuredmedia":[{"embeddable":true,"href":"https:\/\/vizomix.hu\/en\/wp-json\/wp\/v2\/media\/6695"}],"wp:attachment":[{"href":"https:\/\/vizomix.hu\/en\/wp-json\/wp\/v2\/media?parent=4383"}],"wp:term":[{"taxonomy":"product_brand","embeddable":true,"href":"https:\/\/vizomix.hu\/en\/wp-json\/wp\/v2\/product_brand?post=4383"},{"taxonomy":"product_cat","embeddable":true,"href":"https:\/\/vizomix.hu\/en\/wp-json\/wp\/v2\/product_cat?post=4383"},{"taxonomy":"product_tag","embeddable":true,"href":"https:\/\/vizomix.hu\/en\/wp-json\/wp\/v2\/product_tag?post=4383"}],"curies":[{"name":"wp","href":"https:\/\/api.w.org\/{rel}","templated":true}]}}