{"id":4358,"date":"2026-02-26T20:37:10","date_gmt":"2026-02-26T19:37:10","guid":{"rendered":"https:\/\/vizomix.hu\/termek\/zara-fekete-csinos-fodros-masnis-elegans-szoknya-also-nadraggal\/"},"modified":"2026-03-18T13:19:36","modified_gmt":"2026-03-18T12:19:36","slug":"zara-fekete-csinos-fodros-masnis-elegans-szoknya-also-nadraggal","status":"publish","type":"product","link":"https:\/\/vizomix.hu\/en\/product\/zara-fekete-csinos-fodros-masnis-elegans-szoknya-also-nadraggal\/","title":{"rendered":"Zara fekete csinos fodros\/masnis eleg\u00e1ns szoknya als\u00f3 nadr\u00e1ggal"},"content":{"rendered":"<p>Zara fekete csinos fodros \/ masnis eleg\u00e1ns szoknya als\u00f3 nadr\u00e1ggal<\/p>\n<p>N\u0151ies \u00e9s k\u00fcl\u00f6nleges darab alkalmi megjelen\u00e9shez. A fodros, masnis r\u00e9szletek romantikus hat\u00e1st adnak, az als\u00f3 nadr\u00e1g pedig k\u00e9nyelmes \u00e9s praktikus viseletet biztos\u00edt.<\/p>\n<p>A fekete sz\u00edn eleg\u00e1ns \u00e9s k\u00f6nnyen kombin\u00e1lhat\u00f3 \u2013 t\u00f6k\u00e9letes v\u00e1laszt\u00e1s esem\u00e9nyekre vagy sikkes h\u00e9tk\u00f6znapi szettekhez.<br \/>\nM\u00e9retez\u00e9s: m\u00e9reth\u0171<\/p>","protected":false},"excerpt":{"rendered":"<p>Zara fekete csinos fodros \/ masnis eleg\u00e1ns szoknya als\u00f3 nadr\u00e1ggal N\u0151ies \u00e9s k\u00fcl\u00f6nleges darab alkalmi megjelen\u00e9shez. A fodros, masnis r\u00e9szletek<a class=\"read-more\" href=\"https:\/\/vizomix.hu\/en\/product\/zara-fekete-csinos-fodros-masnis-elegans-szoknya-also-nadraggal\/\">Tov\u00e1bb<\/a><\/p>","protected":false},"featured_media":4356,"comment_status":"open","ping_status":"closed","template":"","meta":[],"product_brand":[76],"product_cat":[28],"product_tag":[],"class_list":{"0":"post-4358","1":"product","2":"type-product","3":"status-publish","4":"has-post-thumbnail","6":"product_brand-zara","7":"product_cat-szoknyak-skortok","9":"first","10":"instock","11":"taxable","12":"shipping-taxable","13":"purchasable","14":"product-type-variable","15":"add-to-wishlist-before_add_to_cart"},"supplier_id":null,"supplier_sku":"","barcode":null,"atum_controlled":true,"out_stock_date":null,"out_stock_threshold":null,"inheritable":false,"inbound_stock":null,"stock_on_hold":0,"sold_today":0,"sales_last_days":0,"reserved_stock":null,"customer_returns":null,"warehouse_damage":null,"lost_in_post":null,"other_logs":null,"out_stock_days":0,"lost_sales":0,"has_location":null,"update_date":"2026-03-18T12:19:38","atum_locations":[],"atum_stock_status":"instock","restock_status":false,"low_stock_amount":"","sales_update_date":"2026-03-17T19:15:08","calc_backorders":null,"_links":{"self":[{"href":"https:\/\/vizomix.hu\/en\/wp-json\/wp\/v2\/product\/4358","targetHints":{"allow":["GET"]}}],"collection":[{"href":"https:\/\/vizomix.hu\/en\/wp-json\/wp\/v2\/product"}],"about":[{"href":"https:\/\/vizomix.hu\/en\/wp-json\/wp\/v2\/types\/product"}],"replies":[{"embeddable":true,"href":"https:\/\/vizomix.hu\/en\/wp-json\/wp\/v2\/comments?post=4358"}],"wp:featuredmedia":[{"embeddable":true,"href":"https:\/\/vizomix.hu\/en\/wp-json\/wp\/v2\/media\/4356"}],"wp:attachment":[{"href":"https:\/\/vizomix.hu\/en\/wp-json\/wp\/v2\/media?parent=4358"}],"wp:term":[{"taxonomy":"product_brand","embeddable":true,"href":"https:\/\/vizomix.hu\/en\/wp-json\/wp\/v2\/product_brand?post=4358"},{"taxonomy":"product_cat","embeddable":true,"href":"https:\/\/vizomix.hu\/en\/wp-json\/wp\/v2\/product_cat?post=4358"},{"taxonomy":"product_tag","embeddable":true,"href":"https:\/\/vizomix.hu\/en\/wp-json\/wp\/v2\/product_tag?post=4358"}],"curies":[{"name":"wp","href":"https:\/\/api.w.org\/{rel}","templated":true}]}}