{"id":4353,"date":"2026-02-26T20:34:20","date_gmt":"2026-02-26T19:34:20","guid":{"rendered":"https:\/\/vizomix.hu\/termek\/zara-fekete-elegans-hosszu-pant-nelkuli-overall-arany-diszgombokkal\/"},"modified":"2026-03-18T13:19:36","modified_gmt":"2026-03-18T12:19:36","slug":"zara-fekete-elegans-hosszu-pant-nelkuli-overall-arany-diszgombokkal","status":"publish","type":"product","link":"https:\/\/vizomix.hu\/en\/product\/zara-fekete-elegans-hosszu-pant-nelkuli-overall-arany-diszgombokkal\/","title":{"rendered":"Zara fekete eleg\u00e1ns hossz\u00fa p\u00e1nt n\u00e9lk\u00fcli over\u00e1ll arany d\u00edszgombokkal"},"content":{"rendered":"<p>Zara fekete eleg\u00e1ns hossz\u00fa p\u00e1nt n\u00e9lk\u00fcli over\u00e1ll arany d\u00edszgombokkal<\/p>\n<p>Kifinomult \u00e9s n\u0151ies darab k\u00fcl\u00f6nleges alkalmakra. A p\u00e1nt n\u00e9lk\u00fcli fazon eleg\u00e1ns, letisztult sziluettet ad, az arany d\u00edszgombok pedig st\u00edlusos, karakteres r\u00e9szletk\u00e9nt emelik ki.<\/p>\n<p>A fekete sz\u00edn id\u0151t\u00e1ll\u00f3 \u00e9s sikkes \u2013 t\u00f6k\u00e9letes v\u00e1laszt\u00e1s esem\u00e9nyekre vagy esti megjelen\u00e9shez.<br \/>\nM\u00e9retez\u00e9s: m\u00e9reth\u0171<\/p>","protected":false},"excerpt":{"rendered":"<p>Zara fekete eleg\u00e1ns hossz\u00fa p\u00e1nt n\u00e9lk\u00fcli over\u00e1ll arany d\u00edszgombokkal Kifinomult \u00e9s n\u0151ies darab k\u00fcl\u00f6nleges alkalmakra. A p\u00e1nt n\u00e9lk\u00fcli fazon eleg\u00e1ns,<a class=\"read-more\" href=\"https:\/\/vizomix.hu\/en\/product\/zara-fekete-elegans-hosszu-pant-nelkuli-overall-arany-diszgombokkal\/\">Tov\u00e1bb<\/a><\/p>","protected":false},"featured_media":6721,"comment_status":"open","ping_status":"closed","template":"","meta":[],"product_brand":[76],"product_cat":[33],"product_tag":[],"class_list":{"0":"post-4353","1":"product","2":"type-product","3":"status-publish","4":"has-post-thumbnail","6":"product_brand-zara","7":"product_cat-hosszu-ruhak-midi-ruhak-overalok","9":"first","10":"instock","11":"taxable","12":"shipping-taxable","13":"purchasable","14":"product-type-variable","15":"add-to-wishlist-before_add_to_cart"},"supplier_id":null,"supplier_sku":"","barcode":null,"atum_controlled":true,"out_stock_date":null,"out_stock_threshold":null,"inheritable":false,"inbound_stock":0,"stock_on_hold":0,"sold_today":0,"sales_last_days":0,"reserved_stock":0,"customer_returns":0,"warehouse_damage":0,"lost_in_post":0,"other_logs":0,"out_stock_days":0,"lost_sales":0,"has_location":false,"update_date":"2026-03-18T12:19:38","atum_locations":[],"atum_stock_status":"instock","restock_status":false,"low_stock_amount":"","sales_update_date":"2026-03-17T19:15:08","calc_backorders":null,"_links":{"self":[{"href":"https:\/\/vizomix.hu\/en\/wp-json\/wp\/v2\/product\/4353","targetHints":{"allow":["GET"]}}],"collection":[{"href":"https:\/\/vizomix.hu\/en\/wp-json\/wp\/v2\/product"}],"about":[{"href":"https:\/\/vizomix.hu\/en\/wp-json\/wp\/v2\/types\/product"}],"replies":[{"embeddable":true,"href":"https:\/\/vizomix.hu\/en\/wp-json\/wp\/v2\/comments?post=4353"}],"wp:featuredmedia":[{"embeddable":true,"href":"https:\/\/vizomix.hu\/en\/wp-json\/wp\/v2\/media\/6721"}],"wp:attachment":[{"href":"https:\/\/vizomix.hu\/en\/wp-json\/wp\/v2\/media?parent=4353"}],"wp:term":[{"taxonomy":"product_brand","embeddable":true,"href":"https:\/\/vizomix.hu\/en\/wp-json\/wp\/v2\/product_brand?post=4353"},{"taxonomy":"product_cat","embeddable":true,"href":"https:\/\/vizomix.hu\/en\/wp-json\/wp\/v2\/product_cat?post=4353"},{"taxonomy":"product_tag","embeddable":true,"href":"https:\/\/vizomix.hu\/en\/wp-json\/wp\/v2\/product_tag?post=4353"}],"curies":[{"name":"wp","href":"https:\/\/api.w.org\/{rel}","templated":true}]}}