{"id":4349,"date":"2026-02-26T20:30:36","date_gmt":"2026-02-26T19:30:36","guid":{"rendered":"https:\/\/vizomix.hu\/termek\/zara-hosszu-kiralykek-csinos-szaten-overall-fonott-nyakresszel\/"},"modified":"2026-03-18T13:19:36","modified_gmt":"2026-03-18T12:19:36","slug":"zara-hosszu-kiralykek-csinos-szaten-overall-fonott-nyakresszel","status":"publish","type":"product","link":"https:\/\/vizomix.hu\/en\/product\/zara-hosszu-kiralykek-csinos-szaten-overall-fonott-nyakresszel\/","title":{"rendered":"Zara hossz\u00fa kir\u00e1lyk\u00e9k csinos szat\u00e9n over\u00e1ll fonott nyakr\u00e9sszel"},"content":{"rendered":"<p>Zara hossz\u00fa kir\u00e1lyk\u00e9k csinos szat\u00e9n over\u00e1ll fonott nyakr\u00e9sszel<\/p>\n<p>Eleg\u00e1ns \u00e9s figyelemfelkelt\u0151 darab k\u00fcl\u00f6nleges alkalmakra. A l\u00e1gy es\u00e9s\u0171 szat\u00e9n anyag kifinomult megjelen\u00e9st ad, a fonott nyakr\u00e9sz pedig egyedi, n\u0151ies r\u00e9szletk\u00e9nt emeli ki.<\/p>\n<p>A kir\u00e1lyk\u00e9k \u00e1rnyalat intenz\u00edv \u00e9s st\u00edlusos \u2013 t\u00f6k\u00e9letes v\u00e1laszt\u00e1s esem\u00e9nyekre vagy esti programokra.<br \/>\nM\u00e9retez\u00e9s: m\u00e9reth\u0171<\/p>","protected":false},"excerpt":{"rendered":"<p>Zara hossz\u00fa kir\u00e1lyk\u00e9k csinos szat\u00e9n over\u00e1ll fonott nyakr\u00e9sszel Eleg\u00e1ns \u00e9s figyelemfelkelt\u0151 darab k\u00fcl\u00f6nleges alkalmakra. A l\u00e1gy es\u00e9s\u0171 szat\u00e9n anyag kifinomult<a class=\"read-more\" href=\"https:\/\/vizomix.hu\/en\/product\/zara-hosszu-kiralykek-csinos-szaten-overall-fonott-nyakresszel\/\">Tov\u00e1bb<\/a><\/p>","protected":false},"featured_media":4346,"comment_status":"open","ping_status":"closed","template":"","meta":[],"product_brand":[76],"product_cat":[33],"product_tag":[],"class_list":{"0":"post-4349","1":"product","2":"type-product","3":"status-publish","4":"has-post-thumbnail","6":"product_brand-zara","7":"product_cat-hosszu-ruhak-midi-ruhak-overalok","9":"first","10":"instock","11":"taxable","12":"shipping-taxable","13":"purchasable","14":"product-type-variable","15":"add-to-wishlist-before_add_to_cart"},"supplier_id":null,"supplier_sku":"","barcode":null,"atum_controlled":true,"out_stock_date":null,"out_stock_threshold":null,"inheritable":false,"inbound_stock":0,"stock_on_hold":0,"sold_today":0,"sales_last_days":0,"reserved_stock":0,"customer_returns":0,"warehouse_damage":0,"lost_in_post":0,"other_logs":0,"out_stock_days":0,"lost_sales":0,"has_location":false,"update_date":"2026-03-18T12:19:38","atum_locations":[],"atum_stock_status":"instock","restock_status":false,"low_stock_amount":"","sales_update_date":"2026-03-17T19:15:08","calc_backorders":null,"_links":{"self":[{"href":"https:\/\/vizomix.hu\/en\/wp-json\/wp\/v2\/product\/4349","targetHints":{"allow":["GET"]}}],"collection":[{"href":"https:\/\/vizomix.hu\/en\/wp-json\/wp\/v2\/product"}],"about":[{"href":"https:\/\/vizomix.hu\/en\/wp-json\/wp\/v2\/types\/product"}],"replies":[{"embeddable":true,"href":"https:\/\/vizomix.hu\/en\/wp-json\/wp\/v2\/comments?post=4349"}],"wp:featuredmedia":[{"embeddable":true,"href":"https:\/\/vizomix.hu\/en\/wp-json\/wp\/v2\/media\/4346"}],"wp:attachment":[{"href":"https:\/\/vizomix.hu\/en\/wp-json\/wp\/v2\/media?parent=4349"}],"wp:term":[{"taxonomy":"product_brand","embeddable":true,"href":"https:\/\/vizomix.hu\/en\/wp-json\/wp\/v2\/product_brand?post=4349"},{"taxonomy":"product_cat","embeddable":true,"href":"https:\/\/vizomix.hu\/en\/wp-json\/wp\/v2\/product_cat?post=4349"},{"taxonomy":"product_tag","embeddable":true,"href":"https:\/\/vizomix.hu\/en\/wp-json\/wp\/v2\/product_tag?post=4349"}],"curies":[{"name":"wp","href":"https:\/\/api.w.org\/{rel}","templated":true}]}}