{"id":4338,"date":"2026-02-26T20:23:52","date_gmt":"2026-02-26T19:23:52","guid":{"rendered":"https:\/\/vizomix.hu\/termek\/zara-fekete-flitteres-barsony-ruha-szaten-fodros-also-resszel\/"},"modified":"2026-03-18T13:19:36","modified_gmt":"2026-03-18T12:19:36","slug":"zara-fekete-flitteres-barsony-ruha-szaten-fodros-also-resszel","status":"publish","type":"product","link":"https:\/\/vizomix.hu\/en\/product\/zara-fekete-flitteres-barsony-ruha-szaten-fodros-also-resszel\/","title":{"rendered":"Zara fekete flitteres b\u00e1rsony ruha szat\u00e9n fodros als\u00f3 r\u00e9sszel"},"content":{"rendered":"<p>Zara fekete flitteres b\u00e1rsony ruha szat\u00e9n fodros als\u00f3r\u00e9sszel<\/p>\n<p>L\u00e1tv\u00e1nyos, eleg\u00e1ns darab k\u00fcl\u00f6nleges alkalmakra. A flitteres b\u00e1rsony r\u00e9sz csillog\u00f3, pr\u00e9mium hat\u00e1st ad, m\u00edg a szat\u00e9n fodros als\u00f3r\u00e9sz n\u0151ies, l\u00e9gies megjelen\u00e9st biztos\u00edt.<\/p>\n<p>T\u00f6k\u00e9letes v\u00e1laszt\u00e1s \u00fcnnepekre, b\u00e1lokra vagy esti esem\u00e9nyekre.<br \/>\nM\u00e9retez\u00e9s: kisebb m\u00e9ret<\/p>","protected":false},"excerpt":{"rendered":"<p>Zara fekete flitteres b\u00e1rsony ruha szat\u00e9n fodros als\u00f3r\u00e9sszel L\u00e1tv\u00e1nyos, eleg\u00e1ns darab k\u00fcl\u00f6nleges alkalmakra. A flitteres b\u00e1rsony r\u00e9sz csillog\u00f3, pr\u00e9mium hat\u00e1st<a class=\"read-more\" href=\"https:\/\/vizomix.hu\/en\/product\/zara-fekete-flitteres-barsony-ruha-szaten-fodros-also-resszel\/\">Tov\u00e1bb<\/a><\/p>","protected":false},"featured_media":4336,"comment_status":"open","ping_status":"closed","template":"","meta":[],"product_brand":[76],"product_cat":[34],"product_tag":[],"class_list":{"0":"post-4338","1":"product","2":"type-product","3":"status-publish","4":"has-post-thumbnail","6":"product_brand-zara","7":"product_cat-rovid-ruhak-overalok","9":"first","10":"instock","11":"taxable","12":"shipping-taxable","13":"purchasable","14":"product-type-variable","15":"add-to-wishlist-before_add_to_cart"},"supplier_id":null,"supplier_sku":"","barcode":null,"atum_controlled":true,"out_stock_date":null,"out_stock_threshold":null,"inheritable":false,"inbound_stock":null,"stock_on_hold":0,"sold_today":0,"sales_last_days":0,"reserved_stock":null,"customer_returns":null,"warehouse_damage":null,"lost_in_post":null,"other_logs":null,"out_stock_days":0,"lost_sales":0,"has_location":null,"update_date":"2026-03-18T12:19:38","atum_locations":[],"atum_stock_status":"instock","restock_status":false,"low_stock_amount":"","sales_update_date":"2026-03-17T19:15:08","calc_backorders":null,"_links":{"self":[{"href":"https:\/\/vizomix.hu\/en\/wp-json\/wp\/v2\/product\/4338","targetHints":{"allow":["GET"]}}],"collection":[{"href":"https:\/\/vizomix.hu\/en\/wp-json\/wp\/v2\/product"}],"about":[{"href":"https:\/\/vizomix.hu\/en\/wp-json\/wp\/v2\/types\/product"}],"replies":[{"embeddable":true,"href":"https:\/\/vizomix.hu\/en\/wp-json\/wp\/v2\/comments?post=4338"}],"wp:featuredmedia":[{"embeddable":true,"href":"https:\/\/vizomix.hu\/en\/wp-json\/wp\/v2\/media\/4336"}],"wp:attachment":[{"href":"https:\/\/vizomix.hu\/en\/wp-json\/wp\/v2\/media?parent=4338"}],"wp:term":[{"taxonomy":"product_brand","embeddable":true,"href":"https:\/\/vizomix.hu\/en\/wp-json\/wp\/v2\/product_brand?post=4338"},{"taxonomy":"product_cat","embeddable":true,"href":"https:\/\/vizomix.hu\/en\/wp-json\/wp\/v2\/product_cat?post=4338"},{"taxonomy":"product_tag","embeddable":true,"href":"https:\/\/vizomix.hu\/en\/wp-json\/wp\/v2\/product_tag?post=4338"}],"curies":[{"name":"wp","href":"https:\/\/api.w.org\/{rel}","templated":true}]}}