{"id":4315,"date":"2026-02-26T20:10:49","date_gmt":"2026-02-26T19:10:49","guid":{"rendered":"https:\/\/vizomix.hu\/termek\/zara-fekete-mubor-ujjatlan-ruha-ovvel\/"},"modified":"2026-03-18T13:19:36","modified_gmt":"2026-03-18T12:19:36","slug":"zara-fekete-mubor-ujjatlan-ruha-ovvel","status":"publish","type":"product","link":"https:\/\/vizomix.hu\/en\/product\/zara-fekete-mubor-ujjatlan-ruha-ovvel\/","title":{"rendered":"Zara fekete m\u0171b\u0151r ujjatlan ruha \u00f6vvel"},"content":{"rendered":"<p>Zara fekete m\u0171b\u0151r ujjatlan ruha \u00f6vvel<\/p>\n<p>Karakteres \u00e9s n\u0151ies darab a st\u00edlusos megjelen\u00e9shez. A m\u0171b\u0151r anyag modern, vag\u00e1ny hat\u00e1st ad, az ujjatlan fazon pedig letisztult sziluettet biztos\u00edt.<\/p>\n<p>A der\u00e9kr\u00e9szen tal\u00e1lhat\u00f3 \u00f6v sz\u00e9pen hangs\u00falyozza az alakot \u2013 t\u00f6k\u00e9letes v\u00e1laszt\u00e1s alkalmakra vagy egy felt\u0171n\u0151bb h\u00e9tk\u00f6znapi outfithez.<br \/>\nM\u00e9retez\u00e9s: m\u00e9reth\u0171<\/p>","protected":false},"excerpt":{"rendered":"<p>Zara fekete m\u0171b\u0151r ujjatlan ruha \u00f6vvel Karakteres \u00e9s n\u0151ies darab a st\u00edlusos megjelen\u00e9shez. A m\u0171b\u0151r anyag modern, vag\u00e1ny hat\u00e1st ad,<a class=\"read-more\" href=\"https:\/\/vizomix.hu\/en\/product\/zara-fekete-mubor-ujjatlan-ruha-ovvel\/\">Tov\u00e1bb<\/a><\/p>","protected":false},"featured_media":4312,"comment_status":"open","ping_status":"closed","template":"","meta":[],"product_brand":[76],"product_cat":[34],"product_tag":[],"class_list":{"0":"post-4315","1":"product","2":"type-product","3":"status-publish","4":"has-post-thumbnail","6":"product_brand-zara","7":"product_cat-rovid-ruhak-overalok","9":"first","10":"instock","11":"taxable","12":"shipping-taxable","13":"purchasable","14":"product-type-variable","15":"add-to-wishlist-before_add_to_cart"},"supplier_id":null,"supplier_sku":"","barcode":null,"atum_controlled":true,"out_stock_date":null,"out_stock_threshold":null,"inheritable":false,"inbound_stock":null,"stock_on_hold":0,"sold_today":0,"sales_last_days":0,"reserved_stock":null,"customer_returns":null,"warehouse_damage":null,"lost_in_post":null,"other_logs":null,"out_stock_days":0,"lost_sales":0,"has_location":null,"update_date":"2026-03-18T12:19:38","atum_locations":[],"atum_stock_status":"instock","restock_status":false,"low_stock_amount":"","sales_update_date":"2026-03-17T19:15:08","calc_backorders":null,"_links":{"self":[{"href":"https:\/\/vizomix.hu\/en\/wp-json\/wp\/v2\/product\/4315","targetHints":{"allow":["GET"]}}],"collection":[{"href":"https:\/\/vizomix.hu\/en\/wp-json\/wp\/v2\/product"}],"about":[{"href":"https:\/\/vizomix.hu\/en\/wp-json\/wp\/v2\/types\/product"}],"replies":[{"embeddable":true,"href":"https:\/\/vizomix.hu\/en\/wp-json\/wp\/v2\/comments?post=4315"}],"wp:featuredmedia":[{"embeddable":true,"href":"https:\/\/vizomix.hu\/en\/wp-json\/wp\/v2\/media\/4312"}],"wp:attachment":[{"href":"https:\/\/vizomix.hu\/en\/wp-json\/wp\/v2\/media?parent=4315"}],"wp:term":[{"taxonomy":"product_brand","embeddable":true,"href":"https:\/\/vizomix.hu\/en\/wp-json\/wp\/v2\/product_brand?post=4315"},{"taxonomy":"product_cat","embeddable":true,"href":"https:\/\/vizomix.hu\/en\/wp-json\/wp\/v2\/product_cat?post=4315"},{"taxonomy":"product_tag","embeddable":true,"href":"https:\/\/vizomix.hu\/en\/wp-json\/wp\/v2\/product_tag?post=4315"}],"curies":[{"name":"wp","href":"https:\/\/api.w.org\/{rel}","templated":true}]}}