{"id":423,"date":"2026-02-10T12:51:58","date_gmt":"2026-02-10T11:51:58","guid":{"rendered":"https:\/\/vizomix.hu\/termek\/karl-lagerfeld-noi-polo\/"},"modified":"2026-03-18T13:22:23","modified_gmt":"2026-03-18T12:22:23","slug":"karl-lagerfeld-noi-polo-2","status":"publish","type":"product","link":"https:\/\/vizomix.hu\/en\/product\/karl-lagerfeld-noi-polo-2\/","title":{"rendered":"Karl Lagerfeld women's white and black T-shirt"},"content":{"rendered":"<p>Karl Lagerfeld feh\u00e9r \u00e9s fekete regular fit p\u00f3l\u00f3 \u2013 100% pamut, kicsi log\u00f3val<\/p>\n<p>Letisztult diz\u00e1jn \u00e9s id\u0151t\u00e1ll\u00f3, k\u00e9nyelmes megjelen\u00e9s. Ez a Karl Lagerfeld feh\u00e9r, regular fit szab\u00e1s\u00fa p\u00f3l\u00f3 norm\u00e1l fazonj\u00e1nak k\u00f6sz\u00f6nhet\u0151en k\u00e9nyelmes viseletet \u00e9s rendezett, modern megjelen\u00e9st biztos\u00edt. A 100% pamut anyag puha tapint\u00e1s\u00fa \u00e9s j\u00f3l szell\u0151zik, \u00edgy ide\u00e1lis v\u00e1laszt\u00e1s a mindennapokra.<\/p>\n<p>A p\u00f3l\u00f3 elej\u00e9n, k\u00f6z\u00e9pen elhelyezett nagyobb m\u00e9ret\u0171 log\u00f3 l\u00e1tv\u00e1nyos megjelen\u00e9st biztos\u00edt, mik\u00f6zben meg\u0151rzi a m\u00e1rk\u00e1ra jellemz\u0151 letisztult st\u00edlust. K\u00f6nnyen kombin\u00e1lhat\u00f3 farmerrel, chino nadr\u00e1ggal vagy h\u00e9tk\u00f6znapi szettekhez.<\/p>\n<p>Jellemz\u0151k:<br \/>\n&#8211; Regular fit, norm\u00e1l szab\u00e1s<br \/>\n&#8211; Klasszikus feh\u00e9r \u00e9s fekete sz\u00edn<br \/>\n&#8211; 100% pamut anyag<br \/>\n&#8211; K\u00f6z\u00e9pen Karl Lagerfeld log\u00f3<\/p>\n<p>M\u00e9retez\u00e9s: m\u00e9reth\u0171<\/p>","protected":false},"excerpt":{"rendered":"<p>Karl Lagerfeld feh\u00e9r \u00e9s fekete regular fit p\u00f3l\u00f3 \u2013 100% pamut, kicsi log\u00f3val Letisztult diz\u00e1jn \u00e9s id\u0151t\u00e1ll\u00f3, k\u00e9nyelmes megjelen\u00e9s. Ez<a class=\"read-more\" href=\"https:\/\/vizomix.hu\/en\/product\/karl-lagerfeld-noi-polo-2\/\">Tov\u00e1bb<\/a><\/p>","protected":false},"featured_media":420,"comment_status":"open","ping_status":"closed","template":"","meta":[],"product_brand":[77],"product_cat":[42],"product_tag":[],"class_list":{"0":"post-423","1":"product","2":"type-product","3":"status-publish","4":"has-post-thumbnail","6":"product_brand-karl-lagerfeld","7":"product_cat-felso-ruhazat-top-triko-polo-body-felsoresz","9":"first","10":"instock","11":"taxable","12":"shipping-taxable","13":"purchasable","14":"product-type-variable","15":"add-to-wishlist-before_add_to_cart"},"supplier_id":null,"supplier_sku":"","barcode":null,"atum_controlled":true,"out_stock_date":null,"out_stock_threshold":null,"inheritable":false,"inbound_stock":0,"stock_on_hold":0,"sold_today":0,"sales_last_days":0,"reserved_stock":0,"customer_returns":0,"warehouse_damage":0,"lost_in_post":0,"other_logs":0,"out_stock_days":0,"lost_sales":0,"has_location":false,"update_date":"2026-03-18T12:22:24","atum_locations":[],"atum_stock_status":"instock","restock_status":false,"low_stock_amount":"","sales_update_date":"2026-03-17T19:15:20","calc_backorders":null,"_links":{"self":[{"href":"https:\/\/vizomix.hu\/en\/wp-json\/wp\/v2\/product\/423","targetHints":{"allow":["GET"]}}],"collection":[{"href":"https:\/\/vizomix.hu\/en\/wp-json\/wp\/v2\/product"}],"about":[{"href":"https:\/\/vizomix.hu\/en\/wp-json\/wp\/v2\/types\/product"}],"replies":[{"embeddable":true,"href":"https:\/\/vizomix.hu\/en\/wp-json\/wp\/v2\/comments?post=423"}],"wp:featuredmedia":[{"embeddable":true,"href":"https:\/\/vizomix.hu\/en\/wp-json\/wp\/v2\/media\/420"}],"wp:attachment":[{"href":"https:\/\/vizomix.hu\/en\/wp-json\/wp\/v2\/media?parent=423"}],"wp:term":[{"taxonomy":"product_brand","embeddable":true,"href":"https:\/\/vizomix.hu\/en\/wp-json\/wp\/v2\/product_brand?post=423"},{"taxonomy":"product_cat","embeddable":true,"href":"https:\/\/vizomix.hu\/en\/wp-json\/wp\/v2\/product_cat?post=423"},{"taxonomy":"product_tag","embeddable":true,"href":"https:\/\/vizomix.hu\/en\/wp-json\/wp\/v2\/product_tag?post=423"}],"curies":[{"name":"wp","href":"https:\/\/api.w.org\/{rel}","templated":true}]}}