{"id":422,"date":"2026-02-10T12:51:58","date_gmt":"2026-02-10T11:51:58","guid":{"rendered":"https:\/\/vizomix.hu\/termek\/karl-lagerfeld-noi-polo\/"},"modified":"2026-03-18T13:22:23","modified_gmt":"2026-03-18T12:22:23","slug":"karl-lagerfeld-noi-polo","status":"publish","type":"product","link":"https:\/\/vizomix.hu\/en\/product\/karl-lagerfeld-noi-polo\/","title":{"rendered":"Tommy Hilfiger k\u00e9k p\u00f3l\u00f3"},"content":{"rendered":"<p>Tommy Hilfiger navy k\u00e9k regular fit gall\u00e9ros p\u00f3l\u00f3 \u2013 pici log\u00f3val<\/p>\n<p>Letisztult \u00e9s id\u0151t\u00e1ll\u00f3 darab a mindennapokra. Ez a Tommy Hilfiger navy k\u00e9k, regular fit szab\u00e1s\u00fa gall\u00e9ros p\u00f3l\u00f3 k\u00e9nyelmes viseletet \u00e9s \u00e1polt, sportosan eleg\u00e1ns megjelen\u00e9st biztos\u00edt. A mellr\u00e9szen elhelyezett kis log\u00f3 diszkr\u00e9ten hangs\u00falyozza a m\u00e1rk\u00e1t.<br \/>\nA gall\u00e9ros kialak\u00edt\u00e1st el\u00f6l 3 pici gombos z\u00e1r\u00f3d\u00e1s teszi teljess\u00e9, amely klasszikus p\u00f3l\u00f3ing megjelen\u00e9st \u00e9s k\u00f6nny\u0171 \u00e1ll\u00edthat\u00f3s\u00e1got biztos\u00edt.<\/p>\n<p>A 97% pamut \u00e9s 3% elaszt\u00e1n anyag\u00f6sszet\u00e9telnek k\u00f6sz\u00f6nhet\u0151en puha, rugalmas \u00e9s j\u00f3l k\u00f6veti a mozg\u00e1st. Farmerrel, chino nadr\u00e1ggal vagy ak\u00e1r eleg\u00e1nsabb szettekhez is k\u00f6nnyen kombin\u00e1lhat\u00f3.<br \/>\nM\u00e9retez\u00e9s: m\u00e9reth\u0171<\/p>","protected":false},"excerpt":{"rendered":"<p>Tommy Hilfiger navy k\u00e9k regular fit gall\u00e9ros p\u00f3l\u00f3 \u2013 pici log\u00f3val Letisztult \u00e9s id\u0151t\u00e1ll\u00f3 darab a mindennapokra. Ez a Tommy<a class=\"read-more\" href=\"https:\/\/vizomix.hu\/en\/product\/karl-lagerfeld-noi-polo\/\">Tov\u00e1bb<\/a><\/p>","protected":false},"featured_media":434,"comment_status":"open","ping_status":"closed","template":"","meta":[],"product_brand":[81],"product_cat":[121],"product_tag":[],"class_list":{"0":"post-422","1":"product","2":"type-product","3":"status-publish","4":"has-post-thumbnail","6":"product_brand-tommy-hilfiger","7":"product_cat-felso-ruhazat-triko-polo-felsoresz","9":"first","10":"instock","11":"taxable","12":"shipping-taxable","13":"purchasable","14":"product-type-variable","15":"add-to-wishlist-before_add_to_cart"},"supplier_id":null,"supplier_sku":"","barcode":null,"atum_controlled":true,"out_stock_date":null,"out_stock_threshold":null,"inheritable":false,"inbound_stock":0,"stock_on_hold":0,"sold_today":0,"sales_last_days":0,"reserved_stock":0,"customer_returns":0,"warehouse_damage":0,"lost_in_post":0,"other_logs":0,"out_stock_days":0,"lost_sales":0,"has_location":false,"update_date":"2026-03-18T12:22:24","atum_locations":[],"atum_stock_status":"instock","restock_status":false,"low_stock_amount":"","sales_update_date":"2026-03-17T19:15:20","calc_backorders":null,"_links":{"self":[{"href":"https:\/\/vizomix.hu\/en\/wp-json\/wp\/v2\/product\/422","targetHints":{"allow":["GET"]}}],"collection":[{"href":"https:\/\/vizomix.hu\/en\/wp-json\/wp\/v2\/product"}],"about":[{"href":"https:\/\/vizomix.hu\/en\/wp-json\/wp\/v2\/types\/product"}],"replies":[{"embeddable":true,"href":"https:\/\/vizomix.hu\/en\/wp-json\/wp\/v2\/comments?post=422"}],"wp:featuredmedia":[{"embeddable":true,"href":"https:\/\/vizomix.hu\/en\/wp-json\/wp\/v2\/media\/434"}],"wp:attachment":[{"href":"https:\/\/vizomix.hu\/en\/wp-json\/wp\/v2\/media?parent=422"}],"wp:term":[{"taxonomy":"product_brand","embeddable":true,"href":"https:\/\/vizomix.hu\/en\/wp-json\/wp\/v2\/product_brand?post=422"},{"taxonomy":"product_cat","embeddable":true,"href":"https:\/\/vizomix.hu\/en\/wp-json\/wp\/v2\/product_cat?post=422"},{"taxonomy":"product_tag","embeddable":true,"href":"https:\/\/vizomix.hu\/en\/wp-json\/wp\/v2\/product_tag?post=422"}],"curies":[{"name":"wp","href":"https:\/\/api.w.org\/{rel}","templated":true}]}}