{"id":4214,"date":"2026-02-26T19:21:32","date_gmt":"2026-02-26T18:21:32","guid":{"rendered":"https:\/\/vizomix.hu\/termek\/zara-fekete-hosszu-pufi-meleg-kabat-szukitheto-derek-resszel\/"},"modified":"2026-03-18T13:19:37","modified_gmt":"2026-03-18T12:19:37","slug":"zara-fekete-hosszu-pufi-meleg-kabat-szukitheto-derek-resszel","status":"publish","type":"product","link":"https:\/\/vizomix.hu\/en\/product\/zara-fekete-hosszu-pufi-meleg-kabat-szukitheto-derek-resszel\/","title":{"rendered":"Zara fekete hossz\u00fa pufi meleg kab\u00e1t sz\u0171k\u00edthet\u0151 der\u00e9k r\u00e9sszel"},"content":{"rendered":"<p>Zara fekete hossz\u00fa pufi meleg kab\u00e1t sz\u0171k\u00edthet\u0151 der\u00e9kr\u00e9sszel<\/p>\n<p>Praktikus \u00e9s st\u00edlusos v\u00e1laszt\u00e1s a hideg napokra. A pufi kialak\u00edt\u00e1s meleg, komfortos viseletet biztos\u00edt, a hossz\u00fa fazon pedig extra v\u00e9delmet ad.<\/p>\n<p>A sz\u0171k\u00edthet\u0151 der\u00e9kr\u00e9sz n\u0151iesebb sziluettet form\u00e1l, a fekete sz\u00edn pedig id\u0151t\u00e1ll\u00f3 \u00e9s k\u00f6nnyen kombin\u00e1lhat\u00f3.<br \/>\nM\u00e9retez\u00e9s: nagyobb m\u00e9ret<\/p>","protected":false},"excerpt":{"rendered":"<p>Zara fekete hossz\u00fa pufi meleg kab\u00e1t sz\u0171k\u00edthet\u0151 der\u00e9kr\u00e9sszel Praktikus \u00e9s st\u00edlusos v\u00e1laszt\u00e1s a hideg napokra. A pufi kialak\u00edt\u00e1s meleg, komfortos<a class=\"read-more\" href=\"https:\/\/vizomix.hu\/en\/product\/zara-fekete-hosszu-pufi-meleg-kabat-szukitheto-derek-resszel\/\">Tov\u00e1bb<\/a><\/p>","protected":false},"featured_media":4213,"comment_status":"open","ping_status":"closed","template":"","meta":[],"product_brand":[76],"product_cat":[23],"product_tag":[],"class_list":{"0":"post-4214","1":"product","2":"type-product","3":"status-publish","4":"has-post-thumbnail","6":"product_brand-zara","7":"product_cat-kabatok","9":"first","10":"instock","11":"taxable","12":"shipping-taxable","13":"purchasable","14":"product-type-variable","15":"add-to-wishlist-before_add_to_cart"},"supplier_id":null,"supplier_sku":"","barcode":null,"atum_controlled":true,"out_stock_date":null,"out_stock_threshold":null,"inheritable":false,"inbound_stock":0,"stock_on_hold":0,"sold_today":0,"sales_last_days":0,"reserved_stock":0,"customer_returns":0,"warehouse_damage":0,"lost_in_post":0,"other_logs":0,"out_stock_days":0,"lost_sales":0,"has_location":false,"update_date":"2026-03-18T12:19:38","atum_locations":[],"atum_stock_status":"instock","restock_status":false,"low_stock_amount":"","sales_update_date":"2026-03-17T19:15:08","calc_backorders":null,"_links":{"self":[{"href":"https:\/\/vizomix.hu\/en\/wp-json\/wp\/v2\/product\/4214","targetHints":{"allow":["GET"]}}],"collection":[{"href":"https:\/\/vizomix.hu\/en\/wp-json\/wp\/v2\/product"}],"about":[{"href":"https:\/\/vizomix.hu\/en\/wp-json\/wp\/v2\/types\/product"}],"replies":[{"embeddable":true,"href":"https:\/\/vizomix.hu\/en\/wp-json\/wp\/v2\/comments?post=4214"}],"wp:featuredmedia":[{"embeddable":true,"href":"https:\/\/vizomix.hu\/en\/wp-json\/wp\/v2\/media\/4213"}],"wp:attachment":[{"href":"https:\/\/vizomix.hu\/en\/wp-json\/wp\/v2\/media?parent=4214"}],"wp:term":[{"taxonomy":"product_brand","embeddable":true,"href":"https:\/\/vizomix.hu\/en\/wp-json\/wp\/v2\/product_brand?post=4214"},{"taxonomy":"product_cat","embeddable":true,"href":"https:\/\/vizomix.hu\/en\/wp-json\/wp\/v2\/product_cat?post=4214"},{"taxonomy":"product_tag","embeddable":true,"href":"https:\/\/vizomix.hu\/en\/wp-json\/wp\/v2\/product_tag?post=4214"}],"curies":[{"name":"wp","href":"https:\/\/api.w.org\/{rel}","templated":true}]}}