{"id":4210,"date":"2026-02-26T19:17:40","date_gmt":"2026-02-26T18:17:40","guid":{"rendered":"https:\/\/vizomix.hu\/termek\/zara-texturalt-csodaszep-hosszitott-blezer-diszgombokkal\/"},"modified":"2026-03-19T14:42:09","modified_gmt":"2026-03-19T13:42:09","slug":"zara-texturalt-csodaszep-hosszitott-blezer-diszgombokkal","status":"publish","type":"product","link":"https:\/\/vizomix.hu\/en\/product\/zara-texturalt-csodaszep-hosszitott-blezer-diszgombokkal\/","title":{"rendered":"Zara textur\u00e1lt csodasz\u00e9p hossz\u00edtott bl\u00e9zer d\u00edszgombokkal"},"content":{"rendered":"<p>Zara textur\u00e1lt hossz\u00edtott bl\u00e9zer d\u00edszgombokkal<\/p>\n<p>Eleg\u00e1ns, csodasz\u00e9p darab kifinomult megjelen\u00e9shez. A struktur\u00e1lt, tweed hat\u00e1s\u00fa anyag pr\u00e9mium \u00f6sszhat\u00e1st ad, a hossz\u00edtott fazon pedig n\u0151ies, karcs\u00fas\u00edt\u00f3 sziluettet biztos\u00edt.<\/p>\n<p>A d\u00edszgombok st\u00edlusos r\u00e9szletk\u00e9nt emelik ki \u2013 t\u00f6k\u00e9letes v\u00e1laszt\u00e1s alkalmakra vagy eleg\u00e1ns h\u00e9tk\u00f6znapi szettekhez.<br \/>\nM\u00e9retez\u00e9s: m\u00e9reth\u0171<\/p>","protected":false},"excerpt":{"rendered":"<p>Zara textur\u00e1lt hossz\u00edtott bl\u00e9zer d\u00edszgombokkal Eleg\u00e1ns, csodasz\u00e9p darab kifinomult megjelen\u00e9shez. A struktur\u00e1lt, tweed hat\u00e1s\u00fa anyag pr\u00e9mium \u00f6sszhat\u00e1st ad, a hossz\u00edtott<a class=\"read-more\" href=\"https:\/\/vizomix.hu\/en\/product\/zara-texturalt-csodaszep-hosszitott-blezer-diszgombokkal\/\">Tov\u00e1bb<\/a><\/p>","protected":false},"featured_media":4206,"comment_status":"open","ping_status":"closed","template":"","meta":[],"product_brand":[76],"product_cat":[38],"product_tag":[],"class_list":{"0":"post-4210","1":"product","2":"type-product","3":"status-publish","4":"has-post-thumbnail","6":"product_brand-zara","7":"product_cat-blezerek","9":"first","10":"instock","11":"taxable","12":"shipping-taxable","13":"purchasable","14":"product-type-variable","15":"add-to-wishlist-before_add_to_cart"},"supplier_id":null,"supplier_sku":"","barcode":null,"atum_controlled":true,"out_stock_date":null,"out_stock_threshold":null,"inheritable":false,"inbound_stock":null,"stock_on_hold":0,"sold_today":0,"sales_last_days":0,"reserved_stock":null,"customer_returns":null,"warehouse_damage":null,"lost_in_post":null,"other_logs":null,"out_stock_days":0,"lost_sales":0,"has_location":null,"update_date":"2026-03-19T13:42:10","atum_locations":[],"atum_stock_status":"instock","restock_status":false,"low_stock_amount":"","sales_update_date":"2026-03-17T19:15:08","calc_backorders":null,"_links":{"self":[{"href":"https:\/\/vizomix.hu\/en\/wp-json\/wp\/v2\/product\/4210","targetHints":{"allow":["GET"]}}],"collection":[{"href":"https:\/\/vizomix.hu\/en\/wp-json\/wp\/v2\/product"}],"about":[{"href":"https:\/\/vizomix.hu\/en\/wp-json\/wp\/v2\/types\/product"}],"replies":[{"embeddable":true,"href":"https:\/\/vizomix.hu\/en\/wp-json\/wp\/v2\/comments?post=4210"}],"wp:featuredmedia":[{"embeddable":true,"href":"https:\/\/vizomix.hu\/en\/wp-json\/wp\/v2\/media\/4206"}],"wp:attachment":[{"href":"https:\/\/vizomix.hu\/en\/wp-json\/wp\/v2\/media?parent=4210"}],"wp:term":[{"taxonomy":"product_brand","embeddable":true,"href":"https:\/\/vizomix.hu\/en\/wp-json\/wp\/v2\/product_brand?post=4210"},{"taxonomy":"product_cat","embeddable":true,"href":"https:\/\/vizomix.hu\/en\/wp-json\/wp\/v2\/product_cat?post=4210"},{"taxonomy":"product_tag","embeddable":true,"href":"https:\/\/vizomix.hu\/en\/wp-json\/wp\/v2\/product_tag?post=4210"}],"curies":[{"name":"wp","href":"https:\/\/api.w.org\/{rel}","templated":true}]}}