{"id":4174,"date":"2026-02-26T18:30:34","date_gmt":"2026-02-26T17:30:34","guid":{"rendered":"https:\/\/vizomix.hu\/termek\/zara-fekete-feher-kotott-hosszitott-pulover-ruha\/"},"modified":"2026-03-18T13:19:37","modified_gmt":"2026-03-18T12:19:37","slug":"zara-fekete-feher-kotott-hosszitott-pulover-ruha","status":"publish","type":"product","link":"https:\/\/vizomix.hu\/en\/product\/zara-fekete-feher-kotott-hosszitott-pulover-ruha\/","title":{"rendered":"Zara fekete, feh\u00e9r k\u00f6t\u00f6tt hossz\u00edtott pul\u00f3ver ruha"},"content":{"rendered":"<p>Zara fekete-feh\u00e9r k\u00f6t\u00f6tt hossz\u00edtott pul\u00f3verruha<\/p>\n<p>K\u00e9nyelmes \u00e9s st\u00edlusos darab a h\u0171v\u00f6sebb napokra. A k\u00f6t\u00f6tt anyag puha, meleg \u00e9rzetet biztos\u00edt, a hossz\u00edtott fazon pedig n\u0151ies, letisztult megjelen\u00e9st ad.<\/p>\n<p>\u00d6n\u00e1ll\u00f3an ruhak\u00e9nt vagy leggingsszel viselve is t\u00f6k\u00e9letes v\u00e1laszt\u00e1s a mindennapokra.<br \/>\nM\u00e9retez\u00e9s: nagyobb m\u00e9ret<\/p>","protected":false},"excerpt":{"rendered":"<p>Zara fekete-feh\u00e9r k\u00f6t\u00f6tt hossz\u00edtott pul\u00f3verruha K\u00e9nyelmes \u00e9s st\u00edlusos darab a h\u0171v\u00f6sebb napokra. A k\u00f6t\u00f6tt anyag puha, meleg \u00e9rzetet biztos\u00edt, a<a class=\"read-more\" href=\"https:\/\/vizomix.hu\/en\/product\/zara-fekete-feher-kotott-hosszitott-pulover-ruha\/\">Tov\u00e1bb<\/a><\/p>","protected":false},"featured_media":4172,"comment_status":"open","ping_status":"closed","template":"","meta":[],"product_brand":[76],"product_cat":[24],"product_tag":[],"class_list":{"0":"post-4174","1":"product","2":"type-product","3":"status-publish","4":"has-post-thumbnail","6":"product_brand-zara","7":"product_cat-puloverek","9":"first","10":"instock","11":"taxable","12":"shipping-taxable","13":"purchasable","14":"product-type-variable","15":"add-to-wishlist-before_add_to_cart"},"supplier_id":null,"supplier_sku":"","barcode":null,"atum_controlled":true,"out_stock_date":null,"out_stock_threshold":null,"inheritable":false,"inbound_stock":null,"stock_on_hold":0,"sold_today":0,"sales_last_days":0,"reserved_stock":null,"customer_returns":null,"warehouse_damage":null,"lost_in_post":null,"other_logs":null,"out_stock_days":0,"lost_sales":0,"has_location":null,"update_date":"2026-03-18T12:19:38","atum_locations":[],"atum_stock_status":"instock","restock_status":false,"low_stock_amount":"","sales_update_date":"2026-03-17T19:15:08","calc_backorders":null,"_links":{"self":[{"href":"https:\/\/vizomix.hu\/en\/wp-json\/wp\/v2\/product\/4174","targetHints":{"allow":["GET"]}}],"collection":[{"href":"https:\/\/vizomix.hu\/en\/wp-json\/wp\/v2\/product"}],"about":[{"href":"https:\/\/vizomix.hu\/en\/wp-json\/wp\/v2\/types\/product"}],"replies":[{"embeddable":true,"href":"https:\/\/vizomix.hu\/en\/wp-json\/wp\/v2\/comments?post=4174"}],"wp:featuredmedia":[{"embeddable":true,"href":"https:\/\/vizomix.hu\/en\/wp-json\/wp\/v2\/media\/4172"}],"wp:attachment":[{"href":"https:\/\/vizomix.hu\/en\/wp-json\/wp\/v2\/media?parent=4174"}],"wp:term":[{"taxonomy":"product_brand","embeddable":true,"href":"https:\/\/vizomix.hu\/en\/wp-json\/wp\/v2\/product_brand?post=4174"},{"taxonomy":"product_cat","embeddable":true,"href":"https:\/\/vizomix.hu\/en\/wp-json\/wp\/v2\/product_cat?post=4174"},{"taxonomy":"product_tag","embeddable":true,"href":"https:\/\/vizomix.hu\/en\/wp-json\/wp\/v2\/product_tag?post=4174"}],"curies":[{"name":"wp","href":"https:\/\/api.w.org\/{rel}","templated":true}]}}