{"id":4167,"date":"2026-02-26T18:27:05","date_gmt":"2026-02-26T17:27:05","guid":{"rendered":"https:\/\/vizomix.hu\/termek\/zara-hosszu-sotetszurke-vilagosszurke-homokszinu-barna-szovet-alapu-atlapolos-felso-kabat\/"},"modified":"2026-03-18T13:19:37","modified_gmt":"2026-03-18T12:19:37","slug":"zara-hosszu-sotetszurke-vilagosszurke-homokszinu-barna-szovet-alapu-atlapolos-felso-kabat","status":"publish","type":"product","link":"https:\/\/vizomix.hu\/en\/product\/zara-hosszu-sotetszurke-vilagosszurke-homokszinu-barna-szovet-alapu-atlapolos-felso-kabat\/","title":{"rendered":"Zara hossz\u00fa s\u00f6t\u00e9tsz\u00fcrke, vil\u00e1gossz\u00fcrke, homoksz\u00edn\u0171, barna sz\u00f6vet alap\u00fa \u00e1tlapol\u00f3s fels\u0151\/kab\u00e1t"},"content":{"rendered":"<p>Zara hossz\u00fa \u00e1tlapol\u00f3s sz\u00f6vet fels\u0151\/kab\u00e1t \u2013 s\u00f6t\u00e9tsz\u00fcrke, vil\u00e1gossz\u00fcrke, homoksz\u00edn\u0171, barna<\/p>\n<p>St\u00edlusos \u00e9s sokoldal\u00faan kombin\u00e1lhat\u00f3 darab. Az \u00e1tlapol\u00f3s fazon n\u0151ies, letisztult megjelen\u00e9st ad, a sz\u00f6vet alap pedig eleg\u00e1ns \u00f6sszhat\u00e1st biztos\u00edt.<\/p>\n<p>T\u00f6k\u00e9letes \u00e1tmeneti id\u0151szakra vagy r\u00e9tegez\u00e9shez \u2013 modern, praktikus v\u00e1laszt\u00e1s a mindennapokra.<br \/>\nM\u00e9retez\u00e9s: m\u00e9reth\u0171<\/p>","protected":false},"excerpt":{"rendered":"<p>Zara hossz\u00fa \u00e1tlapol\u00f3s sz\u00f6vet fels\u0151\/kab\u00e1t \u2013 s\u00f6t\u00e9tsz\u00fcrke, vil\u00e1gossz\u00fcrke, homoksz\u00edn\u0171, barna St\u00edlusos \u00e9s sokoldal\u00faan kombin\u00e1lhat\u00f3 darab. Az \u00e1tlapol\u00f3s fazon n\u0151ies, letisztult<a class=\"read-more\" href=\"https:\/\/vizomix.hu\/en\/product\/zara-hosszu-sotetszurke-vilagosszurke-homokszinu-barna-szovet-alapu-atlapolos-felso-kabat\/\">Tov\u00e1bb<\/a><\/p>","protected":false},"featured_media":4162,"comment_status":"open","ping_status":"closed","template":"","meta":[],"product_brand":[76],"product_cat":[35],"product_tag":[],"class_list":{"0":"post-4167","1":"product","2":"type-product","3":"status-publish","4":"has-post-thumbnail","6":"product_brand-zara","7":"product_cat-atmeneti-kabatok","9":"first","10":"instock","11":"taxable","12":"shipping-taxable","13":"purchasable","14":"product-type-variable","15":"add-to-wishlist-before_add_to_cart"},"supplier_id":null,"supplier_sku":"","barcode":null,"atum_controlled":true,"out_stock_date":null,"out_stock_threshold":null,"inheritable":false,"inbound_stock":null,"stock_on_hold":0,"sold_today":0,"sales_last_days":0,"reserved_stock":null,"customer_returns":null,"warehouse_damage":null,"lost_in_post":null,"other_logs":null,"out_stock_days":0,"lost_sales":0,"has_location":null,"update_date":"2026-03-18T12:19:38","atum_locations":[],"atum_stock_status":"instock","restock_status":false,"low_stock_amount":"","sales_update_date":"2026-03-17T19:15:08","calc_backorders":null,"_links":{"self":[{"href":"https:\/\/vizomix.hu\/en\/wp-json\/wp\/v2\/product\/4167","targetHints":{"allow":["GET"]}}],"collection":[{"href":"https:\/\/vizomix.hu\/en\/wp-json\/wp\/v2\/product"}],"about":[{"href":"https:\/\/vizomix.hu\/en\/wp-json\/wp\/v2\/types\/product"}],"replies":[{"embeddable":true,"href":"https:\/\/vizomix.hu\/en\/wp-json\/wp\/v2\/comments?post=4167"}],"wp:featuredmedia":[{"embeddable":true,"href":"https:\/\/vizomix.hu\/en\/wp-json\/wp\/v2\/media\/4162"}],"wp:attachment":[{"href":"https:\/\/vizomix.hu\/en\/wp-json\/wp\/v2\/media?parent=4167"}],"wp:term":[{"taxonomy":"product_brand","embeddable":true,"href":"https:\/\/vizomix.hu\/en\/wp-json\/wp\/v2\/product_brand?post=4167"},{"taxonomy":"product_cat","embeddable":true,"href":"https:\/\/vizomix.hu\/en\/wp-json\/wp\/v2\/product_cat?post=4167"},{"taxonomy":"product_tag","embeddable":true,"href":"https:\/\/vizomix.hu\/en\/wp-json\/wp\/v2\/product_tag?post=4167"}],"curies":[{"name":"wp","href":"https:\/\/api.w.org\/{rel}","templated":true}]}}