{"id":4149,"date":"2026-02-26T18:06:24","date_gmt":"2026-02-26T17:06:24","guid":{"rendered":"https:\/\/vizomix.hu\/termek\/zara-barna-csinos-felso-arany-diszgombokkal\/"},"modified":"2026-03-18T13:20:13","modified_gmt":"2026-03-18T12:20:13","slug":"zara-barna-csinos-felso-arany-diszgombokkal","status":"publish","type":"product","link":"https:\/\/vizomix.hu\/en\/product\/zara-barna-csinos-felso-arany-diszgombokkal\/","title":{"rendered":"Zara barna csinos fels\u0151 arany d\u00edszgombokkal"},"content":{"rendered":"<p>Eleg\u00e1ns \u00e9s n\u0151ies darab a mindennapokra vagy alkalmakra. A barna \u00e1rnyalat meleg, kifinomult megjelen\u00e9st biztos\u00edt, m\u00edg az arany d\u00edszgombok k\u00fcl\u00f6nleges, st\u00edlusos r\u00e9szletk\u00e9nt emelik ki a fels\u0151t.<\/p>\n<p>K\u00f6nnyen kombin\u00e1lhat\u00f3 farmerrel, szokny\u00e1val vagy eleg\u00e1ns nadr\u00e1ggal is \u2013 sokoldal\u00fa, m\u00e9gis karakteres v\u00e1laszt\u00e1s a gardr\u00f3bba.<br \/>\nM\u00e9retez\u00e9s: m\u00e9reth\u00fa<\/p>","protected":false},"excerpt":{"rendered":"<p>Eleg\u00e1ns \u00e9s n\u0151ies darab a mindennapokra vagy alkalmakra. A barna \u00e1rnyalat meleg, kifinomult megjelen\u00e9st biztos\u00edt, m\u00edg az arany d\u00edszgombok k\u00fcl\u00f6nleges,<a class=\"read-more\" href=\"https:\/\/vizomix.hu\/en\/product\/zara-barna-csinos-felso-arany-diszgombokkal\/\">Tov\u00e1bb<\/a><\/p>","protected":false},"featured_media":4146,"comment_status":"open","ping_status":"closed","template":"","meta":[],"product_brand":[76],"product_cat":[35],"product_tag":[],"class_list":{"0":"post-4149","1":"product","2":"type-product","3":"status-publish","4":"has-post-thumbnail","6":"product_brand-zara","7":"product_cat-atmeneti-kabatok","9":"first","10":"instock","11":"taxable","12":"shipping-taxable","13":"purchasable","14":"product-type-variable","15":"add-to-wishlist-before_add_to_cart"},"supplier_id":null,"supplier_sku":"","barcode":null,"atum_controlled":true,"out_stock_date":null,"out_stock_threshold":null,"inheritable":false,"inbound_stock":null,"stock_on_hold":0,"sold_today":0,"sales_last_days":0,"reserved_stock":null,"customer_returns":null,"warehouse_damage":null,"lost_in_post":null,"other_logs":null,"out_stock_days":0,"lost_sales":0,"has_location":null,"update_date":"2026-03-18T12:20:15","atum_locations":[],"atum_stock_status":"instock","restock_status":false,"low_stock_amount":"","sales_update_date":"2026-03-17T19:15:08","calc_backorders":null,"_links":{"self":[{"href":"https:\/\/vizomix.hu\/en\/wp-json\/wp\/v2\/product\/4149","targetHints":{"allow":["GET"]}}],"collection":[{"href":"https:\/\/vizomix.hu\/en\/wp-json\/wp\/v2\/product"}],"about":[{"href":"https:\/\/vizomix.hu\/en\/wp-json\/wp\/v2\/types\/product"}],"replies":[{"embeddable":true,"href":"https:\/\/vizomix.hu\/en\/wp-json\/wp\/v2\/comments?post=4149"}],"wp:featuredmedia":[{"embeddable":true,"href":"https:\/\/vizomix.hu\/en\/wp-json\/wp\/v2\/media\/4146"}],"wp:attachment":[{"href":"https:\/\/vizomix.hu\/en\/wp-json\/wp\/v2\/media?parent=4149"}],"wp:term":[{"taxonomy":"product_brand","embeddable":true,"href":"https:\/\/vizomix.hu\/en\/wp-json\/wp\/v2\/product_brand?post=4149"},{"taxonomy":"product_cat","embeddable":true,"href":"https:\/\/vizomix.hu\/en\/wp-json\/wp\/v2\/product_cat?post=4149"},{"taxonomy":"product_tag","embeddable":true,"href":"https:\/\/vizomix.hu\/en\/wp-json\/wp\/v2\/product_tag?post=4149"}],"curies":[{"name":"wp","href":"https:\/\/api.w.org\/{rel}","templated":true}]}}