{"id":4131,"date":"2026-02-26T17:53:48","date_gmt":"2026-02-26T16:53:48","guid":{"rendered":"https:\/\/vizomix.hu\/termek\/zara-lemon-sarga-csodaszep-blezer-arany-gombokkal\/"},"modified":"2026-03-18T13:20:13","modified_gmt":"2026-03-18T12:20:13","slug":"zara-lemon-sarga-csodaszep-blezer-arany-gombokkal","status":"publish","type":"product","link":"https:\/\/vizomix.hu\/en\/product\/zara-lemon-sarga-csodaszep-blezer-arany-gombokkal\/","title":{"rendered":"Zara lemon s\u00e1rga csodasz\u00e9p bl\u00e9zer arany gombokkal"},"content":{"rendered":"<p>Zara n\u0151i lemon s\u00e1rga bl\u00e9zer arany gombokkal<\/p>\n<p>Friss, n\u0151ies \u00e9s igaz\u00e1n figyelemfelkelt\u0151 darab a gardr\u00f3bban. Ez a Zara bl\u00e9zer \u00fcde lemon s\u00e1rga \u00e1rnyalat\u00e1val azonnal feldobja a megjelen\u00e9st, mik\u00f6zben eleg\u00e1ns szab\u00e1sa kifinomult \u00f6sszhat\u00e1st biztos\u00edt.<\/p>\n<p>Az arany gombok k\u00fcl\u00f6nleges, luxus hat\u00e1s\u00fa r\u00e9szletk\u00e9nt emelik ki a bl\u00e9zert, harmonikusan kieg\u00e9sz\u00edtve a ragyog\u00f3 sz\u00ednt. T\u00f6k\u00e9letes v\u00e1laszt\u00e1s alkalmi esem\u00e9nyekre, irodai viselethez vagy ak\u00e1r egy st\u00edlusos h\u00e9tk\u00f6znapi szett r\u00e9szek\u00e9nt is. Farmerrel kombin\u00e1lva modern \u00e9s sikkes, eleg\u00e1ns nadr\u00e1ggal vagy szokny\u00e1val pedig igaz\u00e1n n\u0151ies outfitet alkot.<\/p>\n<p>Egy csodasz\u00e9p, karakteres darab, amely garant\u00e1ltan a szett k\u00f6zponti eleme lesz.<br \/>\nM\u00e9retez\u00e9s: m\u00e9reth\u0171<\/p>","protected":false},"excerpt":{"rendered":"<p>Zara n\u0151i lemon s\u00e1rga bl\u00e9zer arany gombokkal Friss, n\u0151ies \u00e9s igaz\u00e1n figyelemfelkelt\u0151 darab a gardr\u00f3bban. Ez a Zara bl\u00e9zer \u00fcde<a class=\"read-more\" href=\"https:\/\/vizomix.hu\/en\/product\/zara-lemon-sarga-csodaszep-blezer-arany-gombokkal\/\">Tov\u00e1bb<\/a><\/p>","protected":false},"featured_media":4129,"comment_status":"open","ping_status":"closed","template":"","meta":[],"product_brand":[76],"product_cat":[38],"product_tag":[],"class_list":{"0":"post-4131","1":"product","2":"type-product","3":"status-publish","4":"has-post-thumbnail","6":"product_brand-zara","7":"product_cat-blezerek","9":"first","10":"instock","11":"taxable","12":"shipping-taxable","13":"purchasable","14":"product-type-variable","15":"add-to-wishlist-before_add_to_cart"},"supplier_id":null,"supplier_sku":"","barcode":null,"atum_controlled":true,"out_stock_date":null,"out_stock_threshold":null,"inheritable":false,"inbound_stock":null,"stock_on_hold":0,"sold_today":0,"sales_last_days":0,"reserved_stock":null,"customer_returns":null,"warehouse_damage":null,"lost_in_post":null,"other_logs":null,"out_stock_days":0,"lost_sales":0,"has_location":null,"update_date":"2026-03-18T12:20:15","atum_locations":[],"atum_stock_status":"instock","restock_status":false,"low_stock_amount":"","sales_update_date":"2026-03-17T19:15:08","calc_backorders":null,"_links":{"self":[{"href":"https:\/\/vizomix.hu\/en\/wp-json\/wp\/v2\/product\/4131","targetHints":{"allow":["GET"]}}],"collection":[{"href":"https:\/\/vizomix.hu\/en\/wp-json\/wp\/v2\/product"}],"about":[{"href":"https:\/\/vizomix.hu\/en\/wp-json\/wp\/v2\/types\/product"}],"replies":[{"embeddable":true,"href":"https:\/\/vizomix.hu\/en\/wp-json\/wp\/v2\/comments?post=4131"}],"wp:featuredmedia":[{"embeddable":true,"href":"https:\/\/vizomix.hu\/en\/wp-json\/wp\/v2\/media\/4129"}],"wp:attachment":[{"href":"https:\/\/vizomix.hu\/en\/wp-json\/wp\/v2\/media?parent=4131"}],"wp:term":[{"taxonomy":"product_brand","embeddable":true,"href":"https:\/\/vizomix.hu\/en\/wp-json\/wp\/v2\/product_brand?post=4131"},{"taxonomy":"product_cat","embeddable":true,"href":"https:\/\/vizomix.hu\/en\/wp-json\/wp\/v2\/product_cat?post=4131"},{"taxonomy":"product_tag","embeddable":true,"href":"https:\/\/vizomix.hu\/en\/wp-json\/wp\/v2\/product_tag?post=4131"}],"curies":[{"name":"wp","href":"https:\/\/api.w.org\/{rel}","templated":true}]}}