{"id":386,"date":"2026-02-10T12:26:20","date_gmt":"2026-02-10T11:26:20","guid":{"rendered":"https:\/\/vizomix.hu\/termek\/u-s-sport-america-polo\/"},"modified":"2026-03-18T13:22:23","modified_gmt":"2026-03-18T12:22:23","slug":"u-s-sport-america-polo","status":"publish","type":"product","link":"https:\/\/vizomix.hu\/en\/product\/u-s-sport-america-polo\/","title":{"rendered":"U.S. SPORT AMERICA feh\u00e9r \u00e9s fekete mint\u00e1s p\u00f3l\u00f3"},"content":{"rendered":"<p>U.S. SPORT AMERICA p\u00f3l\u00f3 sportos mint\u00e1val<\/p>\n<p>Letisztult, k\u00e9nyelmes alapdarab sportos hangulattal. Ez a U.S. SPORT AMERICA p\u00f3l\u00f3 modern, amerikai sportihlet\u00e9s\u0171 mint\u00e1j\u00e1val friss \u00e9s lend\u00fcletes megjelen\u00e9st ad, mik\u00f6zben meg\u0151rzi a laza, k\u00f6nnyen hordhat\u00f3 st\u00edlust.<\/p>\n<p>A csomag 2 darabot tartalmaz: 1 feh\u00e9r p\u00f3l\u00f3t nagy el\u00fcls\u0151 mint\u00e1val \u00e9s 1 fekete p\u00f3l\u00f3t kis mellkasi log\u00f3val.<\/p>\n<p>Egyszer\u0171 szab\u00e1s\u00e1nak k\u00f6sz\u00f6nhet\u0151en j\u00f3l kombin\u00e1lhat\u00f3 farmerrel, r\u00f6vidnadr\u00e1ggal vagy sportos szettekkel is.<br \/>\nIde\u00e1lis v\u00e1laszt\u00e1s mindazoknak, akik a k\u00e9nyelmet \u00e9s a sportosan vag\u00e1ny megjelen\u00e9st egyar\u00e1nt fontosnak tartj\u00e1k. 100% pamut anyagb\u00f3l k\u00e9sz\u00fclt, k\u00e9nyelmes viselet sporthoz \u00e9s szabadid\u0151h\u00f6z.<br \/>\nM\u00e9retez\u00e9s: m\u00e9reth\u0171<\/p>","protected":false},"excerpt":{"rendered":"<p>U.S. SPORT AMERICA p\u00f3l\u00f3 sportos mint\u00e1val Letisztult, k\u00e9nyelmes alapdarab sportos hangulattal. Ez a U.S. SPORT AMERICA p\u00f3l\u00f3 modern, amerikai sportihlet\u00e9s\u0171<a class=\"read-more\" href=\"https:\/\/vizomix.hu\/en\/product\/u-s-sport-america-polo\/\">Tov\u00e1bb<\/a><\/p>","protected":false},"featured_media":382,"comment_status":"open","ping_status":"closed","template":"","meta":[],"product_brand":[90],"product_cat":[121],"product_tag":[],"class_list":{"0":"post-386","1":"product","2":"type-product","3":"status-publish","4":"has-post-thumbnail","6":"product_brand-u-s-sport-america","7":"product_cat-felso-ruhazat-triko-polo-felsoresz","9":"first","10":"instock","11":"taxable","12":"shipping-taxable","13":"purchasable","14":"product-type-variable","15":"add-to-wishlist-before_add_to_cart"},"supplier_id":null,"supplier_sku":"","barcode":null,"atum_controlled":true,"out_stock_date":null,"out_stock_threshold":null,"inheritable":false,"inbound_stock":0,"stock_on_hold":0,"sold_today":0,"sales_last_days":0,"reserved_stock":0,"customer_returns":0,"warehouse_damage":0,"lost_in_post":0,"other_logs":0,"out_stock_days":0,"lost_sales":0,"has_location":false,"update_date":"2026-03-18T12:22:24","atum_locations":[],"atum_stock_status":"instock","restock_status":false,"low_stock_amount":"","sales_update_date":"2026-03-17T19:15:20","calc_backorders":null,"_links":{"self":[{"href":"https:\/\/vizomix.hu\/en\/wp-json\/wp\/v2\/product\/386","targetHints":{"allow":["GET"]}}],"collection":[{"href":"https:\/\/vizomix.hu\/en\/wp-json\/wp\/v2\/product"}],"about":[{"href":"https:\/\/vizomix.hu\/en\/wp-json\/wp\/v2\/types\/product"}],"replies":[{"embeddable":true,"href":"https:\/\/vizomix.hu\/en\/wp-json\/wp\/v2\/comments?post=386"}],"wp:featuredmedia":[{"embeddable":true,"href":"https:\/\/vizomix.hu\/en\/wp-json\/wp\/v2\/media\/382"}],"wp:attachment":[{"href":"https:\/\/vizomix.hu\/en\/wp-json\/wp\/v2\/media?parent=386"}],"wp:term":[{"taxonomy":"product_brand","embeddable":true,"href":"https:\/\/vizomix.hu\/en\/wp-json\/wp\/v2\/product_brand?post=386"},{"taxonomy":"product_cat","embeddable":true,"href":"https:\/\/vizomix.hu\/en\/wp-json\/wp\/v2\/product_cat?post=386"},{"taxonomy":"product_tag","embeddable":true,"href":"https:\/\/vizomix.hu\/en\/wp-json\/wp\/v2\/product_tag?post=386"}],"curies":[{"name":"wp","href":"https:\/\/api.w.org\/{rel}","templated":true}]}}