{"id":313,"date":"2026-02-03T20:59:58","date_gmt":"2026-02-03T19:59:58","guid":{"rendered":"https:\/\/vizomix.hu\/termek\/hugo-boss-polo\/"},"modified":"2026-03-28T11:22:29","modified_gmt":"2026-03-28T10:22:29","slug":"hugo-boss-polo","status":"publish","type":"product","link":"https:\/\/vizomix.hu\/en\/product\/hugo-boss-polo\/","title":{"rendered":"Hugo Boss black short swim trunks"},"content":{"rendered":"<p>HUGO BOSS r\u00f6vid f\u00fcrd\u0151nadr\u00e1g<\/p>\n<p>St\u00edlus \u00e9s k\u00e9nyelem a ny\u00e1ri napokra. Ez a HUGO BOSS r\u00f6vid fazon\u00fa f\u00fcrd\u0151nadr\u00e1g modern megjelen\u00e9st \u00e9s k\u00e9nyelmes viseletet biztos\u00edt strandol\u00e1shoz vagy medenc\u00e9hez. K\u00f6nny\u0171, gyorsan sz\u00e1rad\u00f3 anyag\u00e1nak k\u00f6sz\u00f6nhet\u0151en praktikus v\u00e1laszt\u00e1s, mik\u00f6zben a m\u00e1rk\u00e1ra jellemz\u0151 letisztult, pr\u00e9mium st\u00edlust k\u00e9pviseli.<\/p>\n<p>Sportos szab\u00e1sa \u00e9s id\u0151t\u00e1ll\u00f3 kialak\u00edt\u00e1sa miatt ide\u00e1lis v\u00e1laszt\u00e1s nyaral\u00e1shoz, v\u00edzparti programokhoz vagy akt\u00edv kikapcsol\u00f3d\u00e1shoz.<\/p>\n<p>Jellemz\u0151k:<br \/>\n&#8211; Gumis, megk\u00f6t\u0151s der\u00e9kr\u00e9sz<br \/>\n&#8211; K\u00e9t el\u00fcls\u0151 zsebek<br \/>\n&#8211; Egy h\u00e1ts\u00f3 t\u00e9p\u0151z\u00e1r<br \/>\n&#8211; K\u00f6nny\u0171, gyorsan sz\u00e1rad\u00f3 anyag<\/p>\n<p>M\u00e9retez\u00e9s: m\u00e9reth\u0171<\/p>","protected":false},"excerpt":{"rendered":"<p>HUGO BOSS r\u00f6vid f\u00fcrd\u0151nadr\u00e1g St\u00edlus \u00e9s k\u00e9nyelem a ny\u00e1ri napokra. Ez a HUGO BOSS r\u00f6vid fazon\u00fa f\u00fcrd\u0151nadr\u00e1g modern megjelen\u00e9st \u00e9s<a class=\"read-more\" href=\"https:\/\/vizomix.hu\/en\/product\/hugo-boss-polo\/\">Tov\u00e1bb<\/a><\/p>","protected":false},"featured_media":328,"comment_status":"open","ping_status":"closed","template":"","meta":[],"product_brand":[85],"product_cat":[40],"product_tag":[],"class_list":{"0":"post-313","1":"product","2":"type-product","3":"status-publish","4":"has-post-thumbnail","6":"product_brand-hugo-boss","7":"product_cat-rovidnadragok-shortok-bermudak","9":"first","10":"instock","11":"featured","12":"taxable","13":"shipping-taxable","14":"purchasable","15":"product-type-variable","16":"add-to-wishlist-before_add_to_cart"},"supplier_id":null,"supplier_sku":"","barcode":null,"atum_controlled":true,"out_stock_date":null,"out_stock_threshold":null,"inheritable":false,"inbound_stock":0,"stock_on_hold":0,"sold_today":0,"sales_last_days":0,"reserved_stock":0,"customer_returns":0,"warehouse_damage":0,"lost_in_post":0,"other_logs":0,"out_stock_days":0,"lost_sales":0,"has_location":false,"update_date":"2026-03-28T10:22:30","atum_locations":[],"atum_stock_status":"instock","restock_status":false,"low_stock_amount":"","sales_update_date":"2026-03-17T19:15:20","calc_backorders":null,"_links":{"self":[{"href":"https:\/\/vizomix.hu\/en\/wp-json\/wp\/v2\/product\/313","targetHints":{"allow":["GET"]}}],"collection":[{"href":"https:\/\/vizomix.hu\/en\/wp-json\/wp\/v2\/product"}],"about":[{"href":"https:\/\/vizomix.hu\/en\/wp-json\/wp\/v2\/types\/product"}],"replies":[{"embeddable":true,"href":"https:\/\/vizomix.hu\/en\/wp-json\/wp\/v2\/comments?post=313"}],"wp:featuredmedia":[{"embeddable":true,"href":"https:\/\/vizomix.hu\/en\/wp-json\/wp\/v2\/media\/328"}],"wp:attachment":[{"href":"https:\/\/vizomix.hu\/en\/wp-json\/wp\/v2\/media?parent=313"}],"wp:term":[{"taxonomy":"product_brand","embeddable":true,"href":"https:\/\/vizomix.hu\/en\/wp-json\/wp\/v2\/product_brand?post=313"},{"taxonomy":"product_cat","embeddable":true,"href":"https:\/\/vizomix.hu\/en\/wp-json\/wp\/v2\/product_cat?post=313"},{"taxonomy":"product_tag","embeddable":true,"href":"https:\/\/vizomix.hu\/en\/wp-json\/wp\/v2\/product_tag?post=313"}],"curies":[{"name":"wp","href":"https:\/\/api.w.org\/{rel}","templated":true}]}}