{"id":304,"date":"2026-02-03T20:49:27","date_gmt":"2026-02-03T19:49:27","guid":{"rendered":"https:\/\/vizomix.hu\/termek\/karl-lagerfeld-polo\/"},"modified":"2026-03-18T13:22:23","modified_gmt":"2026-03-18T12:22:23","slug":"karl-lagerfeld-polo","status":"publish","type":"product","link":"https:\/\/vizomix.hu\/en\/product\/karl-lagerfeld-polo\/","title":{"rendered":"Karl Lagerfeld white and black T-shirt"},"content":{"rendered":"<p>Karl Lagerfeld feh\u00e9r oversize p\u00f3l\u00f3 \u2013 100% pamut, kicsi log\u00f3val<\/p>\n<p>Letisztult diz\u00e1jn \u00e9s modern, laza megjelen\u00e9s. Ez a Karl Lagerfeld feh\u00e9r oversize fazon\u00fa p\u00f3l\u00f3 b\u0151vebb szab\u00e1s\u00e1nak k\u00f6sz\u00f6nhet\u0151en extra k\u00e9nyelmet \u00e9s trendi megjelen\u00e9st biztos\u00edt. A 100% pamut anyag puha tapint\u00e1s\u00fa, j\u00f3l szell\u0151zik, \u00edgy ide\u00e1lis v\u00e1laszt\u00e1s a mindennapokra.<\/p>\n<p>A mellr\u00e9szen elhelyezett apr\u00f3, diszkr\u00e9t log\u00f3 finoman emeli ki a pr\u00e9mium min\u0151s\u00e9get, mik\u00f6zben a p\u00f3l\u00f3 meg\u0151rzi minimalista st\u00edlus\u00e1t. K\u00f6nnyen kombin\u00e1lhat\u00f3 farmerrel, shorttal vagy streetwear szettek r\u00e9szek\u00e9nt is.<\/p>\n<p>Jellemz\u0151k:<\/p>\n<p>&#8211; Oversize, b\u0151 szab\u00e1s\u00fa kialak\u00edt\u00e1s<br \/>\n&#8211; Klasszikus feh\u00e9r sz\u00edn<br \/>\n&#8211; 100% pamut anyag<br \/>\n&#8211; Apr\u00f3 Karl Lagerfeld log\u00f3 a mellr\u00e9szen<\/p>\n<p>M\u00e9retez\u00e9s: m\u00e9reth\u0171<\/p>","protected":false},"excerpt":{"rendered":"<p>Karl Lagerfeld feh\u00e9r oversize p\u00f3l\u00f3 \u2013 100% pamut, kicsi log\u00f3val Letisztult diz\u00e1jn \u00e9s modern, laza megjelen\u00e9s. Ez a Karl Lagerfeld<a class=\"read-more\" href=\"https:\/\/vizomix.hu\/en\/product\/karl-lagerfeld-polo\/\">Tov\u00e1bb<\/a><\/p>","protected":false},"featured_media":299,"comment_status":"open","ping_status":"closed","template":"","meta":[],"product_brand":[77],"product_cat":[42],"product_tag":[],"class_list":{"0":"post-304","1":"product","2":"type-product","3":"status-publish","4":"has-post-thumbnail","6":"product_brand-karl-lagerfeld","7":"product_cat-felso-ruhazat-top-triko-polo-body-felsoresz","9":"first","10":"instock","11":"taxable","12":"shipping-taxable","13":"purchasable","14":"product-type-variable","15":"add-to-wishlist-before_add_to_cart"},"supplier_id":null,"supplier_sku":"","barcode":null,"atum_controlled":true,"out_stock_date":null,"out_stock_threshold":null,"inheritable":false,"inbound_stock":0,"stock_on_hold":0,"sold_today":0,"sales_last_days":0,"reserved_stock":0,"customer_returns":0,"warehouse_damage":0,"lost_in_post":0,"other_logs":0,"out_stock_days":0,"lost_sales":0,"has_location":false,"update_date":"2026-03-18T12:22:24","atum_locations":[],"atum_stock_status":"instock","restock_status":false,"low_stock_amount":"","sales_update_date":"2026-03-17T19:15:20","calc_backorders":null,"_links":{"self":[{"href":"https:\/\/vizomix.hu\/en\/wp-json\/wp\/v2\/product\/304","targetHints":{"allow":["GET"]}}],"collection":[{"href":"https:\/\/vizomix.hu\/en\/wp-json\/wp\/v2\/product"}],"about":[{"href":"https:\/\/vizomix.hu\/en\/wp-json\/wp\/v2\/types\/product"}],"replies":[{"embeddable":true,"href":"https:\/\/vizomix.hu\/en\/wp-json\/wp\/v2\/comments?post=304"}],"wp:featuredmedia":[{"embeddable":true,"href":"https:\/\/vizomix.hu\/en\/wp-json\/wp\/v2\/media\/299"}],"wp:attachment":[{"href":"https:\/\/vizomix.hu\/en\/wp-json\/wp\/v2\/media?parent=304"}],"wp:term":[{"taxonomy":"product_brand","embeddable":true,"href":"https:\/\/vizomix.hu\/en\/wp-json\/wp\/v2\/product_brand?post=304"},{"taxonomy":"product_cat","embeddable":true,"href":"https:\/\/vizomix.hu\/en\/wp-json\/wp\/v2\/product_cat?post=304"},{"taxonomy":"product_tag","embeddable":true,"href":"https:\/\/vizomix.hu\/en\/wp-json\/wp\/v2\/product_tag?post=304"}],"curies":[{"name":"wp","href":"https:\/\/api.w.org\/{rel}","templated":true}]}}