{"id":2698,"date":"2026-02-18T23:59:49","date_gmt":"2026-02-18T22:59:49","guid":{"rendered":"https:\/\/vizomix.hu\/termek\/tommy-jeans-fekete-szurke-ecru-polo-szett\/"},"modified":"2026-03-18T13:20:13","modified_gmt":"2026-03-18T12:20:13","slug":"tommy-jeans-fekete-szurke-ecru-polo-szett","status":"publish","type":"product","link":"https:\/\/vizomix.hu\/en\/product\/tommy-jeans-fekete-szurke-ecru-polo-szett\/","title":{"rendered":"Tommy Jeans black\/grey\/ecru t-shirt set"},"content":{"rendered":"<p>Tommy Jeans fekete\/sz\u00fcrke\/ecr\u00fc p\u00f3l\u00f3 szett \u2013 0XS Black \/ Lt Grey Htr \/ Ecru<\/p>\n<p>St\u00edlusos \u00e9s k\u00e9nyelmes alapdarab a mindennapokra. Ez a Tommy Jeans multicolor p\u00f3l\u00f3 szett fekete, vil\u00e1gossz\u00fcrke mel\u00edrozott \u00e9s ecr\u00fc sz\u00ednekben el\u00e9rhet\u0151, modern \u00e9s letisztult megjelen\u00e9ssel.<\/p>\n<p>Kerek nyakkiv\u00e1g\u00e1ssal \u00e9s r\u00f6vid ujjakkal k\u00e9sz\u00fclt, klasszikus fazonban. A h\u00edmzett log\u00f3 eleg\u00e1ns, visszafogott r\u00e9szletk\u00e9nt emeli ki a p\u00f3l\u00f3kat.<\/p>\n<p>100% pamut anyagb\u00f3l k\u00e9sz\u00fclt, \u00edgy puha \u00e9s l\u00e9g\u00e1tereszt\u0151 viseletet biztos\u00edt. Dobozban ker\u00fcl \u00e9rt\u00e9kes\u00edt\u00e9sre, t\u00e9teles kiszerel\u00e9sben. A csomag 3 darab p\u00f3l\u00f3t tartalmaz.<\/p>\n<p>M\u00e9retaj\u00e1nl\u00e1s: v\u00e1laszd a szok\u00e1sos m\u00e9reted.<br \/>\nKarbantart\u00e1s: g\u00e9pben moshat\u00f3.<\/p>","protected":false},"excerpt":{"rendered":"<p>Tommy Jeans fekete\/sz\u00fcrke\/ecr\u00fc p\u00f3l\u00f3 szett \u2013 0XS Black \/ Lt Grey Htr \/ Ecru St\u00edlusos \u00e9s k\u00e9nyelmes alapdarab a mindennapokra.<a class=\"read-more\" href=\"https:\/\/vizomix.hu\/en\/product\/tommy-jeans-fekete-szurke-ecru-polo-szett\/\">Tov\u00e1bb<\/a><\/p>","protected":false},"featured_media":5407,"comment_status":"open","ping_status":"closed","template":"","meta":[],"product_brand":[80],"product_cat":[121],"product_tag":[],"class_list":{"0":"post-2698","1":"product","2":"type-product","3":"status-publish","4":"has-post-thumbnail","6":"product_brand-tommy-jeans","7":"product_cat-felso-ruhazat-triko-polo-felsoresz","9":"first","10":"instock","11":"taxable","12":"shipping-taxable","13":"purchasable","14":"product-type-variable","15":"add-to-wishlist-before_add_to_cart"},"supplier_id":null,"supplier_sku":"","barcode":null,"atum_controlled":true,"out_stock_date":null,"out_stock_threshold":null,"inheritable":false,"inbound_stock":0,"stock_on_hold":0,"sold_today":0,"sales_last_days":0,"reserved_stock":0,"customer_returns":0,"warehouse_damage":0,"lost_in_post":0,"other_logs":0,"out_stock_days":0,"lost_sales":0,"has_location":false,"update_date":"2026-03-18T12:20:15","atum_locations":[],"atum_stock_status":"instock","restock_status":false,"low_stock_amount":"","sales_update_date":"2026-03-17T19:15:08","calc_backorders":null,"_links":{"self":[{"href":"https:\/\/vizomix.hu\/en\/wp-json\/wp\/v2\/product\/2698","targetHints":{"allow":["GET"]}}],"collection":[{"href":"https:\/\/vizomix.hu\/en\/wp-json\/wp\/v2\/product"}],"about":[{"href":"https:\/\/vizomix.hu\/en\/wp-json\/wp\/v2\/types\/product"}],"replies":[{"embeddable":true,"href":"https:\/\/vizomix.hu\/en\/wp-json\/wp\/v2\/comments?post=2698"}],"wp:featuredmedia":[{"embeddable":true,"href":"https:\/\/vizomix.hu\/en\/wp-json\/wp\/v2\/media\/5407"}],"wp:attachment":[{"href":"https:\/\/vizomix.hu\/en\/wp-json\/wp\/v2\/media?parent=2698"}],"wp:term":[{"taxonomy":"product_brand","embeddable":true,"href":"https:\/\/vizomix.hu\/en\/wp-json\/wp\/v2\/product_brand?post=2698"},{"taxonomy":"product_cat","embeddable":true,"href":"https:\/\/vizomix.hu\/en\/wp-json\/wp\/v2\/product_cat?post=2698"},{"taxonomy":"product_tag","embeddable":true,"href":"https:\/\/vizomix.hu\/en\/wp-json\/wp\/v2\/product_tag?post=2698"}],"curies":[{"name":"wp","href":"https:\/\/api.w.org\/{rel}","templated":true}]}}