{"id":2683,"date":"2026-02-18T23:51:31","date_gmt":"2026-02-18T22:51:31","guid":{"rendered":"https:\/\/vizomix.hu\/termek\/emporio-armani-kek-polo-3\/"},"modified":"2026-03-18T13:20:13","modified_gmt":"2026-03-18T12:20:13","slug":"emporio-armani-kek-polo-3","status":"publish","type":"product","link":"https:\/\/vizomix.hu\/en\/product\/emporio-armani-kek-polo-3\/","title":{"rendered":"Emporio Armani k\u00e9k p\u00f3l\u00f3 szett"},"content":{"rendered":"<p>Emporio Armani k\u00e9k p\u00f3l\u00f3 szett \u2013 MB318 Stone \/ Peacoat \u2013 2 db<\/p>\n<p>Pr\u00e9mium min\u0151s\u00e9g\u0171 \u00e9s st\u00edlusos alapdarab a mindennapokra. Ezek az Emporio Armani p\u00f3l\u00f3k k\u00e9k \u00e1rnyalatban k\u00e9sz\u00fcltek, modern \u00e9s letisztult megjelen\u00e9ssel.<\/p>\n<p>Egyenes szab\u00e1s\u00fa, klasszikus kerek nyakkiv\u00e1g\u00e1ssal \u00e9s r\u00f6vid ujjakkal. A foltozott log\u00f3 eleg\u00e1ns, karakteres r\u00e9szletk\u00e9nt emeli ki a diz\u00e1jnt<\/p>\n<p>Dobozban ker\u00fcl \u00e9rt\u00e9kes\u00edt\u00e9sre, t\u00e9teles kiszerel\u00e9sben. A csomag 2 db p\u00f3l\u00f3t tartalmaz.<br \/>\nA 95% pamut \u00e9s 5% elaszt\u00e1n \u00f6sszet\u00e9tel puha, rugalmas \u00e9s kellemes komfort\u00e9rzetet ny\u00fajt.<\/p>\n<p>M\u00e9retaj\u00e1nl\u00e1s: v\u00e1laszd a szok\u00e1sos m\u00e9reted.<br \/>\nSz\u00edn: MB318 Stone \/ Peacoat<br \/>\nKarbantart\u00e1s: g\u00e9pben moshat\u00f3.<\/p>\n<p>Ide\u00e1lis v\u00e1laszt\u00e1s h\u00e9tk\u00f6znapi \u00e9s sportosan eleg\u00e1ns outfitekhez.<\/p>","protected":false},"excerpt":{"rendered":"<p>Emporio Armani k\u00e9k p\u00f3l\u00f3 szett \u2013 MB318 Stone \/ Peacoat \u2013 2 db Pr\u00e9mium min\u0151s\u00e9g\u0171 \u00e9s st\u00edlusos alapdarab a mindennapokra.<a class=\"read-more\" href=\"https:\/\/vizomix.hu\/en\/product\/emporio-armani-kek-polo-3\/\">Tov\u00e1bb<\/a><\/p>","protected":false},"featured_media":5905,"comment_status":"open","ping_status":"closed","template":"","meta":[],"product_brand":[95],"product_cat":[121],"product_tag":[],"class_list":{"0":"post-2683","1":"product","2":"type-product","3":"status-publish","4":"has-post-thumbnail","6":"product_brand-emporio-armani","7":"product_cat-felso-ruhazat-triko-polo-felsoresz","9":"first","10":"instock","11":"taxable","12":"shipping-taxable","13":"purchasable","14":"product-type-variable","15":"add-to-wishlist-before_add_to_cart"},"supplier_id":null,"supplier_sku":"","barcode":null,"atum_controlled":true,"out_stock_date":null,"out_stock_threshold":null,"inheritable":false,"inbound_stock":0,"stock_on_hold":0,"sold_today":0,"sales_last_days":0,"reserved_stock":0,"customer_returns":0,"warehouse_damage":0,"lost_in_post":0,"other_logs":0,"out_stock_days":0,"lost_sales":0,"has_location":false,"update_date":"2026-03-18T12:20:15","atum_locations":[],"atum_stock_status":"instock","restock_status":false,"low_stock_amount":"","sales_update_date":"2026-03-17T19:15:08","calc_backorders":null,"_links":{"self":[{"href":"https:\/\/vizomix.hu\/en\/wp-json\/wp\/v2\/product\/2683","targetHints":{"allow":["GET"]}}],"collection":[{"href":"https:\/\/vizomix.hu\/en\/wp-json\/wp\/v2\/product"}],"about":[{"href":"https:\/\/vizomix.hu\/en\/wp-json\/wp\/v2\/types\/product"}],"replies":[{"embeddable":true,"href":"https:\/\/vizomix.hu\/en\/wp-json\/wp\/v2\/comments?post=2683"}],"wp:featuredmedia":[{"embeddable":true,"href":"https:\/\/vizomix.hu\/en\/wp-json\/wp\/v2\/media\/5905"}],"wp:attachment":[{"href":"https:\/\/vizomix.hu\/en\/wp-json\/wp\/v2\/media?parent=2683"}],"wp:term":[{"taxonomy":"product_brand","embeddable":true,"href":"https:\/\/vizomix.hu\/en\/wp-json\/wp\/v2\/product_brand?post=2683"},{"taxonomy":"product_cat","embeddable":true,"href":"https:\/\/vizomix.hu\/en\/wp-json\/wp\/v2\/product_cat?post=2683"},{"taxonomy":"product_tag","embeddable":true,"href":"https:\/\/vizomix.hu\/en\/wp-json\/wp\/v2\/product_tag?post=2683"}],"curies":[{"name":"wp","href":"https:\/\/api.w.org\/{rel}","templated":true}]}}