{"id":2670,"date":"2026-02-18T23:42:49","date_gmt":"2026-02-18T22:42:49","guid":{"rendered":"https:\/\/vizomix.hu\/termek\/tommy-jeans-kek-polo\/"},"modified":"2026-03-18T13:20:13","modified_gmt":"2026-03-18T12:20:13","slug":"tommy-jeans-kek-polo","status":"publish","type":"product","link":"https:\/\/vizomix.hu\/en\/product\/tommy-jeans-kek-polo\/","title":{"rendered":"Tommy Jeans blue t-shirt"},"content":{"rendered":"<p>Tommy Jeans k\u00e9k p\u00f3l\u00f3 \u2013 Dark Night Navy Htr C1G<\/p>\n<p>St\u00edlusos \u00e9s k\u00e9nyelmes alapdarab a mindennapokra. Ez a Tommy Jeans p\u00f3l\u00f3 s\u00f6t\u00e9tk\u00e9k, mel\u00edrozott (Dark Night Navy Htr C1G) kivitelben k\u00e9sz\u00fclt, modern \u00e9s sportosan eleg\u00e1ns megjelen\u00e9st biztos\u00edtva.<\/p>\n<p>Egyenes szab\u00e1s\u00fa, klasszikus kerek nyakkiv\u00e1g\u00e1ssal \u00e9s r\u00f6vid ujjakkal. A h\u00edmzett log\u00f3 diszkr\u00e9t, m\u00e9gis karakteres r\u00e9szletk\u00e9nt emeli ki a p\u00f3l\u00f3t.<\/p>\n<p>Anyag\u00f6sszet\u00e9tele 60% pamut \u00e9s 40% \u00fajrahasznos\u00edtott poli\u00e9szter, \u00edgy puha tapint\u00e1s\u00fa, k\u00e9nyelmes \u00e9s k\u00f6rnyezettudatosabb v\u00e1laszt\u00e1s.<\/p>\n<p>M\u00e9retaj\u00e1nl\u00e1s: v\u00e1laszd a szok\u00e1sos m\u00e9reted.<br \/>\nKarbantart\u00e1s: g\u00e9pben moshat\u00f3.<\/p>\n<p>Ide\u00e1lis v\u00e1laszt\u00e1s h\u00e9tk\u00f6znapi \u00e9s sportos outfitekhez egyar\u00e1nt.<\/p>","protected":false},"excerpt":{"rendered":"<p>Tommy Jeans k\u00e9k p\u00f3l\u00f3 \u2013 Dark Night Navy Htr C1G St\u00edlusos \u00e9s k\u00e9nyelmes alapdarab a mindennapokra. Ez a Tommy Jeans<a class=\"read-more\" href=\"https:\/\/vizomix.hu\/en\/product\/tommy-jeans-kek-polo\/\">Tov\u00e1bb<\/a><\/p>","protected":false},"featured_media":6258,"comment_status":"open","ping_status":"closed","template":"","meta":[],"product_brand":[80],"product_cat":[121],"product_tag":[],"class_list":{"0":"post-2670","1":"product","2":"type-product","3":"status-publish","4":"has-post-thumbnail","6":"product_brand-tommy-jeans","7":"product_cat-felso-ruhazat-triko-polo-felsoresz","9":"first","10":"instock","11":"taxable","12":"shipping-taxable","13":"purchasable","14":"product-type-variable","15":"add-to-wishlist-before_add_to_cart"},"supplier_id":null,"supplier_sku":"","barcode":null,"atum_controlled":true,"out_stock_date":null,"out_stock_threshold":null,"inheritable":false,"inbound_stock":0,"stock_on_hold":0,"sold_today":0,"sales_last_days":0,"reserved_stock":0,"customer_returns":0,"warehouse_damage":0,"lost_in_post":0,"other_logs":0,"out_stock_days":0,"lost_sales":0,"has_location":false,"update_date":"2026-03-18T12:20:15","atum_locations":[],"atum_stock_status":"instock","restock_status":false,"low_stock_amount":"","sales_update_date":"2026-03-17T19:15:08","calc_backorders":null,"_links":{"self":[{"href":"https:\/\/vizomix.hu\/en\/wp-json\/wp\/v2\/product\/2670","targetHints":{"allow":["GET"]}}],"collection":[{"href":"https:\/\/vizomix.hu\/en\/wp-json\/wp\/v2\/product"}],"about":[{"href":"https:\/\/vizomix.hu\/en\/wp-json\/wp\/v2\/types\/product"}],"replies":[{"embeddable":true,"href":"https:\/\/vizomix.hu\/en\/wp-json\/wp\/v2\/comments?post=2670"}],"wp:featuredmedia":[{"embeddable":true,"href":"https:\/\/vizomix.hu\/en\/wp-json\/wp\/v2\/media\/6258"}],"wp:attachment":[{"href":"https:\/\/vizomix.hu\/en\/wp-json\/wp\/v2\/media?parent=2670"}],"wp:term":[{"taxonomy":"product_brand","embeddable":true,"href":"https:\/\/vizomix.hu\/en\/wp-json\/wp\/v2\/product_brand?post=2670"},{"taxonomy":"product_cat","embeddable":true,"href":"https:\/\/vizomix.hu\/en\/wp-json\/wp\/v2\/product_cat?post=2670"},{"taxonomy":"product_tag","embeddable":true,"href":"https:\/\/vizomix.hu\/en\/wp-json\/wp\/v2\/product_tag?post=2670"}],"curies":[{"name":"wp","href":"https:\/\/api.w.org\/{rel}","templated":true}]}}