{"id":264,"date":"2026-02-03T19:34:45","date_gmt":"2026-02-03T18:34:45","guid":{"rendered":"https:\/\/vizomix.hu\/termek\/puma-polo-2\/"},"modified":"2026-03-23T22:28:39","modified_gmt":"2026-03-23T21:28:39","slug":"puma-polo-2","status":"publish","type":"product","link":"https:\/\/vizomix.hu\/en\/product\/puma-polo-2\/","title":{"rendered":"Tommy Hilfiger z\u00f6ld p\u00f3l\u00f3"},"content":{"rendered":"<p>Tommy Hilfiger z\u00f6ld, 100% pamut p\u00f3l\u00f3<\/p>\n<p>Id\u0151tlen megjelen\u00e9s \u00e9s pr\u00e9mium min\u0151s\u00e9g egy darabban. Ez az egyszer\u0171, z\u00f6ld Tommy Hilfiger p\u00f3l\u00f3 klasszikus fazonj\u00e1nak \u00e9s term\u00e9szetes anyag\u00e1nak k\u00f6sz\u00f6nhet\u0151en t\u00f6k\u00e9letes v\u00e1laszt\u00e1s a mindennapokra. A 100% pamut anyag puha tapint\u00e1s\u00fa, j\u00f3l szell\u0151zik, \u00e9s eg\u00e9sz napos k\u00e9nyelmet biztos\u00edt.<\/p>\n<p>Letisztult diz\u00e1jnja miatt k\u00f6nnyen kombin\u00e1lhat\u00f3 farmerrel, chino nadr\u00e1ggal vagy ak\u00e1r sportosabb szettekkel is \u2013 igazi alapdarab a ruhat\u00e1rban.<\/p>\n<p>Ide\u00e1lis v\u00e1laszt\u00e1s h\u00e9tk\u00f6znapi viselethez, munk\u00e1ba vagy szabadid\u0151s programokhoz.<br \/>\nM\u00e9retez\u00e9s: m\u00e9reth\u0171<\/p>","protected":false},"excerpt":{"rendered":"<p>Tommy Hilfiger z\u00f6ld, 100% pamut p\u00f3l\u00f3 Id\u0151tlen megjelen\u00e9s \u00e9s pr\u00e9mium min\u0151s\u00e9g egy darabban. Ez az egyszer\u0171, z\u00f6ld Tommy Hilfiger p\u00f3l\u00f3<a class=\"read-more\" href=\"https:\/\/vizomix.hu\/en\/product\/puma-polo-2\/\">Tov\u00e1bb<\/a><\/p>","protected":false},"featured_media":271,"comment_status":"open","ping_status":"closed","template":"","meta":[],"product_brand":[81],"product_cat":[121],"product_tag":[],"class_list":{"0":"post-264","1":"product","2":"type-product","3":"status-publish","4":"has-post-thumbnail","6":"product_brand-tommy-hilfiger","7":"product_cat-felso-ruhazat-triko-polo-felsoresz","9":"first","10":"instock","11":"taxable","12":"shipping-taxable","13":"purchasable","14":"product-type-variable","15":"add-to-wishlist-before_add_to_cart"},"supplier_id":null,"supplier_sku":"","barcode":null,"atum_controlled":true,"out_stock_date":null,"out_stock_threshold":null,"inheritable":true,"inbound_stock":0,"stock_on_hold":0,"sold_today":0,"sales_last_days":1,"reserved_stock":0,"customer_returns":0,"warehouse_damage":0,"lost_in_post":0,"other_logs":0,"out_stock_days":0,"lost_sales":0,"has_location":false,"update_date":"2026-03-30T22:14:27","atum_locations":[],"atum_stock_status":"instock","restock_status":false,"low_stock_amount":"","sales_update_date":"2026-03-17T19:15:20","calc_backorders":null,"_links":{"self":[{"href":"https:\/\/vizomix.hu\/en\/wp-json\/wp\/v2\/product\/264","targetHints":{"allow":["GET"]}}],"collection":[{"href":"https:\/\/vizomix.hu\/en\/wp-json\/wp\/v2\/product"}],"about":[{"href":"https:\/\/vizomix.hu\/en\/wp-json\/wp\/v2\/types\/product"}],"replies":[{"embeddable":true,"href":"https:\/\/vizomix.hu\/en\/wp-json\/wp\/v2\/comments?post=264"}],"wp:featuredmedia":[{"embeddable":true,"href":"https:\/\/vizomix.hu\/en\/wp-json\/wp\/v2\/media\/271"}],"wp:attachment":[{"href":"https:\/\/vizomix.hu\/en\/wp-json\/wp\/v2\/media?parent=264"}],"wp:term":[{"taxonomy":"product_brand","embeddable":true,"href":"https:\/\/vizomix.hu\/en\/wp-json\/wp\/v2\/product_brand?post=264"},{"taxonomy":"product_cat","embeddable":true,"href":"https:\/\/vizomix.hu\/en\/wp-json\/wp\/v2\/product_cat?post=264"},{"taxonomy":"product_tag","embeddable":true,"href":"https:\/\/vizomix.hu\/en\/wp-json\/wp\/v2\/product_tag?post=264"}],"curies":[{"name":"wp","href":"https:\/\/api.w.org\/{rel}","templated":true}]}}