{"id":256,"date":"2026-02-03T19:30:25","date_gmt":"2026-02-03T18:30:25","guid":{"rendered":"https:\/\/vizomix.hu\/termek\/puma-polo\/"},"modified":"2026-03-18T13:22:23","modified_gmt":"2026-03-18T12:22:23","slug":"puma-polo-3","status":"publish","type":"product","link":"https:\/\/vizomix.hu\/en\/product\/puma-polo-3\/","title":{"rendered":"Puma sz\u00fcrke p\u00f3l\u00f3"},"content":{"rendered":"<p>Puma sz\u00fcrke kereknyak\u00fa, r\u00f6vid ujj\u00fa p\u00f3l\u00f3 \u2013 Forever Better<\/p>\n<p>Letisztult st\u00edlus, ikonikus Puma min\u0151s\u00e9g. Ez a sz\u00fcrke, kereknyak\u00fa p\u00f3l\u00f3 t\u00f6k\u00e9letes alapdarab a mindennapokra: k\u00e9nyelmes, k\u00f6nnyen kombin\u00e1lhat\u00f3, sportos \u00e9s casual szettekhez is passzol. A Forever Better c\u00edmke a Puma fenntarthat\u00f3s\u00e1g ir\u00e1nti elk\u00f6telez\u0151d\u00e9s\u00e9t jelzi, \u00edgy nemcsak j\u00f3l n\u00e9z ki, de tudatos v\u00e1laszt\u00e1s is.<\/p>\n<p>T\u00f6k\u00e9letes v\u00e1laszt\u00e1s edz\u00e9shez, h\u00e9tk\u00f6znapokra vagy ak\u00e1r streetwear szettekhez is.<br \/>\nM\u00e9retez\u00e9s: m\u00e9reth\u0171<\/p>","protected":false},"excerpt":{"rendered":"<p>Puma sz\u00fcrke kereknyak\u00fa, r\u00f6vid ujj\u00fa p\u00f3l\u00f3 \u2013 Forever Better Letisztult st\u00edlus, ikonikus Puma min\u0151s\u00e9g. Ez a sz\u00fcrke, kereknyak\u00fa p\u00f3l\u00f3 t\u00f6k\u00e9letes<a class=\"read-more\" href=\"https:\/\/vizomix.hu\/en\/product\/puma-polo-3\/\">Tov\u00e1bb<\/a><\/p>","protected":false},"featured_media":254,"comment_status":"open","ping_status":"closed","template":"","meta":[],"product_brand":[88],"product_cat":[121],"product_tag":[],"class_list":{"0":"post-256","1":"product","2":"type-product","3":"status-publish","4":"has-post-thumbnail","6":"product_brand-puma","7":"product_cat-felso-ruhazat-triko-polo-felsoresz","9":"first","10":"instock","11":"taxable","12":"shipping-taxable","13":"purchasable","14":"product-type-variable","15":"add-to-wishlist-before_add_to_cart"},"supplier_id":null,"supplier_sku":"","barcode":null,"atum_controlled":true,"out_stock_date":null,"out_stock_threshold":null,"inheritable":false,"inbound_stock":0,"stock_on_hold":0,"sold_today":0,"sales_last_days":0,"reserved_stock":0,"customer_returns":0,"warehouse_damage":0,"lost_in_post":0,"other_logs":0,"out_stock_days":0,"lost_sales":0,"has_location":false,"update_date":"2026-03-18T12:22:24","atum_locations":[],"atum_stock_status":"instock","restock_status":false,"low_stock_amount":"","sales_update_date":"2026-03-17T19:15:20","calc_backorders":null,"_links":{"self":[{"href":"https:\/\/vizomix.hu\/en\/wp-json\/wp\/v2\/product\/256","targetHints":{"allow":["GET"]}}],"collection":[{"href":"https:\/\/vizomix.hu\/en\/wp-json\/wp\/v2\/product"}],"about":[{"href":"https:\/\/vizomix.hu\/en\/wp-json\/wp\/v2\/types\/product"}],"replies":[{"embeddable":true,"href":"https:\/\/vizomix.hu\/en\/wp-json\/wp\/v2\/comments?post=256"}],"wp:featuredmedia":[{"embeddable":true,"href":"https:\/\/vizomix.hu\/en\/wp-json\/wp\/v2\/media\/254"}],"wp:attachment":[{"href":"https:\/\/vizomix.hu\/en\/wp-json\/wp\/v2\/media?parent=256"}],"wp:term":[{"taxonomy":"product_brand","embeddable":true,"href":"https:\/\/vizomix.hu\/en\/wp-json\/wp\/v2\/product_brand?post=256"},{"taxonomy":"product_cat","embeddable":true,"href":"https:\/\/vizomix.hu\/en\/wp-json\/wp\/v2\/product_cat?post=256"},{"taxonomy":"product_tag","embeddable":true,"href":"https:\/\/vizomix.hu\/en\/wp-json\/wp\/v2\/product_tag?post=256"}],"curies":[{"name":"wp","href":"https:\/\/api.w.org\/{rel}","templated":true}]}}