{"id":2537,"date":"2026-02-18T23:12:42","date_gmt":"2026-02-18T22:12:42","guid":{"rendered":"https:\/\/vizomix.hu\/termek\/calvin-klein-kek-polo\/"},"modified":"2026-03-19T23:18:27","modified_gmt":"2026-03-19T22:18:27","slug":"calvin-klein-kek-polo","status":"publish","type":"product","link":"https:\/\/vizomix.hu\/en\/product\/calvin-klein-kek-polo\/","title":{"rendered":"Calvin Klein blue t-shirt"},"content":{"rendered":"<p>Calvin Klein k\u00e9k p\u00f3l\u00f3 \u2013 6PU Dull Nile Blue<\/p>\n<p>Letisztult \u00e9s st\u00edlusos alapdarab a mindennapokra. Ez a Calvin Klein p\u00f3l\u00f3 k\u00e9k \u00e1rnyalatban (6PU Dull Nile Blue) k\u00e9sz\u00fclt, 100% pamut anyagb\u00f3l, \u00edgy puha \u00e9s l\u00e9g\u00e1tereszt\u0151 viseletet biztos\u00edt.<\/p>\n<p>Egyenes szab\u00e1s\u00fa (regular fit), klasszikus kerek nyakkiv\u00e1g\u00e1ssal \u00e9s r\u00f6vid ujjakkal. Az egysz\u00edn\u0171 (uni) kialak\u00edt\u00e1st a foltozott log\u00f3 teszi karakteress\u00e9 \u00e9s modernn\u00e9.<\/p>\n<p>M\u00e9retaj\u00e1nl\u00e1s: v\u00e1laszd a szok\u00e1sos m\u00e9reted.<br \/>\nKarbantart\u00e1s: g\u00e9pben moshat\u00f3.<\/p>\n<p>Ide\u00e1lis v\u00e1laszt\u00e1s h\u00e9tk\u00f6znapi \u00e9s sportosan eleg\u00e1ns outfitekhez.<\/p>","protected":false},"excerpt":{"rendered":"<p>Calvin Klein k\u00e9k p\u00f3l\u00f3 \u2013 6PU Dull Nile Blue Letisztult \u00e9s st\u00edlusos alapdarab a mindennapokra. Ez a Calvin Klein p\u00f3l\u00f3<a class=\"read-more\" href=\"https:\/\/vizomix.hu\/en\/product\/calvin-klein-kek-polo\/\">Tov\u00e1bb<\/a><\/p>","protected":false},"featured_media":6217,"comment_status":"open","ping_status":"closed","template":"","meta":[],"product_brand":[79],"product_cat":[121],"product_tag":[],"class_list":{"0":"post-2537","1":"product","2":"type-product","3":"status-publish","4":"has-post-thumbnail","6":"product_brand-calvin-klein","7":"product_cat-felso-ruhazat-triko-polo-felsoresz","9":"first","10":"instock","11":"taxable","12":"shipping-taxable","13":"purchasable","14":"product-type-variable","15":"add-to-wishlist-before_add_to_cart"},"supplier_id":null,"supplier_sku":"","barcode":null,"atum_controlled":true,"out_stock_date":null,"out_stock_threshold":null,"inheritable":false,"inbound_stock":0,"stock_on_hold":0,"sold_today":0,"sales_last_days":0,"reserved_stock":0,"customer_returns":0,"warehouse_damage":0,"lost_in_post":0,"other_logs":0,"out_stock_days":0,"lost_sales":0,"has_location":false,"update_date":"2026-03-19T22:18:28","atum_locations":[],"atum_stock_status":"instock","restock_status":false,"low_stock_amount":"","sales_update_date":"2026-03-16T14:40:10","calc_backorders":null,"_links":{"self":[{"href":"https:\/\/vizomix.hu\/en\/wp-json\/wp\/v2\/product\/2537","targetHints":{"allow":["GET"]}}],"collection":[{"href":"https:\/\/vizomix.hu\/en\/wp-json\/wp\/v2\/product"}],"about":[{"href":"https:\/\/vizomix.hu\/en\/wp-json\/wp\/v2\/types\/product"}],"replies":[{"embeddable":true,"href":"https:\/\/vizomix.hu\/en\/wp-json\/wp\/v2\/comments?post=2537"}],"wp:featuredmedia":[{"embeddable":true,"href":"https:\/\/vizomix.hu\/en\/wp-json\/wp\/v2\/media\/6217"}],"wp:attachment":[{"href":"https:\/\/vizomix.hu\/en\/wp-json\/wp\/v2\/media?parent=2537"}],"wp:term":[{"taxonomy":"product_brand","embeddable":true,"href":"https:\/\/vizomix.hu\/en\/wp-json\/wp\/v2\/product_brand?post=2537"},{"taxonomy":"product_cat","embeddable":true,"href":"https:\/\/vizomix.hu\/en\/wp-json\/wp\/v2\/product_cat?post=2537"},{"taxonomy":"product_tag","embeddable":true,"href":"https:\/\/vizomix.hu\/en\/wp-json\/wp\/v2\/product_tag?post=2537"}],"curies":[{"name":"wp","href":"https:\/\/api.w.org\/{rel}","templated":true}]}}