{"id":2528,"date":"2026-02-18T22:42:03","date_gmt":"2026-02-18T21:42:03","guid":{"rendered":"https:\/\/vizomix.hu\/termek\/boss-kek-pamut-polo\/"},"modified":"2026-03-18T13:20:13","modified_gmt":"2026-03-18T12:20:13","slug":"boss-kek-pamut-polo","status":"publish","type":"product","link":"https:\/\/vizomix.hu\/en\/product\/boss-kek-pamut-polo\/","title":{"rendered":"BOSS blue cotton T-shirt"},"content":{"rendered":"<p>BOSS pamut p\u00f3l\u00f3 \u2013 BETTER BOSS \/ BOSS RESPONSIBLE kollekci\u00f3<\/p>\n<p>K\u00e9nyelmes \u00e9s fenntarthat\u00f3bb v\u00e1laszt\u00e1s a mindennapokra. Ez a BOSS p\u00f3l\u00f3 l\u00e9gies, pamut k\u00f6t\u00f6tt anyagb\u00f3l k\u00e9sz\u00fclt, amely puha \u00e9s kellemes viseletet biztos\u00edt.<\/p>\n<p>A modell a BETTER BOSS term\u00e9kcsal\u00e1d r\u00e9sze, amelynek darabjai legal\u00e1bb 60%-ban k\u00f6rnyezetbar\u00e1tabb m\u00f3don el\u0151\u00e1ll\u00edtott anyagokb\u00f3l k\u00e9sz\u00fclnek. Emellett a BOSS RESPONSIBLE kollekci\u00f3hoz tartozik, amely a fenntarthat\u00f3bb gy\u00e1rt\u00e1si folyamatokra helyezi a hangs\u00falyt.<\/p>\n<p>Regular fazon\u00fa, klasszikus kerek nyakkiv\u00e1g\u00e1ssal \u00e9s r\u00f6vid ujjakkal. V\u00e9kony, enyh\u00e9n rugalmas anyaga k\u00e9nyelmes illeszked\u00e9st biztos\u00edt.<\/p>\n<p>Ide\u00e1lis v\u00e1laszt\u00e1s h\u00e9tk\u00f6znapi vagy sportosan eleg\u00e1ns outfitekhez.<\/p>","protected":false},"excerpt":{"rendered":"<p>BOSS pamut p\u00f3l\u00f3 \u2013 BETTER BOSS \/ BOSS RESPONSIBLE kollekci\u00f3 K\u00e9nyelmes \u00e9s fenntarthat\u00f3bb v\u00e1laszt\u00e1s a mindennapokra. Ez a BOSS p\u00f3l\u00f3<a class=\"read-more\" href=\"https:\/\/vizomix.hu\/en\/product\/boss-kek-pamut-polo\/\">Tov\u00e1bb<\/a><\/p>","protected":false},"featured_media":6196,"comment_status":"open","ping_status":"closed","template":"","meta":[],"product_brand":[85],"product_cat":[121],"product_tag":[],"class_list":{"0":"post-2528","1":"product","2":"type-product","3":"status-publish","4":"has-post-thumbnail","6":"product_brand-hugo-boss","7":"product_cat-felso-ruhazat-triko-polo-felsoresz","9":"first","10":"instock","11":"taxable","12":"shipping-taxable","13":"purchasable","14":"product-type-variable","15":"add-to-wishlist-before_add_to_cart"},"supplier_id":null,"supplier_sku":"","barcode":null,"atum_controlled":true,"out_stock_date":null,"out_stock_threshold":null,"inheritable":false,"inbound_stock":0,"stock_on_hold":0,"sold_today":0,"sales_last_days":0,"reserved_stock":0,"customer_returns":0,"warehouse_damage":0,"lost_in_post":0,"other_logs":0,"out_stock_days":0,"lost_sales":0,"has_location":false,"update_date":"2026-03-18T12:20:15","atum_locations":[],"atum_stock_status":"instock","restock_status":false,"low_stock_amount":"","sales_update_date":"2026-03-17T19:15:08","calc_backorders":null,"_links":{"self":[{"href":"https:\/\/vizomix.hu\/en\/wp-json\/wp\/v2\/product\/2528","targetHints":{"allow":["GET"]}}],"collection":[{"href":"https:\/\/vizomix.hu\/en\/wp-json\/wp\/v2\/product"}],"about":[{"href":"https:\/\/vizomix.hu\/en\/wp-json\/wp\/v2\/types\/product"}],"replies":[{"embeddable":true,"href":"https:\/\/vizomix.hu\/en\/wp-json\/wp\/v2\/comments?post=2528"}],"wp:featuredmedia":[{"embeddable":true,"href":"https:\/\/vizomix.hu\/en\/wp-json\/wp\/v2\/media\/6196"}],"wp:attachment":[{"href":"https:\/\/vizomix.hu\/en\/wp-json\/wp\/v2\/media?parent=2528"}],"wp:term":[{"taxonomy":"product_brand","embeddable":true,"href":"https:\/\/vizomix.hu\/en\/wp-json\/wp\/v2\/product_brand?post=2528"},{"taxonomy":"product_cat","embeddable":true,"href":"https:\/\/vizomix.hu\/en\/wp-json\/wp\/v2\/product_cat?post=2528"},{"taxonomy":"product_tag","embeddable":true,"href":"https:\/\/vizomix.hu\/en\/wp-json\/wp\/v2\/product_tag?post=2528"}],"curies":[{"name":"wp","href":"https:\/\/api.w.org\/{rel}","templated":true}]}}