{"id":2520,"date":"2026-02-18T22:30:32","date_gmt":"2026-02-18T21:30:32","guid":{"rendered":"https:\/\/vizomix.hu\/termek\/emporio-armani-kek-polo\/"},"modified":"2026-03-18T13:20:13","modified_gmt":"2026-03-18T12:20:13","slug":"emporio-armani-kek-polo","status":"publish","type":"product","link":"https:\/\/vizomix.hu\/en\/product\/emporio-armani-kek-polo\/","title":{"rendered":"Emporio Armani blue t-shirt"},"content":{"rendered":"<p>Emporio Armani blue t-shirt<\/p>\n<p>Letisztult \u00e9s pr\u00e9mium min\u0151s\u00e9g\u0171 alapdarab a mindennapokra. Ez az Emporio Armani p\u00f3l\u00f3 puha, l\u00e9g\u00e1tereszt\u0151 pamut anyagb\u00f3l k\u00e9sz\u00fclt, \u00edgy k\u00e9nyelmes viseletet biztos\u00edt eg\u00e9sz nap.<\/p>\n<p>Regular fazon\u00fa, klasszikus kerek nyakkiv\u00e1g\u00e1ssal \u00e9s r\u00f6vid ujjakkal k\u00e9sz\u00fclt, amely id\u0151t\u00e1ll\u00f3 \u00e9s k\u00f6nnyen kombin\u00e1lhat\u00f3 megjelen\u00e9st ad. V\u00e9kony, enyh\u00e9n rugalmas anyaga komfortos illeszked\u00e9st biztos\u00edt.<\/p>\n<p>Ide\u00e1lis v\u00e1laszt\u00e1s h\u00e9tk\u00f6znapi viselethez vagy sportosan eleg\u00e1ns outfitekhez.<\/p>","protected":false},"excerpt":{"rendered":"<p>Emporio Armani k\u00e9k p\u00f3l\u00f3 Letisztult \u00e9s pr\u00e9mium min\u0151s\u00e9g\u0171 alapdarab a mindennapokra. Ez az Emporio Armani p\u00f3l\u00f3 puha, l\u00e9g\u00e1tereszt\u0151 pamut anyagb\u00f3l<a class=\"read-more\" href=\"https:\/\/vizomix.hu\/en\/product\/emporio-armani-kek-polo\/\">Tov\u00e1bb<\/a><\/p>","protected":false},"featured_media":6191,"comment_status":"open","ping_status":"closed","template":"","meta":[],"product_brand":[95],"product_cat":[121],"product_tag":[],"class_list":{"0":"post-2520","1":"product","2":"type-product","3":"status-publish","4":"has-post-thumbnail","6":"product_brand-emporio-armani","7":"product_cat-felso-ruhazat-triko-polo-felsoresz","9":"first","10":"instock","11":"taxable","12":"shipping-taxable","13":"purchasable","14":"product-type-variable","15":"add-to-wishlist-before_add_to_cart"},"supplier_id":null,"supplier_sku":"","barcode":null,"atum_controlled":true,"out_stock_date":null,"out_stock_threshold":null,"inheritable":false,"inbound_stock":0,"stock_on_hold":0,"sold_today":0,"sales_last_days":0,"reserved_stock":0,"customer_returns":0,"warehouse_damage":0,"lost_in_post":0,"other_logs":0,"out_stock_days":0,"lost_sales":0,"has_location":false,"update_date":"2026-03-18T12:20:15","atum_locations":[],"atum_stock_status":"instock","restock_status":false,"low_stock_amount":"","sales_update_date":"2026-03-17T19:15:08","calc_backorders":null,"_links":{"self":[{"href":"https:\/\/vizomix.hu\/en\/wp-json\/wp\/v2\/product\/2520","targetHints":{"allow":["GET"]}}],"collection":[{"href":"https:\/\/vizomix.hu\/en\/wp-json\/wp\/v2\/product"}],"about":[{"href":"https:\/\/vizomix.hu\/en\/wp-json\/wp\/v2\/types\/product"}],"replies":[{"embeddable":true,"href":"https:\/\/vizomix.hu\/en\/wp-json\/wp\/v2\/comments?post=2520"}],"wp:featuredmedia":[{"embeddable":true,"href":"https:\/\/vizomix.hu\/en\/wp-json\/wp\/v2\/media\/6191"}],"wp:attachment":[{"href":"https:\/\/vizomix.hu\/en\/wp-json\/wp\/v2\/media?parent=2520"}],"wp:term":[{"taxonomy":"product_brand","embeddable":true,"href":"https:\/\/vizomix.hu\/en\/wp-json\/wp\/v2\/product_brand?post=2520"},{"taxonomy":"product_cat","embeddable":true,"href":"https:\/\/vizomix.hu\/en\/wp-json\/wp\/v2\/product_cat?post=2520"},{"taxonomy":"product_tag","embeddable":true,"href":"https:\/\/vizomix.hu\/en\/wp-json\/wp\/v2\/product_tag?post=2520"}],"curies":[{"name":"wp","href":"https:\/\/api.w.org\/{rel}","templated":true}]}}