{"id":2516,"date":"2026-02-18T22:25:34","date_gmt":"2026-02-18T21:25:34","guid":{"rendered":"https:\/\/vizomix.hu\/termek\/calvin-klein-barna-polo\/"},"modified":"2026-04-01T19:06:48","modified_gmt":"2026-04-01T17:06:48","slug":"calvin-klein-barna-polo","status":"publish","type":"product","link":"https:\/\/vizomix.hu\/en\/product\/calvin-klein-barna-polo\/","title":{"rendered":"Calvin Klein Jeans barna p\u00f3l\u00f3"},"content":{"rendered":"<p>Calvin Klein Jeans p\u00f3l\u00f3 \u2013 PDK Morel \u00e1rnyalat<\/p>\n<p>St\u00edlusos \u00e9s k\u00e9nyelmes alapdarab a mindennapokra. Ez a Calvin Klein p\u00f3l\u00f3 barna \u00e1rnyalatban (PDK Morel) k\u00e9sz\u00fclt, 100% pamut anyagb\u00f3l, \u00edgy puha \u00e9s l\u00e9g\u00e1tereszt\u0151 viseletet biztos\u00edt.<\/p>\n<p>Kerek nyakkiv\u00e1g\u00e1ssal \u00e9s r\u00f6vid ujjakkal rendelkezik, egyenes szab\u00e1s\u00e1nak k\u00f6sz\u00f6nhet\u0151en k\u00e9nyelmes \u00e9s j\u00f3l kombin\u00e1lhat\u00f3. A h\u00edmzett log\u00f3 eleg\u00e1ns, visszafogott r\u00e9szletk\u00e9nt emeli ki a megjelen\u00e9st.<\/p>\n<p>M\u00e9retaj\u00e1nl\u00e1s: v\u00e1laszd a szok\u00e1sos m\u00e9reted.<br \/>\nKarbantart\u00e1s: g\u00e9pben moshat\u00f3.<\/p>\n<p>Ide\u00e1lis v\u00e1laszt\u00e1s h\u00e9tk\u00f6znapi \u00e9s sportosan eleg\u00e1ns outfitekhez.<\/p>","protected":false},"excerpt":{"rendered":"<p>Calvin Klein Jeans p\u00f3l\u00f3 \u2013 PDK Morel \u00e1rnyalat St\u00edlusos \u00e9s k\u00e9nyelmes alapdarab a mindennapokra. Ez a Calvin Klein p\u00f3l\u00f3 barna<a class=\"read-more\" href=\"https:\/\/vizomix.hu\/en\/product\/calvin-klein-barna-polo\/\">Tov\u00e1bb<\/a><\/p>","protected":false},"featured_media":2513,"comment_status":"open","ping_status":"closed","template":"","meta":[],"product_brand":[78],"product_cat":[121],"product_tag":[],"class_list":{"0":"post-2516","1":"product","2":"type-product","3":"status-publish","4":"has-post-thumbnail","6":"product_brand-calvin-klein-jeans","7":"product_cat-felso-ruhazat-triko-polo-felsoresz","9":"first","10":"instock","11":"taxable","12":"shipping-taxable","13":"purchasable","14":"product-type-variable","15":"add-to-wishlist-before_add_to_cart"},"supplier_id":null,"supplier_sku":"","barcode":null,"atum_controlled":true,"out_stock_date":null,"out_stock_threshold":null,"inheritable":false,"inbound_stock":0,"stock_on_hold":0,"sold_today":0,"sales_last_days":0,"reserved_stock":0,"customer_returns":0,"warehouse_damage":0,"lost_in_post":0,"other_logs":0,"out_stock_days":0,"lost_sales":0,"has_location":false,"update_date":"2026-04-01T17:06:48","atum_locations":[],"atum_stock_status":"instock","restock_status":false,"low_stock_amount":"","sales_update_date":"2026-03-17T19:15:08","calc_backorders":null,"_links":{"self":[{"href":"https:\/\/vizomix.hu\/en\/wp-json\/wp\/v2\/product\/2516","targetHints":{"allow":["GET"]}}],"collection":[{"href":"https:\/\/vizomix.hu\/en\/wp-json\/wp\/v2\/product"}],"about":[{"href":"https:\/\/vizomix.hu\/en\/wp-json\/wp\/v2\/types\/product"}],"replies":[{"embeddable":true,"href":"https:\/\/vizomix.hu\/en\/wp-json\/wp\/v2\/comments?post=2516"}],"wp:featuredmedia":[{"embeddable":true,"href":"https:\/\/vizomix.hu\/en\/wp-json\/wp\/v2\/media\/2513"}],"wp:attachment":[{"href":"https:\/\/vizomix.hu\/en\/wp-json\/wp\/v2\/media?parent=2516"}],"wp:term":[{"taxonomy":"product_brand","embeddable":true,"href":"https:\/\/vizomix.hu\/en\/wp-json\/wp\/v2\/product_brand?post=2516"},{"taxonomy":"product_cat","embeddable":true,"href":"https:\/\/vizomix.hu\/en\/wp-json\/wp\/v2\/product_cat?post=2516"},{"taxonomy":"product_tag","embeddable":true,"href":"https:\/\/vizomix.hu\/en\/wp-json\/wp\/v2\/product_tag?post=2516"}],"curies":[{"name":"wp","href":"https:\/\/api.w.org\/{rel}","templated":true}]}}