{"id":2492,"date":"2026-02-18T22:10:25","date_gmt":"2026-02-18T21:10:25","guid":{"rendered":"https:\/\/vizomix.hu\/termek\/ralph-lauren-ferfi-boxeralso-szett\/"},"modified":"2026-03-18T13:20:14","modified_gmt":"2026-03-18T12:20:14","slug":"ralph-lauren-ferfi-boxeralso-szett","status":"publish","type":"product","link":"https:\/\/vizomix.hu\/en\/product\/ralph-lauren-ferfi-boxeralso-szett\/","title":{"rendered":"Ralph Lauren men's boxer briefs set"},"content":{"rendered":"<p>Ralph Lauren f\u00e9rfi boxerals\u00f3 szett \u2013 3 db-os csomag (001 3PK Blues)<\/p>\n<p>K\u00e9nyelmes \u00e9s pr\u00e9mium min\u0151s\u00e9g\u0171 alapdarab a mindennapokra. Ez a Ralph Lauren 3 darabos csomag k\u00e9k \u00e1rnyalat\u00fa boxerals\u00f3kat tartalmaz, eleg\u00e1ns, letisztult megjelen\u00e9ssel.<\/p>\n<p>A 95% pamut \u00e9s 5% elaszt\u00e1n \u00f6sszet\u00e9tel puha, l\u00e9g\u00e1tereszt\u0151 \u00e9s rugalmas viseletet biztos\u00edt. Az intarzi\u00e1s log\u00f3 ig\u00e9nyes, min\u0151s\u00e9gi r\u00e9szletk\u00e9nt emeli ki a darabokat.<\/p>\n<p>Dobozban ker\u00fcl \u00e9rt\u00e9kes\u00edt\u00e9sre, \u00edgy aj\u00e1nd\u00e9knak is ide\u00e1lis v\u00e1laszt\u00e1s.<\/p>\n<p>M\u00e9retaj\u00e1nl\u00e1s: v\u00e1laszd a szok\u00e1sos m\u00e9reted.<br \/>\nKarbantart\u00e1s: g\u00e9pben moshat\u00f3.<\/p>","protected":false},"excerpt":{"rendered":"<p>Ralph Lauren f\u00e9rfi boxerals\u00f3 szett \u2013 3 db-os csomag (001 3PK Blues) K\u00e9nyelmes \u00e9s pr\u00e9mium min\u0151s\u00e9g\u0171 alapdarab a mindennapokra. Ez<a class=\"read-more\" href=\"https:\/\/vizomix.hu\/en\/product\/ralph-lauren-ferfi-boxeralso-szett\/\">Tov\u00e1bb<\/a><\/p>","protected":false},"featured_media":2491,"comment_status":"open","ping_status":"closed","template":"","meta":[],"product_brand":[84],"product_cat":[120],"product_tag":[],"class_list":{"0":"post-2492","1":"product","2":"type-product","3":"status-publish","4":"has-post-thumbnail","6":"product_brand-ralph-lauren","7":"product_cat-alsonemuk","9":"first","10":"instock","11":"taxable","12":"shipping-taxable","13":"purchasable","14":"product-type-variable","15":"add-to-wishlist-before_add_to_cart"},"supplier_id":null,"supplier_sku":"","barcode":null,"atum_controlled":true,"out_stock_date":null,"out_stock_threshold":null,"inheritable":false,"inbound_stock":0,"stock_on_hold":0,"sold_today":0,"sales_last_days":0,"reserved_stock":0,"customer_returns":0,"warehouse_damage":0,"lost_in_post":0,"other_logs":0,"out_stock_days":0,"lost_sales":0,"has_location":false,"update_date":"2026-03-18T12:20:15","atum_locations":[],"atum_stock_status":"instock","restock_status":false,"low_stock_amount":"","sales_update_date":"2026-03-17T19:15:08","calc_backorders":null,"_links":{"self":[{"href":"https:\/\/vizomix.hu\/en\/wp-json\/wp\/v2\/product\/2492","targetHints":{"allow":["GET"]}}],"collection":[{"href":"https:\/\/vizomix.hu\/en\/wp-json\/wp\/v2\/product"}],"about":[{"href":"https:\/\/vizomix.hu\/en\/wp-json\/wp\/v2\/types\/product"}],"replies":[{"embeddable":true,"href":"https:\/\/vizomix.hu\/en\/wp-json\/wp\/v2\/comments?post=2492"}],"wp:featuredmedia":[{"embeddable":true,"href":"https:\/\/vizomix.hu\/en\/wp-json\/wp\/v2\/media\/2491"}],"wp:attachment":[{"href":"https:\/\/vizomix.hu\/en\/wp-json\/wp\/v2\/media?parent=2492"}],"wp:term":[{"taxonomy":"product_brand","embeddable":true,"href":"https:\/\/vizomix.hu\/en\/wp-json\/wp\/v2\/product_brand?post=2492"},{"taxonomy":"product_cat","embeddable":true,"href":"https:\/\/vizomix.hu\/en\/wp-json\/wp\/v2\/product_cat?post=2492"},{"taxonomy":"product_tag","embeddable":true,"href":"https:\/\/vizomix.hu\/en\/wp-json\/wp\/v2\/product_tag?post=2492"}],"curies":[{"name":"wp","href":"https:\/\/api.w.org\/{rel}","templated":true}]}}