{"id":2440,"date":"2026-02-18T21:41:22","date_gmt":"2026-02-18T20:41:22","guid":{"rendered":"https:\/\/vizomix.hu\/termek\/calvin-klein-feher-es-lila-polo\/"},"modified":"2026-03-19T23:18:36","modified_gmt":"2026-03-19T22:18:36","slug":"calvin-klein-feher-es-lila-polo","status":"publish","type":"product","link":"https:\/\/vizomix.hu\/en\/product\/calvin-klein-feher-es-lila-polo\/","title":{"rendered":"Calvin Klein white and purple t-shirt"},"content":{"rendered":"<p>Calvin Klein white and purple t-shirt<\/p>\n<p>St\u00edlusos \u00e9s k\u00e9nyelmes alapdarab a mindennapokra. Ez a Calvin Klein feh\u00e9r \u00e9s lila sz\u00ednkombin\u00e1ci\u00f3j\u00fa p\u00f3l\u00f3 100% pamutb\u00f3l k\u00e9sz\u00fclt, \u00edgy puha \u00e9s l\u00e9g\u00e1tereszt\u0151 viseletet biztos\u00edt.<\/p>\n<p>Kerek nyakkiv\u00e1g\u00e1ssal \u00e9s r\u00f6vid ujjakkal k\u00e9sz\u00fclt, klasszikus, j\u00f3l kombin\u00e1lhat\u00f3 fazonban. A foltozott log\u00f3 modern, karakteres r\u00e9szletk\u00e9nt emeli ki a megjelen\u00e9st.<\/p>\n<p>M\u00e9retaj\u00e1nl\u00e1s: v\u00e1laszd a szok\u00e1sos m\u00e9reted.<br \/>\nKarbantart\u00e1s: g\u00e9pben moshat\u00f3.<\/p>\n<p>Ide\u00e1lis v\u00e1laszt\u00e1s sportos \u00e9s h\u00e9tk\u00f6znapi outfitekhez egyar\u00e1nt.<\/p>","protected":false},"excerpt":{"rendered":"<p>Calvin Klein feh\u00e9r \u00e9s lila p\u00f3l\u00f3 St\u00edlusos \u00e9s k\u00e9nyelmes alapdarab a mindennapokra. Ez a Calvin Klein feh\u00e9r \u00e9s lila sz\u00ednkombin\u00e1ci\u00f3j\u00fa<a class=\"read-more\" href=\"https:\/\/vizomix.hu\/en\/product\/calvin-klein-feher-es-lila-polo\/\">Tov\u00e1bb<\/a><\/p>","protected":false},"featured_media":2437,"comment_status":"open","ping_status":"closed","template":"","meta":[],"product_brand":[79],"product_cat":[121],"product_tag":[],"class_list":{"0":"post-2440","1":"product","2":"type-product","3":"status-publish","4":"has-post-thumbnail","6":"product_brand-calvin-klein","7":"product_cat-felso-ruhazat-triko-polo-felsoresz","9":"first","10":"instock","11":"taxable","12":"shipping-taxable","13":"purchasable","14":"product-type-variable","15":"add-to-wishlist-before_add_to_cart"},"supplier_id":null,"supplier_sku":"","barcode":null,"atum_controlled":true,"out_stock_date":null,"out_stock_threshold":null,"inheritable":false,"inbound_stock":0,"stock_on_hold":0,"sold_today":0,"sales_last_days":0,"reserved_stock":0,"customer_returns":0,"warehouse_damage":0,"lost_in_post":0,"other_logs":0,"out_stock_days":0,"lost_sales":0,"has_location":false,"update_date":"2026-03-19T22:18:37","atum_locations":[],"atum_stock_status":"instock","restock_status":false,"low_stock_amount":"","sales_update_date":"2026-03-17T19:15:08","calc_backorders":null,"_links":{"self":[{"href":"https:\/\/vizomix.hu\/en\/wp-json\/wp\/v2\/product\/2440","targetHints":{"allow":["GET"]}}],"collection":[{"href":"https:\/\/vizomix.hu\/en\/wp-json\/wp\/v2\/product"}],"about":[{"href":"https:\/\/vizomix.hu\/en\/wp-json\/wp\/v2\/types\/product"}],"replies":[{"embeddable":true,"href":"https:\/\/vizomix.hu\/en\/wp-json\/wp\/v2\/comments?post=2440"}],"wp:featuredmedia":[{"embeddable":true,"href":"https:\/\/vizomix.hu\/en\/wp-json\/wp\/v2\/media\/2437"}],"wp:attachment":[{"href":"https:\/\/vizomix.hu\/en\/wp-json\/wp\/v2\/media?parent=2440"}],"wp:term":[{"taxonomy":"product_brand","embeddable":true,"href":"https:\/\/vizomix.hu\/en\/wp-json\/wp\/v2\/product_brand?post=2440"},{"taxonomy":"product_cat","embeddable":true,"href":"https:\/\/vizomix.hu\/en\/wp-json\/wp\/v2\/product_cat?post=2440"},{"taxonomy":"product_tag","embeddable":true,"href":"https:\/\/vizomix.hu\/en\/wp-json\/wp\/v2\/product_tag?post=2440"}],"curies":[{"name":"wp","href":"https:\/\/api.w.org\/{rel}","templated":true}]}}